{"id":761861,"date":"2025-08-28T09:50:11","date_gmt":"2025-08-28T06:50:11","guid":{"rendered":"https:\/\/roveyayinevi.com.tr\/index.php\/urun\/umudun-yaratilisi\/"},"modified":"2026-04-15T03:27:04","modified_gmt":"2026-04-15T00:27:04","slug":"umudun-yaratilisi","status":"publish","type":"product","link":"https:\/\/roveyayinevi.com.tr\/index.php\/urun\/umudun-yaratilisi\/","title":{"rendered":"Umudun Yarat\u0131l\u0131\u015f\u0131"},"content":{"rendered":"<p>T\u00fcrkiye\u2019de Cumhuriyet\u00e7i muhalefetin yak\u0131n d\u00f6nemde kazand\u0131\u011f\u0131 en b\u00fcy\u00fck ba\u015far\u0131 olan 31 Mart 2024 yerel se\u00e7im zaferini yaratan birle\u015ftirici ruhun se\u00e7men nezdindeki altyap\u0131s\u0131n\u0131, 2019\u2019daki yerel se\u00e7imlerde yap\u0131lan i\u015fbirli\u011fi olu\u015fturmu\u015ftu. \u201cMillet \u0130ttifak\u0131\u201d bile\u015fenlerinin bir araya geldi\u011fi bu i\u015fbirli\u011fi s\u00fcrecinin g\u00f6r\u00fcnmeyen mimarlar\u0131ndan B\u00fclent G\u00fcrsoy, \u201cAlt\u0131l\u0131 Masa\u201d olarak bilinen yap\u0131n\u0131n kurulu\u015f a\u015famalar\u0131n\u0131, 2023 se\u00e7imlerine giderken Alt\u0131l\u0131 Masa\u2019da ya\u015fanan g\u00f6r\u00fc\u015f ayr\u0131l\u0131klar\u0131n\u0131, i\u00e7 \u00e7at\u0131\u015fmalar\u0131, CHP\u2019nin be \u0130Y\u0130 Parti\u2019nin tutumlar\u0131n\u0131 ve Meral Ak\u015fener\u2019in Masadan kalk\u0131\u015f \u00f6yk\u00fcs\u00fcn\u00fc i\u00e7eriden g\u00f6zlemlerle, g\u00fcn\u00fc g\u00fcn\u00fcne aktar\u0131yor ve tarihe not d\u00fc\u015f\u00fcyoruz. Bu t\u00fcr tarihsel d\u00f6neme\u00e7lerde \u201cayr\u0131nt\u0131\u201d olarak alg\u0131lanan noktalar\u0131n t\u00fcm \u00e7\u0131plakl\u0131\u011f\u0131yla anlat\u0131lmas\u0131, yak\u0131n demokrasi tarihimizde \u00e7ok g\u00f6r\u00fclm\u00fc\u015f bir durum de\u011fil. Bu nedenle Umudun Yarat\u0131l\u0131\u015f\u0131, bilinmeyenleri t\u00fcm ger\u00e7ekli\u011fiyle ortaya koyuyor, gelece\u011fe deneyim aktar\u0131yor ve ileride ya\u015fanmas\u0131 olas\u0131 benzer s\u00fcre\u00e7lere \u0131\u015f\u0131k tutuyor. \u201cUmudu yeniden yaratmak i\u00e7in her seferinde yeniden ba\u015flayabiliriz ve ba\u015flamal\u0131y\u0131z\u2026\u201d <\/p>\n","protected":false},"excerpt":{"rendered":"<p>T\u00fcrkiye\u2019de Cumhuriyet\u00e7i muhalefetin yak\u0131n d\u00f6nemde kazand\u0131\u011f\u0131 en b\u00fcy\u00fck ba\u015far\u0131 olan 31 Mart 2024 yerel se\u00e7im zaferini yaratan birle\u015ftirici ruhun se\u00e7men nezdindeki altyap\u0131s\u0131n\u0131, 2019\u2019daki yerel se\u00e7imlerde yap\u0131lan<span class=\"excerpt-hellip\"> [\u2026]<\/span><\/p>\n","protected":false},"featured_media":0,"template":"","meta":{"_monsterinsights_skip_tracking":false,"_monsterinsights_sitenote_active":false,"_monsterinsights_sitenote_note":"","_monsterinsights_sitenote_category":0},"product_brand":[],"product_cat":[13590,12337],"product_tag":[],"class_list":{"0":"post-761861","1":"product","2":"type-product","3":"status-publish","5":"product_cat-arastirma-inceleme-politika-siyaset","6":"product_cat-politika-siyaset","7":"pa_cilt-ciltsiz","8":"pa_tur-kitap","9":"pa_yayinevi-cumhuriyet-kitaplari","10":"pa_yazar-bulent-gursoy","12":"first","13":"instock","14":"sale","15":"shipping-taxable","16":"purchasable","17":"product-type-simple"},"_links":{"self":[{"href":"https:\/\/roveyayinevi.com.tr\/index.php\/wp-json\/wp\/v2\/product\/761861","targetHints":{"allow":["GET"]}}],"collection":[{"href":"https:\/\/roveyayinevi.com.tr\/index.php\/wp-json\/wp\/v2\/product"}],"about":[{"href":"https:\/\/roveyayinevi.com.tr\/index.php\/wp-json\/wp\/v2\/types\/product"}],"wp:attachment":[{"href":"https:\/\/roveyayinevi.com.tr\/index.php\/wp-json\/wp\/v2\/media?parent=761861"}],"wp:term":[{"taxonomy":"product_brand","embeddable":true,"href":"https:\/\/roveyayinevi.com.tr\/index.php\/wp-json\/wp\/v2\/product_brand?post=761861"},{"taxonomy":"product_cat","embeddable":true,"href":"https:\/\/roveyayinevi.com.tr\/index.php\/wp-json\/wp\/v2\/product_cat?post=761861"},{"taxonomy":"product_tag","embeddable":true,"href":"https:\/\/roveyayinevi.com.tr\/index.php\/wp-json\/wp\/v2\/product_tag?post=761861"}],"curies":[{"name":"wp","href":"https:\/\/api.w.org\/{rel}","templated":true}]}}