{"id":761860,"date":"2025-08-28T09:50:08","date_gmt":"2025-08-28T06:50:08","guid":{"rendered":"https:\/\/roveyayinevi.com.tr\/index.php\/urun\/cilelerin-cinari\/"},"modified":"2026-04-15T03:27:04","modified_gmt":"2026-04-15T00:27:04","slug":"cilelerin-cinari","status":"publish","type":"product","link":"https:\/\/roveyayinevi.com.tr\/index.php\/urun\/cilelerin-cinari\/","title":{"rendered":"\u00c7ilelerin \u00c7\u0131nar\u0131"},"content":{"rendered":"<p>Elinizdeki kitap, babas\u0131n\u0131 14 ya\u015f\u0131nda kaybederek yetim kalan yoksul ve e\u011fitimsiz bir k\u00f6yl\u00fc \u00e7ocu\u011fun ya\u015fam ser\u00fcveninin ibret ve ac\u0131larla dolu \u00f6zetidir. Yazar kendi ya\u015fam\u0131n\u0131 anlat\u0131rken asl\u0131nda T\u00fcrkiye\u2019yi T\u00fcrk toplumunu da hik\u00e2ye etmektedir. Kitab\u0131n siyasi ve toplumsal amac\u0131, yazar\u0131n hedef ve hayallerinin \u00f6n\u00fcndeki granit kayalar\u0131n ve yal\u00e7\u0131n da\u011flar\u0131 t\u0131rnaklar\u0131 ile delerek parlamento \u00fcyeli\u011fine kadar uzanan ya\u015fam kavgas\u0131nda ba\u015f\u0131ndan ge\u00e7en ve g\u00f6zlemledi\u011fi olaylar\u0131 \u015fiirsel bir ak\u0131c\u0131l\u0131k i\u00e7inde, ger\u00e7e\u011fe tamamen sad\u0131k kalarak okuyucularla bulu\u015fmaktad\u0131r. Ya\u015far\u0131n ya\u015fam\u0131ndaki \u00e7arp\u0131c\u0131l\u0131k 9 ya\u015f\u0131nda Kur\u2019an kursu bitirmesinin ard\u0131ndan, 10 y\u0131la yak\u0131n medrese k\u00f6kenli \u2018\u00e2limlerin\u2019 rahle-i tedrisinden ge\u00e7mi\u015f ama ya\u015fam\u0131n her alan\u0131nda azgeli\u015fmi\u015f bir \u00fclke olan T\u00fcrkiye\u2019de uygarl\u0131\u011fa varan \u2018ana arterin\u2019 Atat\u00fcrk Devrimlerine ve Cumhuriyet\u2019in temel de\u011ferlerine sahip \u00e7\u0131kmaktan ge\u00e7ti\u011finin bilincine ula\u015fm\u0131\u015f olmas\u0131d\u0131r. Gani A\u015f\u0131k\u2019\u0131n m\u00fcft\u00fcl\u00fckten milletvekilli\u011fine uzanan ya\u015fam\u00f6yk\u00fcs\u00fcn\u00fc okurken, Atat\u00fcrk T\u00fcrkiyesi yolunda verilen inan\u00e7l\u0131 m\u00fccadelelere ve \u00f6denen bedellere tan\u0131kl\u0131k edeceksiniz\u2026 <\/p>\n","protected":false},"excerpt":{"rendered":"<p>Elinizdeki kitap, babas\u0131n\u0131 14 ya\u015f\u0131nda kaybederek yetim kalan yoksul ve e\u011fitimsiz bir k\u00f6yl\u00fc \u00e7ocu\u011fun ya\u015fam ser\u00fcveninin ibret ve ac\u0131larla dolu \u00f6zetidir. Yazar kendi ya\u015fam\u0131n\u0131 anlat\u0131rken asl\u0131nda<span class=\"excerpt-hellip\"> [\u2026]<\/span><\/p>\n","protected":false},"featured_media":0,"template":"","meta":{"_monsterinsights_skip_tracking":false,"_monsterinsights_sitenote_active":false,"_monsterinsights_sitenote_note":"","_monsterinsights_sitenote_category":0},"product_brand":[],"product_cat":[12291,18202],"product_tag":[],"class_list":{"0":"post-761860","1":"product","2":"type-product","3":"status-publish","5":"product_cat-edebiyat","6":"product_cat-hikaye","7":"pa_cilt-ciltsiz","8":"pa_tur-kitap","9":"pa_yayinevi-cumhuriyet-kitaplari","10":"pa_yazar-gani-asik","12":"first","13":"instock","14":"sale","15":"shipping-taxable","16":"purchasable","17":"product-type-simple"},"_links":{"self":[{"href":"https:\/\/roveyayinevi.com.tr\/index.php\/wp-json\/wp\/v2\/product\/761860","targetHints":{"allow":["GET"]}}],"collection":[{"href":"https:\/\/roveyayinevi.com.tr\/index.php\/wp-json\/wp\/v2\/product"}],"about":[{"href":"https:\/\/roveyayinevi.com.tr\/index.php\/wp-json\/wp\/v2\/types\/product"}],"wp:attachment":[{"href":"https:\/\/roveyayinevi.com.tr\/index.php\/wp-json\/wp\/v2\/media?parent=761860"}],"wp:term":[{"taxonomy":"product_brand","embeddable":true,"href":"https:\/\/roveyayinevi.com.tr\/index.php\/wp-json\/wp\/v2\/product_brand?post=761860"},{"taxonomy":"product_cat","embeddable":true,"href":"https:\/\/roveyayinevi.com.tr\/index.php\/wp-json\/wp\/v2\/product_cat?post=761860"},{"taxonomy":"product_tag","embeddable":true,"href":"https:\/\/roveyayinevi.com.tr\/index.php\/wp-json\/wp\/v2\/product_tag?post=761860"}],"curies":[{"name":"wp","href":"https:\/\/api.w.org\/{rel}","templated":true}]}}