{"id":761859,"date":"2025-08-28T09:50:07","date_gmt":"2025-08-28T06:50:07","guid":{"rendered":"https:\/\/roveyayinevi.com.tr\/index.php\/urun\/neden-k-pop-ciltli\/"},"modified":"2026-04-15T03:27:04","modified_gmt":"2026-04-15T00:27:04","slug":"neden-k-pop-ciltli","status":"publish","type":"product","link":"https:\/\/roveyayinevi.com.tr\/index.php\/urun\/neden-k-pop-ciltli\/","title":{"rendered":"Neden? K-POP (Ciltli)"},"content":{"rendered":"<p>Tu\u0308m du\u0308nyay\u0131 etkisi alt\u0131na alan K-POP ve onun merkezinde BTS! K-POP\u2019ta tu\u0308m du\u0308nyay\u0131 bu kadar \u00e7\u0131lg\u0131na \u00e7eviren \u015fey nedir? Neden? K-POP insanlar\u0131n kalbini fetheden K-POP\u2019un ne oldu\u011funu, nas\u0131l geli\u015fti\u011fini, insanlar u\u0308zerindeki etkisini ve K-POP\u2019a dair akl\u0131n\u0131za gelebilecek daha pek \u015feyi i\u00e7erir. Neden? Be\u015feri ve Sosyal Bilimler \u00c7izgi Romanlar\u0131: Be\u015feri ve sosyal bilimlere ait \u00e7e\u015fitli konular\u0131 k\u0131saca a\u00e7\u0131klayarak matematik, sosyal bilgiler, sanat ve beden e\u011fitimi alanlar\u0131ndaki \u00f6\u011frenme becerilerini, tan\u0131mlay\u0131c\u0131 problemler yoluyla mant\u0131k ve yarat\u0131c\u0131l\u0131\u011f\u0131 geli\u015ftirir. Ayr\u0131ca \u00e7ocuklar\u0131n dengeli, bilgili ve erdemli bireyler olarak yeti\u015fmeleri i\u00e7in gu\u0308\u00e7lu\u0308 bir temel olu\u015fturmay\u0131 ama\u00e7lar.<\/p>\n","protected":false},"excerpt":{"rendered":"<p>Tu\u0308m du\u0308nyay\u0131 etkisi alt\u0131na alan K-POP ve onun merkezinde BTS! K-POP\u2019ta tu\u0308m du\u0308nyay\u0131 bu kadar \u00e7\u0131lg\u0131na \u00e7eviren \u015fey nedir? Neden? K-POP insanlar\u0131n kalbini fetheden K-POP\u2019un ne<span class=\"excerpt-hellip\"> [\u2026]<\/span><\/p>\n","protected":false},"featured_media":0,"template":"","meta":{"_monsterinsights_skip_tracking":false,"_monsterinsights_sitenote_active":false,"_monsterinsights_sitenote_note":"","_monsterinsights_sitenote_category":0},"product_brand":[],"product_cat":[12275,12274],"product_tag":[],"class_list":{"0":"post-761859","1":"product","2":"type-product","3":"status-publish","5":"product_cat-6-12-yas-kitaplari","6":"product_cat-cocuk-ve-genclik-kitaplari","7":"pa_cilt-ciltli","8":"pa_tur-kitap","9":"pa_yayinevi-eksik-parca-yayinlari","10":"pa_yazar-bangkok-cat","12":"first","13":"instock","14":"sale","15":"shipping-taxable","16":"purchasable","17":"product-type-simple"},"_links":{"self":[{"href":"https:\/\/roveyayinevi.com.tr\/index.php\/wp-json\/wp\/v2\/product\/761859","targetHints":{"allow":["GET"]}}],"collection":[{"href":"https:\/\/roveyayinevi.com.tr\/index.php\/wp-json\/wp\/v2\/product"}],"about":[{"href":"https:\/\/roveyayinevi.com.tr\/index.php\/wp-json\/wp\/v2\/types\/product"}],"wp:attachment":[{"href":"https:\/\/roveyayinevi.com.tr\/index.php\/wp-json\/wp\/v2\/media?parent=761859"}],"wp:term":[{"taxonomy":"product_brand","embeddable":true,"href":"https:\/\/roveyayinevi.com.tr\/index.php\/wp-json\/wp\/v2\/product_brand?post=761859"},{"taxonomy":"product_cat","embeddable":true,"href":"https:\/\/roveyayinevi.com.tr\/index.php\/wp-json\/wp\/v2\/product_cat?post=761859"},{"taxonomy":"product_tag","embeddable":true,"href":"https:\/\/roveyayinevi.com.tr\/index.php\/wp-json\/wp\/v2\/product_tag?post=761859"}],"curies":[{"name":"wp","href":"https:\/\/api.w.org\/{rel}","templated":true}]}}