{"id":761857,"date":"2025-08-28T09:50:04","date_gmt":"2025-08-28T06:50:04","guid":{"rendered":"https:\/\/roveyayinevi.com.tr\/index.php\/urun\/15-ornekle-adim-adim-aciklamali-teknik-analiz\/"},"modified":"2026-04-15T03:27:04","modified_gmt":"2026-04-15T00:27:04","slug":"15-ornekle-adim-adim-aciklamali-teknik-analiz","status":"publish","type":"product","link":"https:\/\/roveyayinevi.com.tr\/index.php\/urun\/15-ornekle-adim-adim-aciklamali-teknik-analiz\/","title":{"rendered":"15 O\u0308rnekle Ad\u0131m Ad\u0131m Ac\u0327\u0131klamal\u0131 Teknik Analiz"},"content":{"rendered":"<p>\u201c\u0130\u015fte, bu kitab\u0131 yazmaktaki amac\u0131m; kimseye ba\u011fl\u0131 kalmadan, hi\u00e7bir \u015firket alt\u0131nda \u00e7al\u0131\u015fmadan, kimseyle ileti\u015fim kurmak zorunda olmadan, istedi\u011fi yerde ve zamanda, sadece fiyat hareketlerini yorumlayarak do\u011fru zamanda do\u011fru pozisyon almay\u0131 ve kendi paras\u0131n\u0131 kazanmay\u0131 hayal eden bir nesle teknik analizi \u00f6\u011fretmek\u2026 \u00c7\u00fcnk\u00fc bu engellerin hepsine ben de tak\u0131ld\u0131m, ben de bu \u00e7ukurlara d\u00fc\u015ft\u00fcm, ben de t\u00f6kezledim ama tekrar aya\u011fa kalk\u0131p y\u00fcr\u00fcmeye devam ettim.\u201d   \u00d6yleyse nedir bu teknik analiz? \u0130brahim Babada\u011f\u0131, bu sorunun yan\u0131t\u0131n\u0131 hem s\u0131k\u00e7a kullan\u0131lan teknik analiz y\u00f6ntemlerini sade bir dille a\u00e7\u0131klayarak veriyor hem de teknik analizin asl\u0131nda amat\u00f6r \u00e7o\u011funluk taraf\u0131ndan yanl\u0131\u015f bilinen bir \u201cgelece\u011fi tahminleme arac\u0131\u201d de\u011fil, profesyonel az\u0131nl\u0131\u011f\u0131n bildi\u011fi \u015fekliyle bir risk y\u00f6netim arac\u0131, bir risk hesap makinesi oldu\u011funun alt\u0131n\u0131 \u00e7iziyor. Rehber niteli\u011findeki 15 \u00d6rnekle Ad\u0131m Ad\u0131m Teknik Analiz borsa merakl\u0131lar\u0131n\u0131n kafas\u0131ndaki soru i\u015faretlerini tek tek gidererek, okurlara farkl\u0131 bak\u0131\u015f a\u00e7\u0131lar\u0131 kazand\u0131r\u0131yor.<\/p>\n","protected":false},"excerpt":{"rendered":"<p>\u201c\u0130\u015fte, bu kitab\u0131 yazmaktaki amac\u0131m; kimseye ba\u011fl\u0131 kalmadan, hi\u00e7bir \u015firket alt\u0131nda \u00e7al\u0131\u015fmadan, kimseyle ileti\u015fim kurmak zorunda olmadan, istedi\u011fi yerde ve zamanda, sadece fiyat hareketlerini yorumlayarak do\u011fru<span class=\"excerpt-hellip\"> [\u2026]<\/span><\/p>\n","protected":false},"featured_media":0,"template":"","meta":{"_monsterinsights_skip_tracking":false,"_monsterinsights_sitenote_active":false,"_monsterinsights_sitenote_note":"","_monsterinsights_sitenote_category":0},"product_brand":[],"product_cat":[13043,19008],"product_tag":[],"class_list":{"0":"post-761857","1":"product","2":"type-product","3":"status-publish","5":"product_cat-ekonomi","6":"product_cat-yonetim","7":"pa_cilt-ciltsiz","8":"pa_tur-kitap","9":"pa_yayinevi-epsilon-yayinlari","10":"pa_yazar-ibrahim-babadagi","12":"first","13":"instock","14":"sale","15":"shipping-taxable","16":"purchasable","17":"product-type-simple"},"_links":{"self":[{"href":"https:\/\/roveyayinevi.com.tr\/index.php\/wp-json\/wp\/v2\/product\/761857","targetHints":{"allow":["GET"]}}],"collection":[{"href":"https:\/\/roveyayinevi.com.tr\/index.php\/wp-json\/wp\/v2\/product"}],"about":[{"href":"https:\/\/roveyayinevi.com.tr\/index.php\/wp-json\/wp\/v2\/types\/product"}],"wp:attachment":[{"href":"https:\/\/roveyayinevi.com.tr\/index.php\/wp-json\/wp\/v2\/media?parent=761857"}],"wp:term":[{"taxonomy":"product_brand","embeddable":true,"href":"https:\/\/roveyayinevi.com.tr\/index.php\/wp-json\/wp\/v2\/product_brand?post=761857"},{"taxonomy":"product_cat","embeddable":true,"href":"https:\/\/roveyayinevi.com.tr\/index.php\/wp-json\/wp\/v2\/product_cat?post=761857"},{"taxonomy":"product_tag","embeddable":true,"href":"https:\/\/roveyayinevi.com.tr\/index.php\/wp-json\/wp\/v2\/product_tag?post=761857"}],"curies":[{"name":"wp","href":"https:\/\/api.w.org\/{rel}","templated":true}]}}