{"id":761855,"date":"2025-08-28T09:50:00","date_gmt":"2025-08-28T06:50:00","guid":{"rendered":"https:\/\/roveyayinevi.com.tr\/index.php\/urun\/tagut\/"},"modified":"2026-04-15T03:27:04","modified_gmt":"2026-04-15T00:27:04","slug":"tagut","status":"publish","type":"product","link":"https:\/\/roveyayinevi.com.tr\/index.php\/urun\/tagut\/","title":{"rendered":"Ta\u011fut"},"content":{"rendered":"<p>B\u0130R SONER YAL\u00c7IN ARA\u015eTIRMASI   Kimi Sion Liderlerinin Protokollerine\u2026 Kimi Cizvitler\u2019in Gizli Talimatlar\u0131na\u2026 Kimi Barnabas \u0130ncil\u2019ine\u2026 Kimi Alt\u0131n \u015eafak Hermetik Cemiyeti\u2019ne\u2026 Kimi Frans\u0131z Devrimi\u2019ni \u0130lluminati\u2019nin ger\u00e7ekle\u015ftirdi\u011fine\u2026 Kimi Titanik\u2019i masonlar\u0131n bat\u0131rd\u0131\u011f\u0131na\u2026 Kimi Yahudi bankerlerin Marks\u2019\u0131 solun i\u00e7ine soktu\u011funa\u2026 Kimi Nazilerin tasarlad\u0131\u011f\u0131 UFO ile Hitler\u2019in kutuplara ka\u00e7t\u0131\u011f\u0131na\u2026 Kimi Atat\u00fcrk\u2019\u00fc masonlar\u0131n zehirledi\u011fine inan\u0131yor. Oysa: D\u00fcnyan\u0131n ger\u00e7ek gizemi g\u00f6r\u00fcnmeyende de\u011fil, g\u00f6r\u00fcnende! G\u00f6rmek isteyenlere yazd\u0131m. KUTSAL ALDANI\u015eIN SOYA\u011eACI G\u00fcn\u00fcm\u00fczde farkl\u0131 olan\u0131 incitmemek ad\u0131na ger\u00e7ekleri yazmak zorla\u015ft\u0131. Bu kitap politik do\u011fruculuk ile hesapla\u015f\u0131yor. Kullan\u0131\u015fl\u0131 siyasi g\u00f6r\u00fc\u015flerin ve ki\u015filerin \u00fczerindeki perdeyi kald\u0131r\u0131yor. T\u00fcccar ayd\u0131nlar ile hesapla\u015f\u0131yor. Ve Soner Yal\u00e7\u0131n yine sald\u0131r\u0131lar\u0131n hedefi olacak bir ara\u015ft\u0131rmaya imza at\u0131yor. <\/p>\n","protected":false},"excerpt":{"rendered":"<p>B\u0130R SONER YAL\u00c7IN ARA\u015eTIRMASI Kimi Sion Liderlerinin Protokollerine\u2026 Kimi Cizvitler\u2019in Gizli Talimatlar\u0131na\u2026 Kimi Barnabas \u0130ncil\u2019ine\u2026 Kimi Alt\u0131n \u015eafak Hermetik Cemiyeti\u2019ne\u2026 Kimi Frans\u0131z Devrimi\u2019ni \u0130lluminati\u2019nin ger\u00e7ekle\u015ftirdi\u011fine\u2026 Kimi<span class=\"excerpt-hellip\"> [\u2026]<\/span><\/p>\n","protected":false},"featured_media":0,"template":"","meta":{"_monsterinsights_skip_tracking":false,"_monsterinsights_sitenote_active":false,"_monsterinsights_sitenote_note":"","_monsterinsights_sitenote_category":0},"product_brand":[],"product_cat":[13590,12337],"product_tag":[],"class_list":{"0":"post-761855","1":"product","2":"type-product","3":"status-publish","5":"product_cat-arastirma-inceleme-politika-siyaset","6":"product_cat-politika-siyaset","7":"pa_cilt-ciltsiz","8":"pa_tur-kitap","9":"pa_yayinevi-kirmizi-kedi-yayinevi","10":"pa_yazar-soner-yalcin","12":"first","13":"instock","14":"sale","15":"shipping-taxable","16":"purchasable","17":"product-type-simple"},"_links":{"self":[{"href":"https:\/\/roveyayinevi.com.tr\/index.php\/wp-json\/wp\/v2\/product\/761855","targetHints":{"allow":["GET"]}}],"collection":[{"href":"https:\/\/roveyayinevi.com.tr\/index.php\/wp-json\/wp\/v2\/product"}],"about":[{"href":"https:\/\/roveyayinevi.com.tr\/index.php\/wp-json\/wp\/v2\/types\/product"}],"wp:attachment":[{"href":"https:\/\/roveyayinevi.com.tr\/index.php\/wp-json\/wp\/v2\/media?parent=761855"}],"wp:term":[{"taxonomy":"product_brand","embeddable":true,"href":"https:\/\/roveyayinevi.com.tr\/index.php\/wp-json\/wp\/v2\/product_brand?post=761855"},{"taxonomy":"product_cat","embeddable":true,"href":"https:\/\/roveyayinevi.com.tr\/index.php\/wp-json\/wp\/v2\/product_cat?post=761855"},{"taxonomy":"product_tag","embeddable":true,"href":"https:\/\/roveyayinevi.com.tr\/index.php\/wp-json\/wp\/v2\/product_tag?post=761855"}],"curies":[{"name":"wp","href":"https:\/\/api.w.org\/{rel}","templated":true}]}}