{"id":761854,"date":"2025-08-28T09:49:59","date_gmt":"2025-08-28T06:49:59","guid":{"rendered":"https:\/\/roveyayinevi.com.tr\/index.php\/urun\/neden-namaz-kilmaliyim-erenin-akillica-sorulari\/"},"modified":"2026-04-15T03:27:04","modified_gmt":"2026-04-15T00:27:04","slug":"neden-namaz-kilmaliyim-erenin-akillica-sorulari","status":"publish","type":"product","link":"https:\/\/roveyayinevi.com.tr\/index.php\/urun\/neden-namaz-kilmaliyim-erenin-akillica-sorulari\/","title":{"rendered":"Neden Namaz K\u0131lmal\u0131y\u0131m? &#8211; Eren&#8217;in Ak\u0131ll\u0131ca Sorular\u0131"},"content":{"rendered":"<p>Ben Eren!Anne ve baban\u0131z size seslendi\u011finde, yapt\u0131\u011f\u0131n\u0131z \u015feyi hemen b\u0131rak\u0131p ne\u015feyle namaza ko\u015far m\u0131s\u0131n\u0131z? Hi\u00e7 sanm\u0131yorum.Ben de sizin gibiydim, bu y\u00fczden de onlara hep &#8220;Neden namaz k\u0131lmak zorunday\u0131m?&#8221; diye sorard\u0131m.E\u011fer namaz k\u0131lmak bazen ho\u015funuza gitmiyorsa ve annenizle baban\u0131z\u0131n neden bunu d\u00fczenli olarak yapman\u0131z\u0131 istedi\u011fini merak ediyorsan\u0131z, siz de benim g\u00fcnl\u00fc\u011f\u00fcm\u00fc okuyup e\u011flenceli aktivitelerini yapabilirsiniz!Bu g\u00fcnl\u00fckte neler mi var? Karikat\u00fcrler, \u00e7\u00f6z\u00fclmesi gereken \u015fifreler, d\u00fc\u015f\u00fcnme aktiviteleri, problem \u00e7\u00f6zme ve kesinlikle bol bol e\u011flence!*Uyar\u0131* Bu kitab\u0131 okuyan \u00e7ocuklar \u015fa\u015f\u0131rt\u0131c\u0131 bir \u015fekilde daha bilge olabilirler!Annem bu kitab\u0131 b\u00fcy\u00fcklere \u015f\u00f6yle anlat\u0131yor:Eren, namaz\u0131n \u00f6nemini ve faydalar\u0131n\u0131 anlat\u0131yor. Daha sonra da okurlar\u0131, namaz\u0131n ne kadar \u00f6nemli ve g\u00fczel bir \u015fey oldu\u011funu ilgin\u00e7 bir metotla a\u00e7\u0131kl\u0131yor.<\/p>\n","protected":false},"excerpt":{"rendered":"<p>Ben Eren!Anne ve baban\u0131z size seslendi\u011finde, yapt\u0131\u011f\u0131n\u0131z \u015feyi hemen b\u0131rak\u0131p ne\u015feyle namaza ko\u015far m\u0131s\u0131n\u0131z? Hi\u00e7 sanm\u0131yorum.Ben de sizin gibiydim, bu y\u00fczden de onlara hep &#8220;Neden namaz<span class=\"excerpt-hellip\"> [\u2026]<\/span><\/p>\n","protected":false},"featured_media":0,"template":"","meta":{"_monsterinsights_skip_tracking":false,"_monsterinsights_sitenote_active":false,"_monsterinsights_sitenote_note":"","_monsterinsights_sitenote_category":0},"product_brand":[],"product_cat":[12274,18802],"product_tag":[],"class_list":{"0":"post-761854","1":"product","2":"type-product","3":"status-publish","5":"product_cat-cocuk-ve-genclik-kitaplari","6":"product_cat-din-egitimi","7":"pa_cilt-ciltsiz","8":"pa_tur-kitap","9":"pa_yayinevi-gulce-kitap","10":"pa_yazar-zanib-mian","12":"first","13":"instock","14":"sale","15":"shipping-taxable","16":"purchasable","17":"product-type-simple"},"_links":{"self":[{"href":"https:\/\/roveyayinevi.com.tr\/index.php\/wp-json\/wp\/v2\/product\/761854","targetHints":{"allow":["GET"]}}],"collection":[{"href":"https:\/\/roveyayinevi.com.tr\/index.php\/wp-json\/wp\/v2\/product"}],"about":[{"href":"https:\/\/roveyayinevi.com.tr\/index.php\/wp-json\/wp\/v2\/types\/product"}],"wp:attachment":[{"href":"https:\/\/roveyayinevi.com.tr\/index.php\/wp-json\/wp\/v2\/media?parent=761854"}],"wp:term":[{"taxonomy":"product_brand","embeddable":true,"href":"https:\/\/roveyayinevi.com.tr\/index.php\/wp-json\/wp\/v2\/product_brand?post=761854"},{"taxonomy":"product_cat","embeddable":true,"href":"https:\/\/roveyayinevi.com.tr\/index.php\/wp-json\/wp\/v2\/product_cat?post=761854"},{"taxonomy":"product_tag","embeddable":true,"href":"https:\/\/roveyayinevi.com.tr\/index.php\/wp-json\/wp\/v2\/product_tag?post=761854"}],"curies":[{"name":"wp","href":"https:\/\/api.w.org\/{rel}","templated":true}]}}