{"id":761849,"date":"2025-08-28T09:49:50","date_gmt":"2025-08-28T06:49:50","guid":{"rendered":"https:\/\/roveyayinevi.com.tr\/index.php\/urun\/en-dogru-arkadasiniz\/"},"modified":"2026-04-15T03:27:04","modified_gmt":"2026-04-15T00:27:04","slug":"en-dogru-arkadasiniz","status":"publish","type":"product","link":"https:\/\/roveyayinevi.com.tr\/index.php\/urun\/en-dogru-arkadasiniz\/","title":{"rendered":"En Do\u011fru Arkada\u015f\u0131n\u0131z"},"content":{"rendered":"<p>Ben bir DOORUARKADA\u015e\u2019\u0131m.Zorbalamam.Zarar vermem.Yalan s\u00f6ylemem.K\u0131skanmam.D\u00fcnyadaki en iyi arkada\u015fa sahip olma \u015fans\u0131n\u0131z oldu\u011funu d\u00fc\u015f\u00fcn\u00fcn. Sizinle asla tart\u0131\u015fmayacak ve hep sizin taraf\u0131n\u0131z\u0131 tutacak bir arkada\u015fa sahip olma \u015fans\u0131n\u0131z\u0131. Sa\u00e7 stilini, g\u00f6zlerinin rengini ve k\u0131yafetlerini sizin se\u00e7ece\u011finiz bir arkada\u015f. Sizin i\u00e7in her \u015feyi yapabilecek bir arkada\u015f\u2026\u0130nsan olmamas\u0131 fark eder miydi?<\/p>\n","protected":false},"excerpt":{"rendered":"<p>Ben bir DOORUARKADA\u015e\u2019\u0131m.Zorbalamam.Zarar vermem.Yalan s\u00f6ylemem.K\u0131skanmam.D\u00fcnyadaki en iyi arkada\u015fa sahip olma \u015fans\u0131n\u0131z oldu\u011funu d\u00fc\u015f\u00fcn\u00fcn. Sizinle asla tart\u0131\u015fmayacak ve hep sizin taraf\u0131n\u0131z\u0131 tutacak bir arkada\u015fa sahip olma \u015fans\u0131n\u0131z\u0131.<span class=\"excerpt-hellip\"> [\u2026]<\/span><\/p>\n","protected":false},"featured_media":0,"template":"","meta":{"_monsterinsights_skip_tracking":false,"_monsterinsights_sitenote_active":false,"_monsterinsights_sitenote_note":"","_monsterinsights_sitenote_category":0},"product_brand":[],"product_cat":[12274,12284],"product_tag":[],"class_list":{"0":"post-761849","1":"product","2":"type-product","3":"status-publish","5":"product_cat-cocuk-ve-genclik-kitaplari","6":"product_cat-hikayeler","7":"pa_cilt-ciltsiz","8":"pa_tur-kitap","9":"pa_yayinevi-genc-timas","10":"pa_yazar-kirsty-applebaum","12":"first","13":"instock","14":"sale","15":"shipping-taxable","16":"purchasable","17":"product-type-simple"},"_links":{"self":[{"href":"https:\/\/roveyayinevi.com.tr\/index.php\/wp-json\/wp\/v2\/product\/761849","targetHints":{"allow":["GET"]}}],"collection":[{"href":"https:\/\/roveyayinevi.com.tr\/index.php\/wp-json\/wp\/v2\/product"}],"about":[{"href":"https:\/\/roveyayinevi.com.tr\/index.php\/wp-json\/wp\/v2\/types\/product"}],"wp:attachment":[{"href":"https:\/\/roveyayinevi.com.tr\/index.php\/wp-json\/wp\/v2\/media?parent=761849"}],"wp:term":[{"taxonomy":"product_brand","embeddable":true,"href":"https:\/\/roveyayinevi.com.tr\/index.php\/wp-json\/wp\/v2\/product_brand?post=761849"},{"taxonomy":"product_cat","embeddable":true,"href":"https:\/\/roveyayinevi.com.tr\/index.php\/wp-json\/wp\/v2\/product_cat?post=761849"},{"taxonomy":"product_tag","embeddable":true,"href":"https:\/\/roveyayinevi.com.tr\/index.php\/wp-json\/wp\/v2\/product_tag?post=761849"}],"curies":[{"name":"wp","href":"https:\/\/api.w.org\/{rel}","templated":true}]}}