{"id":761848,"date":"2025-08-28T09:49:48","date_gmt":"2025-08-28T06:49:48","guid":{"rendered":"https:\/\/roveyayinevi.com.tr\/index.php\/urun\/alicein-dunya-turu\/"},"modified":"2026-04-15T03:27:04","modified_gmt":"2026-04-15T00:27:04","slug":"alicein-dunya-turu","status":"publish","type":"product","link":"https:\/\/roveyayinevi.com.tr\/index.php\/urun\/alicein-dunya-turu\/","title":{"rendered":"Alice&#8217;in D\u00fcnya Turu"},"content":{"rendered":"<p>Yak\u0131n zamanda annesini kaybeden Alice, bak\u0131c\u0131s\u0131n\u0131n verdi\u011fi derslerden ka\u00e7mak i\u00e7in her \u015feyi yapard\u0131. Bir g\u00fcn, s\u0131k\u0131nt\u0131dan sersemleyip uyuyakal\u0131nca bak\u0131c\u0131s\u0131 panikleyip bir doktor \u00e7a\u011f\u0131r\u0131r. Doktor ziyareti sonras\u0131, Alice\u2019in babas\u0131 onun bu hallerinden endi\u015felenir ve onu eski haline d\u00f6nd\u00fcrmek i\u00e7in hayat dolu aile dostlar\u0131n\u0131n yan\u0131nda bir tatile yollar. Deniz manzaral\u0131 Frans\u0131z villas\u0131na vard\u0131klar\u0131nda, Alice i\u00e7in muhte\u015fem bir yaz ba\u015flar. Yal\u0131nayak ko\u015fturdu\u011fu, e\u015feklere bindi\u011fi ve d\u00f6nemin \u00fcnl\u00fc isimleriyle tan\u0131\u015ft\u0131\u011f\u0131 bir yaz tatili\u2026 Pablo Picasso ile bir hurdal\u0131\u011f\u0131 ziyaret eder ve sanat eserine d\u00f6n\u00fc\u015ft\u00fcrecek nesneler bile arar. Ballet Russes ile g\u00f6k cisimlerinden esinlenen b\u00fcy\u00fcleyici bir dans sergiler ve Zelda ve F. Scott Fitzgerald ile b\u00fcy\u00fcl\u00fc maceralar ya\u015far. BU E\u015eS\u0130Z YAZ TAT\u0130L\u0130, ALICE\u2019\u0130N ANNES\u0130N\u0130N KAYBIYLA BA\u015eA \u00c7IKARKEN YEN\u0130DEN HAYATTAN ZEVK ALMAYI \u00d6\u011eRENMES\u0130N\u0130 SA\u011eLAR.<\/p>\n","protected":false},"excerpt":{"rendered":"<p>Yak\u0131n zamanda annesini kaybeden Alice, bak\u0131c\u0131s\u0131n\u0131n verdi\u011fi derslerden ka\u00e7mak i\u00e7in her \u015feyi yapard\u0131. Bir g\u00fcn, s\u0131k\u0131nt\u0131dan sersemleyip uyuyakal\u0131nca bak\u0131c\u0131s\u0131 panikleyip bir doktor \u00e7a\u011f\u0131r\u0131r. Doktor ziyareti sonras\u0131,<span class=\"excerpt-hellip\"> [\u2026]<\/span><\/p>\n","protected":false},"featured_media":0,"template":"","meta":{"_monsterinsights_skip_tracking":false,"_monsterinsights_sitenote_active":false,"_monsterinsights_sitenote_note":"","_monsterinsights_sitenote_category":0},"product_brand":[],"product_cat":[12274,12284],"product_tag":[],"class_list":{"0":"post-761848","1":"product","2":"type-product","3":"status-publish","5":"product_cat-cocuk-ve-genclik-kitaplari","6":"product_cat-hikayeler","7":"pa_cilt-ciltsiz","8":"pa_tur-kitap","9":"pa_yayinevi-genc-timas","10":"pa_yazar-lesley-m-m-blume","12":"first","13":"instock","14":"sale","15":"shipping-taxable","16":"purchasable","17":"product-type-simple"},"_links":{"self":[{"href":"https:\/\/roveyayinevi.com.tr\/index.php\/wp-json\/wp\/v2\/product\/761848","targetHints":{"allow":["GET"]}}],"collection":[{"href":"https:\/\/roveyayinevi.com.tr\/index.php\/wp-json\/wp\/v2\/product"}],"about":[{"href":"https:\/\/roveyayinevi.com.tr\/index.php\/wp-json\/wp\/v2\/types\/product"}],"wp:attachment":[{"href":"https:\/\/roveyayinevi.com.tr\/index.php\/wp-json\/wp\/v2\/media?parent=761848"}],"wp:term":[{"taxonomy":"product_brand","embeddable":true,"href":"https:\/\/roveyayinevi.com.tr\/index.php\/wp-json\/wp\/v2\/product_brand?post=761848"},{"taxonomy":"product_cat","embeddable":true,"href":"https:\/\/roveyayinevi.com.tr\/index.php\/wp-json\/wp\/v2\/product_cat?post=761848"},{"taxonomy":"product_tag","embeddable":true,"href":"https:\/\/roveyayinevi.com.tr\/index.php\/wp-json\/wp\/v2\/product_tag?post=761848"}],"curies":[{"name":"wp","href":"https:\/\/api.w.org\/{rel}","templated":true}]}}