{"id":761847,"date":"2025-08-28T09:49:46","date_gmt":"2025-08-28T06:49:46","guid":{"rendered":"https:\/\/roveyayinevi.com.tr\/index.php\/urun\/basima-gelenler-saka-mi\/"},"modified":"2026-04-15T03:27:04","modified_gmt":"2026-04-15T00:27:04","slug":"basima-gelenler-saka-mi","status":"publish","type":"product","link":"https:\/\/roveyayinevi.com.tr\/index.php\/urun\/basima-gelenler-saka-mi\/","title":{"rendered":"Ba\u015f\u0131ma Gelenler \u015eaka m\u0131?"},"content":{"rendered":"<p>Hayat ne kadar g\u00fczel! A\u011fz\u0131m kulaklar\u0131mda, burnum havada, g\u00f6z\u00fcm y\u00fckseklerde, keyfim yerinde. Kalp kalp kalp\u2026Ya\u015fad\u0131klar\u0131m r\u00fcya m\u0131 yoksa ger\u00e7ek mi diye s\u0131k s\u0131k kendimi \u00e7imdikliyordum.\u201cAgghhhhh!\u201dNihayet bekledi\u011fim olmu\u015f, \u00f6zg\u00fcrl\u00fc\u011f\u00fcme kavu\u015fmu\u015ftum i\u015fte. G\u00fcn\u00fcn birinde davul zurna e\u015fli\u011finde telli duvakl\u0131 olmadan aile evinden \u00e7\u0131kaca\u011f\u0131m\u0131 s\u00f6yleseler hayatta inanmazd\u0131m. Daha birka\u00e7 ay \u00f6ncesine kadar babam\u0131n, annemin, babaannemin s\u0131k\u0131y\u00f6netimi alt\u0131nda ve pek tabii karde\u015fim Ozan\u2019\u0131n uyuzluklar\u0131 aras\u0131nda \u00e7ile dolduran ben, milyonlarca \u00f6\u011frencinin hayal bile edemeyece\u011fi bir \u00fcniversiteyi kazanm\u0131\u015f, ne\u015fe i\u00e7inde ayr\u0131 eve \u00e7\u0131kmaya haz\u0131rlan\u0131yordum. Tabii beni nelerin bekledi\u011finden habersiz\u2026Akla hayale gelmeyecek bir \u00f6\u011frenci evi, birbirinden ilgin\u00e7 ev arkada\u015flar\u0131, hela ba\u015f\u0131nda tavla ma\u00e7lar\u0131, dumanlar aras\u0131nda \u00fcniversite dersleri, yata\u011f\u0131m\u0131 payla\u015ft\u0131\u011f\u0131m sokak hayvanlar\u0131\u2026 Ayy, daha da neeeler neler!\u2018Ya\u015fad\u0131klar\u0131m r\u00fcya m\u0131 yoksa ger\u00e7ek mi?\u2019den \u2018Ba\u015f\u0131ma gelenler \u015faka m\u0131?\u2019ya uzanan bu trajikomik macerada ger\u00e7ekten de ba\u015f\u0131ma gelmedik daha ne kalm\u0131\u015f olabilirdi acaba?<\/p>\n","protected":false},"excerpt":{"rendered":"<p>Hayat ne kadar g\u00fczel! A\u011fz\u0131m kulaklar\u0131mda, burnum havada, g\u00f6z\u00fcm y\u00fckseklerde, keyfim yerinde. Kalp kalp kalp\u2026Ya\u015fad\u0131klar\u0131m r\u00fcya m\u0131 yoksa ger\u00e7ek mi diye s\u0131k s\u0131k kendimi \u00e7imdikliyordum.\u201cAgghhhhh!\u201dNihayet bekledi\u011fim<span class=\"excerpt-hellip\"> [\u2026]<\/span><\/p>\n","protected":false},"featured_media":0,"template":"","meta":{"_monsterinsights_skip_tracking":false,"_monsterinsights_sitenote_active":false,"_monsterinsights_sitenote_note":"","_monsterinsights_sitenote_category":0},"product_brand":[],"product_cat":[12274,12284],"product_tag":[],"class_list":{"0":"post-761847","1":"product","2":"type-product","3":"status-publish","5":"product_cat-cocuk-ve-genclik-kitaplari","6":"product_cat-hikayeler","7":"pa_cilt-ciltsiz","8":"pa_tur-kitap","9":"pa_yayinevi-carpe-diem-kitaplari","10":"pa_yazar-selcen-yuksel-arvas","12":"first","13":"instock","14":"sale","15":"shipping-taxable","16":"purchasable","17":"product-type-simple"},"_links":{"self":[{"href":"https:\/\/roveyayinevi.com.tr\/index.php\/wp-json\/wp\/v2\/product\/761847","targetHints":{"allow":["GET"]}}],"collection":[{"href":"https:\/\/roveyayinevi.com.tr\/index.php\/wp-json\/wp\/v2\/product"}],"about":[{"href":"https:\/\/roveyayinevi.com.tr\/index.php\/wp-json\/wp\/v2\/types\/product"}],"wp:attachment":[{"href":"https:\/\/roveyayinevi.com.tr\/index.php\/wp-json\/wp\/v2\/media?parent=761847"}],"wp:term":[{"taxonomy":"product_brand","embeddable":true,"href":"https:\/\/roveyayinevi.com.tr\/index.php\/wp-json\/wp\/v2\/product_brand?post=761847"},{"taxonomy":"product_cat","embeddable":true,"href":"https:\/\/roveyayinevi.com.tr\/index.php\/wp-json\/wp\/v2\/product_cat?post=761847"},{"taxonomy":"product_tag","embeddable":true,"href":"https:\/\/roveyayinevi.com.tr\/index.php\/wp-json\/wp\/v2\/product_tag?post=761847"}],"curies":[{"name":"wp","href":"https:\/\/api.w.org\/{rel}","templated":true}]}}