{"id":761846,"date":"2025-08-28T09:49:45","date_gmt":"2025-08-28T06:49:45","guid":{"rendered":"https:\/\/roveyayinevi.com.tr\/index.php\/urun\/unutma-hep-hatirla\/"},"modified":"2026-04-15T03:27:04","modified_gmt":"2026-04-15T00:27:04","slug":"unutma-hep-hatirla","status":"publish","type":"product","link":"https:\/\/roveyayinevi.com.tr\/index.php\/urun\/unutma-hep-hatirla\/","title":{"rendered":"Unutma Hep Hat\u0131rla"},"content":{"rendered":"<p>Gelene\u011fimizde insan kalbinin iki d\u00fcnya aras\u0131nda bir e\u015fik oldu\u011fu s\u00f6ylenir. Bu e\u015fik k\u0131s\u0131tl\u0131 madde d\u00fcnyas\u0131 ile sonsuz manevi ger\u00e7eklik aras\u0131nda bulunur. Kalp e\u015fiktir. Her zaman bu e\u015fikte bulunmam\u0131z, bu iki d\u00fcnya aras\u0131nda k\u00f6pr\u00fc kurmam\u0131z gerekir. Bu ger\u00e7eklikte ya\u015far ve onun mevcudiyetinin fark\u0131nda olursak, hat\u0131rlay\u0131\u015fta oluruz. Bu her \u015feyi de\u011fi\u015ftirir. Sadece tecr\u00fcbelerimizin i\u00e7eri\u011fi olmad\u0131\u011f\u0131m\u0131z\u0131 fark edebiliriz. Hayat\u0131m\u0131z\u0131n her evresi, e\u011fer aray\u0131\u015f i\u00e7erisindeysek bizi daha zengin bir manaya do\u011fru ta\u015f\u0131r. O zaman dikenler i\u00e7in bile \u015f\u00fck\u00fcr duyabiliriz \u00e7\u00fcnk\u00fc onun Sevgili\u2019den geldi\u011fini biliriz.Kalbin t\u00fcm iste\u011fi dostlu\u011fu b\u00fcy\u00fctmektir. Bu, sosyal bir tatmine dayanan ve hatta ba\u011f\u0131ml\u0131l\u0131\u011fa yol a\u00e7an t\u00fcrden bir dostluk de\u011fildir. Bundan ziyade, hat\u0131rlay\u0131\u015f, b\u00fct\u00fcnl\u00fck ve rezonans h\u00e2lindeki di\u011fer bilin\u00e7li kalplerin dostlu\u011fudur. Bizi y\u00fckselten ve iyile\u015ftiren \u015fey budur.Bu y\u00fczden sufilerin derg\u00e2hlar\u0131 ve topluluklar\u0131 vard\u0131r. Tasavvuf bireysel bir \u00f6\u011freti olarak d\u00fczenlenmemi\u015ftir. M\u00fcnzeviler i\u00e7in bir yol de\u011fildir. Ki\u015finin tek ba\u015f\u0131nal\u0131ktan fayda sa\u011flad\u0131\u011f\u0131 d\u00f6nemler olabilir. Fakat dostlukta d\u00f6n\u00fc\u015f\u00fcm vard\u0131r. D\u00f6n\u00fc\u015f\u00fcm, birbirini tan\u0131yarak ve her \u015feyin bir amac\u0131 oldu\u011fu ger\u00e7e\u011fini kabul ederek sa\u011flan\u0131r. Bir sufi derg\u00e2h\u0131n\u0131n kap\u0131s\u0131ndan kim girdiyse i\u00e7eriye davetlidir o. Hepimiz Dost\u2019un dostlar\u0131y\u0131z. D\u00fcnya \u00e7ap\u0131nda me\u015fhur sufi \u00fcstatlar\u0131ndan olan ve k\u0131rk y\u0131l\u0131 a\u015fk\u0131n s\u00fcredir Hz. Mevlana yolunda hizmet veren Kabir Helminski, bu \u00e7al\u0131\u015fmas\u0131nda insano\u011flunun unutmaya y\u00fcz tuttu\u011fu pek \u00e7ok hakikati haf\u0131zalardan silinmemek \u00fczere tekrar hat\u0131rlat\u0131yor.<\/p>\n","protected":false},"excerpt":{"rendered":"<p>Gelene\u011fimizde insan kalbinin iki d\u00fcnya aras\u0131nda bir e\u015fik oldu\u011fu s\u00f6ylenir. Bu e\u015fik k\u0131s\u0131tl\u0131 madde d\u00fcnyas\u0131 ile sonsuz manevi ger\u00e7eklik aras\u0131nda bulunur. Kalp e\u015fiktir. Her zaman bu<span class=\"excerpt-hellip\"> [\u2026]<\/span><\/p>\n","protected":false},"featured_media":0,"template":"","meta":{"_monsterinsights_skip_tracking":false,"_monsterinsights_sitenote_active":false,"_monsterinsights_sitenote_note":"","_monsterinsights_sitenote_category":0},"product_brand":[],"product_cat":[12718,12719,15238],"product_tag":[],"class_list":{"0":"post-761846","1":"product","2":"type-product","3":"status-publish","5":"product_cat-din","6":"product_cat-islam","7":"product_cat-tasavvuf","8":"pa_cilt-ciltsiz","9":"pa_tur-kitap","10":"pa_yayinevi-sufi-kitap","11":"pa_yazar-kabir-helminski","13":"first","14":"instock","15":"sale","16":"shipping-taxable","17":"purchasable","18":"product-type-simple"},"_links":{"self":[{"href":"https:\/\/roveyayinevi.com.tr\/index.php\/wp-json\/wp\/v2\/product\/761846","targetHints":{"allow":["GET"]}}],"collection":[{"href":"https:\/\/roveyayinevi.com.tr\/index.php\/wp-json\/wp\/v2\/product"}],"about":[{"href":"https:\/\/roveyayinevi.com.tr\/index.php\/wp-json\/wp\/v2\/types\/product"}],"wp:attachment":[{"href":"https:\/\/roveyayinevi.com.tr\/index.php\/wp-json\/wp\/v2\/media?parent=761846"}],"wp:term":[{"taxonomy":"product_brand","embeddable":true,"href":"https:\/\/roveyayinevi.com.tr\/index.php\/wp-json\/wp\/v2\/product_brand?post=761846"},{"taxonomy":"product_cat","embeddable":true,"href":"https:\/\/roveyayinevi.com.tr\/index.php\/wp-json\/wp\/v2\/product_cat?post=761846"},{"taxonomy":"product_tag","embeddable":true,"href":"https:\/\/roveyayinevi.com.tr\/index.php\/wp-json\/wp\/v2\/product_tag?post=761846"}],"curies":[{"name":"wp","href":"https:\/\/api.w.org\/{rel}","templated":true}]}}