{"id":761840,"date":"2025-08-28T09:49:34","date_gmt":"2025-08-28T06:49:34","guid":{"rendered":"https:\/\/roveyayinevi.com.tr\/index.php\/urun\/eminem\/"},"modified":"2026-04-15T03:27:03","modified_gmt":"2026-04-15T00:27:03","slug":"eminem","status":"publish","type":"product","link":"https:\/\/roveyayinevi.com.tr\/index.php\/urun\/eminem\/","title":{"rendered":"Emine&#8217;m"},"content":{"rendered":"<p>Karadeniz yaylalar\u0131n\u0131n e\u015fsiz g\u00fczelli\u011finde insanlar\u0131n do\u011faya uyum sa\u011flamas\u0131, kom\u015fuluk ili\u015fkileri, yard\u0131mla\u015fma, payla\u015fman\u0131n anlat\u0131ld\u0131\u011f\u0131; Emine\u2019nin Aslan ile ya\u015fad\u0131\u011f\u0131 a\u015fk\u0131 konu alan bir eser. A\u015fk, dram, kara sevda, ac\u0131 \u00e7ekme ve intihar i\u00e7eren bir hik\u00e2ye. Genel ahlak kurallar\u0131 i\u00e7inde kabul g\u00f6ren bir sevdal\u0131k. \u00c7ocuklu\u011funu ya\u015famak isteyenler, kara sevday\u0131 merak eden her ya\u015ftan insan\u0131n okuyaca\u011f\u0131 bir \u00f6yk\u00fcy\u00fc sizlere sunuyorum. <\/p>\n","protected":false},"excerpt":{"rendered":"<p>Karadeniz yaylalar\u0131n\u0131n e\u015fsiz g\u00fczelli\u011finde insanlar\u0131n do\u011faya uyum sa\u011flamas\u0131, kom\u015fuluk ili\u015fkileri, yard\u0131mla\u015fma, payla\u015fman\u0131n anlat\u0131ld\u0131\u011f\u0131; Emine\u2019nin Aslan ile ya\u015fad\u0131\u011f\u0131 a\u015fk\u0131 konu alan bir eser. A\u015fk, dram, kara sevda,<span class=\"excerpt-hellip\"> [\u2026]<\/span><\/p>\n","protected":false},"featured_media":0,"template":"","meta":{"_monsterinsights_skip_tracking":false,"_monsterinsights_sitenote_active":false,"_monsterinsights_sitenote_note":"","_monsterinsights_sitenote_category":0},"product_brand":[],"product_cat":[12291,12711],"product_tag":[],"class_list":{"0":"post-761840","1":"product","2":"type-product","3":"status-publish","5":"product_cat-edebiyat","6":"product_cat-roman-oyku","7":"pa_cilt-ciltsiz","8":"pa_tur-kitap","9":"pa_yayinevi-kmd-yayinlari","10":"pa_yazar-ahmet-arslan","12":"first","13":"instock","14":"sale","15":"shipping-taxable","16":"purchasable","17":"product-type-simple"},"_links":{"self":[{"href":"https:\/\/roveyayinevi.com.tr\/index.php\/wp-json\/wp\/v2\/product\/761840","targetHints":{"allow":["GET"]}}],"collection":[{"href":"https:\/\/roveyayinevi.com.tr\/index.php\/wp-json\/wp\/v2\/product"}],"about":[{"href":"https:\/\/roveyayinevi.com.tr\/index.php\/wp-json\/wp\/v2\/types\/product"}],"wp:attachment":[{"href":"https:\/\/roveyayinevi.com.tr\/index.php\/wp-json\/wp\/v2\/media?parent=761840"}],"wp:term":[{"taxonomy":"product_brand","embeddable":true,"href":"https:\/\/roveyayinevi.com.tr\/index.php\/wp-json\/wp\/v2\/product_brand?post=761840"},{"taxonomy":"product_cat","embeddable":true,"href":"https:\/\/roveyayinevi.com.tr\/index.php\/wp-json\/wp\/v2\/product_cat?post=761840"},{"taxonomy":"product_tag","embeddable":true,"href":"https:\/\/roveyayinevi.com.tr\/index.php\/wp-json\/wp\/v2\/product_tag?post=761840"}],"curies":[{"name":"wp","href":"https:\/\/api.w.org\/{rel}","templated":true}]}}