{"id":761830,"date":"2025-08-28T09:49:16","date_gmt":"2025-08-28T06:49:16","guid":{"rendered":"https:\/\/roveyayinevi.com.tr\/index.php\/urun\/kamu-ve-sorunlari\/"},"modified":"2026-04-15T03:27:03","modified_gmt":"2026-04-15T00:27:03","slug":"kamu-ve-sorunlari","status":"publish","type":"product","link":"https:\/\/roveyayinevi.com.tr\/index.php\/urun\/kamu-ve-sorunlari\/","title":{"rendered":"Kamu ve Sorunlar\u0131"},"content":{"rendered":"<p>Filozof ve e\u011fitimci John Dewey, Kamu ve Sorunlar\u0131\u2019nda bizi demokrasinin kalbine do\u011fru derin bir yolculu\u011fa \u00e7\u0131kar\u0131yor. Dewey, etkileyici bir \u00fcslup ve \u00e7arp\u0131c\u0131 tespitlerle, s\u00fcrekli de\u011fi\u015fen bir d\u00fcnyada kamunun kar\u015f\u0131la\u015ft\u0131\u011f\u0131 zorluklar\u0131 ara\u015ft\u0131r\u0131yor, bilgili ve ilgili bir vatanda\u015fl\u0131\u011f\u0131n temel rol\u00fc hakk\u0131nda zamana meydan okuyan bir bilgelik sunuyor.   Bu klasik eser, toplumun dinamiklerini ve toplum i\u00e7indeki bireylerin sorumluluklar\u0131n\u0131 anlamak isteyenler i\u00e7in yol g\u00f6sterici bir \u0131\u015f\u0131k olmaya devam ediyor. Dewey&#8217;in etkin ve bilgiye dayal\u0131 kamu vizyonu, ilk yay\u0131mland\u0131\u011f\u0131 zaman oldu\u011fu gibi bug\u00fcn de g\u00fc\u00e7l\u00fc bir \u015fekilde yank\u0131lan\u0131yor ve bizi daha iyi bir yar\u0131n\u0131 \u015fekillendirmek i\u00e7in kolektif g\u00fcc\u00fcm\u00fcz\u00fc benimsemeye \u00e7a\u011f\u0131r\u0131yor.   <\/p>\n","protected":false},"excerpt":{"rendered":"<p>Filozof ve e\u011fitimci John Dewey, Kamu ve Sorunlar\u0131\u2019nda bizi demokrasinin kalbine do\u011fru derin bir yolculu\u011fa \u00e7\u0131kar\u0131yor. Dewey, etkileyici bir \u00fcslup ve \u00e7arp\u0131c\u0131 tespitlerle, s\u00fcrekli de\u011fi\u015fen bir<span class=\"excerpt-hellip\"> [\u2026]<\/span><\/p>\n","protected":false},"featured_media":0,"template":"","meta":{"_monsterinsights_skip_tracking":false,"_monsterinsights_sitenote_active":false,"_monsterinsights_sitenote_note":"","_monsterinsights_sitenote_category":0},"product_brand":[],"product_cat":[12337,14706],"product_tag":[],"class_list":{"0":"post-761830","1":"product","2":"type-product","3":"status-publish","5":"product_cat-politika-siyaset","6":"product_cat-siyaset-bilimi","7":"pa_cilt-ciltsiz","8":"pa_tur-kitap","9":"pa_yayinevi-can-yayinlari","10":"pa_yazar-john-dewey","12":"first","13":"instock","14":"sale","15":"shipping-taxable","16":"purchasable","17":"product-type-simple"},"_links":{"self":[{"href":"https:\/\/roveyayinevi.com.tr\/index.php\/wp-json\/wp\/v2\/product\/761830","targetHints":{"allow":["GET"]}}],"collection":[{"href":"https:\/\/roveyayinevi.com.tr\/index.php\/wp-json\/wp\/v2\/product"}],"about":[{"href":"https:\/\/roveyayinevi.com.tr\/index.php\/wp-json\/wp\/v2\/types\/product"}],"wp:attachment":[{"href":"https:\/\/roveyayinevi.com.tr\/index.php\/wp-json\/wp\/v2\/media?parent=761830"}],"wp:term":[{"taxonomy":"product_brand","embeddable":true,"href":"https:\/\/roveyayinevi.com.tr\/index.php\/wp-json\/wp\/v2\/product_brand?post=761830"},{"taxonomy":"product_cat","embeddable":true,"href":"https:\/\/roveyayinevi.com.tr\/index.php\/wp-json\/wp\/v2\/product_cat?post=761830"},{"taxonomy":"product_tag","embeddable":true,"href":"https:\/\/roveyayinevi.com.tr\/index.php\/wp-json\/wp\/v2\/product_tag?post=761830"}],"curies":[{"name":"wp","href":"https:\/\/api.w.org\/{rel}","templated":true}]}}