{"id":761829,"date":"2025-08-28T09:49:10","date_gmt":"2025-08-28T06:49:10","guid":{"rendered":"https:\/\/roveyayinevi.com.tr\/index.php\/urun\/bir-yanilsamanin-gelecegi-2\/"},"modified":"2026-04-15T03:27:03","modified_gmt":"2026-04-15T00:27:03","slug":"bir-yanilsamanin-gelecegi-2","status":"publish","type":"product","link":"https:\/\/roveyayinevi.com.tr\/index.php\/urun\/bir-yanilsamanin-gelecegi-2\/","title":{"rendered":"Bir Yan\u0131lsaman\u0131n Gelece\u011fi"},"content":{"rendered":"<p>Hay\u0131r, bilim bir yan\u0131lsama de\u011fildir. Ancak bilimin bize veremedi\u011fini ba\u015fka bir yerden elde edebilece\u011fimizi d\u00fc\u015f\u00fcnmek kesinlikle bir yan\u0131lsama olacakt\u0131r.   Ya\u015fam\u0131n\u0131 zihnin arkeolojisine adayan Sigmund Freud bu kitab\u0131nda da insan psikolojisinin karma\u015f\u0131k yap\u0131s\u0131n\u0131 g\u00f6zler \u00f6n\u00fcne seriyor; ancak bu sefer ge\u00e7mi\u015fi incelemekle yetinmeyip gelece\u011fe dair baz\u0131 tahmin ve \u00f6nerilerde bulunma cesaretini de g\u00f6steriyor.   Freud bu metninde, bilincimize k\u00f6k salm\u0131\u015f yan\u0131lsamalar\u0131n, \u00f6zellikle de bir yan\u0131lsama olarak adland\u0131rd\u0131\u011f\u0131 din olgusunun k\u00fclt\u00fcrdeki (di\u011fer bir deyi\u015fle uygarl\u0131ktaki) yerini tart\u0131\u015fmaya a\u00e7\u0131yor. Din, k\u00fclt\u00fcr ve insan ruhu aras\u0131ndaki ili\u015fkiyi ele alarak bu yan\u0131lsamalar\u0131n d\u00fcnyaya bak\u0131\u015f\u0131m\u0131z\u0131 nas\u0131l etkiledi\u011fini, dolay\u0131s\u0131yla da ya\u015famlar\u0131m\u0131z\u0131 nas\u0131l \u015fekillendirdi\u011fini g\u00f6zler \u00f6n\u00fcne seriyor.   Bir Yan\u0131lsaman\u0131n Gelece\u011fi, yaz\u0131lmas\u0131n\u0131n \u00fczerinden neredeyse y\u00fcz y\u0131l ge\u00e7mi\u015f olmas\u0131na ra\u011fmen her okuyan\u0131, zihnimizi ve ortak kaderimizi etkileyen yan\u0131lsamalarla y\u00fczle\u015fip bunlar\u0131 geride b\u0131rakmaya \u00e7a\u011f\u0131ran k\u0131\u015fk\u0131rt\u0131c\u0131 bir eser olma niteli\u011fini s\u00fcrd\u00fcr\u00fcyor.  <\/p>\n","protected":false},"excerpt":{"rendered":"<p>Hay\u0131r, bilim bir yan\u0131lsama de\u011fildir. Ancak bilimin bize veremedi\u011fini ba\u015fka bir yerden elde edebilece\u011fimizi d\u00fc\u015f\u00fcnmek kesinlikle bir yan\u0131lsama olacakt\u0131r. Ya\u015fam\u0131n\u0131 zihnin arkeolojisine adayan Sigmund Freud bu<span class=\"excerpt-hellip\"> [\u2026]<\/span><\/p>\n","protected":false},"featured_media":0,"template":"","meta":{"_monsterinsights_skip_tracking":false,"_monsterinsights_sitenote_active":false,"_monsterinsights_sitenote_note":"","_monsterinsights_sitenote_category":0},"product_brand":[],"product_cat":[12357],"product_tag":[],"class_list":{"0":"post-761829","1":"product","2":"type-product","3":"status-publish","5":"product_cat-psikoloji","6":"pa_cilt-ciltsiz","7":"pa_tur-kitap","8":"pa_yayinevi-can-yayinlari","9":"pa_yazar-sigmund-freud","11":"first","12":"instock","13":"sale","14":"shipping-taxable","15":"purchasable","16":"product-type-simple"},"_links":{"self":[{"href":"https:\/\/roveyayinevi.com.tr\/index.php\/wp-json\/wp\/v2\/product\/761829","targetHints":{"allow":["GET"]}}],"collection":[{"href":"https:\/\/roveyayinevi.com.tr\/index.php\/wp-json\/wp\/v2\/product"}],"about":[{"href":"https:\/\/roveyayinevi.com.tr\/index.php\/wp-json\/wp\/v2\/types\/product"}],"wp:attachment":[{"href":"https:\/\/roveyayinevi.com.tr\/index.php\/wp-json\/wp\/v2\/media?parent=761829"}],"wp:term":[{"taxonomy":"product_brand","embeddable":true,"href":"https:\/\/roveyayinevi.com.tr\/index.php\/wp-json\/wp\/v2\/product_brand?post=761829"},{"taxonomy":"product_cat","embeddable":true,"href":"https:\/\/roveyayinevi.com.tr\/index.php\/wp-json\/wp\/v2\/product_cat?post=761829"},{"taxonomy":"product_tag","embeddable":true,"href":"https:\/\/roveyayinevi.com.tr\/index.php\/wp-json\/wp\/v2\/product_tag?post=761829"}],"curies":[{"name":"wp","href":"https:\/\/api.w.org\/{rel}","templated":true}]}}