{"id":761828,"date":"2025-08-28T09:49:08","date_gmt":"2025-08-28T06:49:08","guid":{"rendered":"https:\/\/roveyayinevi.com.tr\/index.php\/urun\/aramizdaki-sey\/"},"modified":"2026-04-15T03:27:03","modified_gmt":"2026-04-15T00:27:03","slug":"aramizdaki-sey","status":"publish","type":"product","link":"https:\/\/roveyayinevi.com.tr\/index.php\/urun\/aramizdaki-sey\/","title":{"rendered":"Aram\u0131zdaki \u015eey"},"content":{"rendered":"<p>\u0130ste\u011fine uyup seni aramad\u0131m. \u00d6l\u00fcm haberini bir dostumdan ald\u0131m telefonda. Bana haber verilmesini istemi\u015fsin, sevdi\u011fin birka\u00e7 ki\u015fiye daha. Dizlerim \u00e7\u00f6z\u00fcld\u00fc. Nedense \u00f6nce \u00f6b\u00fcr sevdiklerini aramam gerekti\u011fini d\u00fc\u015f\u00fcnd\u00fc\u011f\u00fcmden a\u011flamaya ara verdim. Uzun s\u00fcrecek yas\u0131n e\u015fi\u011finde sana telefon etmek geldi i\u00e7imden: Sen o \u015feyi \u00e7\u00f6zebilmi\u015f miydin?   Tomris Uyar, ilk olarak 1998\u2019de yay\u0131mlanan Aram\u0131zdaki \u015eey\u2019deki \u00f6yk\u00fclerini, g\u00fcnl\u00fck hayat\u0131n ak\u0131\u015f\u0131 i\u00e7inden se\u00e7ilip dam\u0131t\u0131lm\u0131\u015f dupduru, sakin bir d\u00fcnyan\u0131n olayc\u0131klar\u0131yla kuruyor. Her zamanki gibi alabildi\u011fine yal\u0131n, s\u00fcss\u00fcz bir anlat\u0131m; fazlal\u0131klardan ar\u0131nd\u0131r\u0131lm\u0131\u015f bir \u00f6yk\u00fcleme, s\u0131radanm\u0131\u015f gibi gelen ama ustaca becerilmi\u015f bir kurgu. <\/p>\n","protected":false},"excerpt":{"rendered":"<p>\u0130ste\u011fine uyup seni aramad\u0131m. \u00d6l\u00fcm haberini bir dostumdan ald\u0131m telefonda. Bana haber verilmesini istemi\u015fsin, sevdi\u011fin birka\u00e7 ki\u015fiye daha. Dizlerim \u00e7\u00f6z\u00fcld\u00fc. Nedense \u00f6nce \u00f6b\u00fcr sevdiklerini aramam gerekti\u011fini<span class=\"excerpt-hellip\"> [\u2026]<\/span><\/p>\n","protected":false},"featured_media":0,"template":"","meta":{"_monsterinsights_skip_tracking":false,"_monsterinsights_sitenote_active":false,"_monsterinsights_sitenote_note":"","_monsterinsights_sitenote_category":0},"product_brand":[],"product_cat":[12291,18202],"product_tag":[],"class_list":{"0":"post-761828","1":"product","2":"type-product","3":"status-publish","5":"product_cat-edebiyat","6":"product_cat-hikaye","7":"pa_cilt-ciltsiz","8":"pa_tur-kitap","9":"pa_yayinevi-can-yayinlari","10":"pa_yazar-tomris-uyar","12":"first","13":"instock","14":"sale","15":"shipping-taxable","16":"purchasable","17":"product-type-simple"},"_links":{"self":[{"href":"https:\/\/roveyayinevi.com.tr\/index.php\/wp-json\/wp\/v2\/product\/761828","targetHints":{"allow":["GET"]}}],"collection":[{"href":"https:\/\/roveyayinevi.com.tr\/index.php\/wp-json\/wp\/v2\/product"}],"about":[{"href":"https:\/\/roveyayinevi.com.tr\/index.php\/wp-json\/wp\/v2\/types\/product"}],"wp:attachment":[{"href":"https:\/\/roveyayinevi.com.tr\/index.php\/wp-json\/wp\/v2\/media?parent=761828"}],"wp:term":[{"taxonomy":"product_brand","embeddable":true,"href":"https:\/\/roveyayinevi.com.tr\/index.php\/wp-json\/wp\/v2\/product_brand?post=761828"},{"taxonomy":"product_cat","embeddable":true,"href":"https:\/\/roveyayinevi.com.tr\/index.php\/wp-json\/wp\/v2\/product_cat?post=761828"},{"taxonomy":"product_tag","embeddable":true,"href":"https:\/\/roveyayinevi.com.tr\/index.php\/wp-json\/wp\/v2\/product_tag?post=761828"}],"curies":[{"name":"wp","href":"https:\/\/api.w.org\/{rel}","templated":true}]}}