{"id":761824,"date":"2025-08-28T09:49:00","date_gmt":"2025-08-28T06:49:00","guid":{"rendered":"https:\/\/roveyayinevi.com.tr\/index.php\/urun\/pokemon-squirtle-cikartma-cilginligi-etkinlik-kitabi\/"},"modified":"2026-02-02T03:21:36","modified_gmt":"2026-02-02T00:21:36","slug":"pokemon-squirtle-cikartma-cilginligi-etkinlik-kitabi","status":"publish","type":"product","link":"https:\/\/roveyayinevi.com.tr\/index.php\/urun\/pokemon-squirtle-cikartma-cilginligi-etkinlik-kitabi\/","title":{"rendered":"Pokemon &#8211; Squirtle \u00c7\u0131kartma \u00c7\u0131lg\u0131nl\u0131\u011f\u0131 Etkinlik Kitab\u0131"},"content":{"rendered":"<p>Heyecan verici sahneler ve muhte\u015fem aktivitelerle dolu bu \u00e7\u0131kartma kitab\u0131yla birbirinden etkileyici b\u00f6lgeleri ve harika Pok\u00e9monlar\u0131 ke\u015ffet! Sulak Unova\u2019dan u\u00e7suz bucaks\u0131z Galar\u2019a yolculu\u011fa \u00e7\u0131k ve Pok\u00e9monlar hakk\u0131nda daha fazlas\u0131n\u0131 \u00f6\u011fren! Pok\u00e9mon \u00e7\u0131kartmalar\u0131n\u0131 nereye yap\u0131\u015ft\u0131racaks\u0131n? <\/p>\n","protected":false},"excerpt":{"rendered":"<p>Heyecan verici sahneler ve muhte\u015fem aktivitelerle dolu bu \u00e7\u0131kartma kitab\u0131yla birbirinden etkileyici b\u00f6lgeleri ve harika Pok\u00e9monlar\u0131 ke\u015ffet! Sulak Unova\u2019dan u\u00e7suz bucaks\u0131z Galar\u2019a yolculu\u011fa \u00e7\u0131k ve Pok\u00e9monlar<span class=\"excerpt-hellip\"> [\u2026]<\/span><\/p>\n","protected":false},"featured_media":0,"template":"","meta":{"_monsterinsights_skip_tracking":false,"_monsterinsights_sitenote_active":false,"_monsterinsights_sitenote_note":"","_monsterinsights_sitenote_category":0},"product_brand":[],"product_cat":[12274,15842],"product_tag":[],"class_list":{"0":"post-761824","1":"product","2":"type-product","3":"status-publish","5":"product_cat-cocuk-ve-genclik-kitaplari","6":"product_cat-egitici-kitaplar","7":"pa_cilt-ciltsiz","8":"pa_tur-kitap","9":"pa_yayinevi-dogan-cocuk","10":"pa_yazar-kolektif","12":"first","13":"instock","14":"sale","15":"shipping-taxable","16":"purchasable","17":"product-type-simple"},"_links":{"self":[{"href":"https:\/\/roveyayinevi.com.tr\/index.php\/wp-json\/wp\/v2\/product\/761824","targetHints":{"allow":["GET"]}}],"collection":[{"href":"https:\/\/roveyayinevi.com.tr\/index.php\/wp-json\/wp\/v2\/product"}],"about":[{"href":"https:\/\/roveyayinevi.com.tr\/index.php\/wp-json\/wp\/v2\/types\/product"}],"wp:attachment":[{"href":"https:\/\/roveyayinevi.com.tr\/index.php\/wp-json\/wp\/v2\/media?parent=761824"}],"wp:term":[{"taxonomy":"product_brand","embeddable":true,"href":"https:\/\/roveyayinevi.com.tr\/index.php\/wp-json\/wp\/v2\/product_brand?post=761824"},{"taxonomy":"product_cat","embeddable":true,"href":"https:\/\/roveyayinevi.com.tr\/index.php\/wp-json\/wp\/v2\/product_cat?post=761824"},{"taxonomy":"product_tag","embeddable":true,"href":"https:\/\/roveyayinevi.com.tr\/index.php\/wp-json\/wp\/v2\/product_tag?post=761824"}],"curies":[{"name":"wp","href":"https:\/\/api.w.org\/{rel}","templated":true}]}}