{"id":761821,"date":"2025-08-28T09:48:55","date_gmt":"2025-08-28T06:48:55","guid":{"rendered":"https:\/\/roveyayinevi.com.tr\/index.php\/urun\/kucuk-kadinlar-cizgi-roman\/"},"modified":"2026-04-15T03:27:03","modified_gmt":"2026-04-15T00:27:03","slug":"kucuk-kadinlar-cizgi-roman","status":"publish","type":"product","link":"https:\/\/roveyayinevi.com.tr\/index.php\/urun\/kucuk-kadinlar-cizgi-roman\/","title":{"rendered":"K\u00fc\u00e7\u00fck Kad\u0131nlar- \u00c7izgi Roman"},"content":{"rendered":"<p>D\u00fcnya edebiyat\u0131n\u0131n sevilen klasiklerinden K\u00fc\u00e7\u00fck Kad\u0131nlar, reng\u00e2renk \u00e7izimler e\u015fli\u011finde \u00e7izgi roman sayfalar\u0131nda hayat buluyor. Nazik ve \u015fefkatli Meg, yazar olmay\u0131 hayal eden Jo, hassas ve sevimli Beth, sanat\u00e7\u0131 ruhlu ve utanga\u00e7 Amy\u2026 March Ailesi\u2019nin d\u00f6rt k\u0131z karde\u015fi, birbirlerinden \u00e7ok farkl\u0131lar. Babalar\u0131n\u0131n sava\u015fa kat\u0131lmas\u0131yla, aile i\u00e7in zorlu zamanlar ba\u015fl\u0131yor. D\u00f6rt k\u0131z karde\u015f, her \u015fartta birbirlerine s\u0131k\u0131 s\u0131k\u0131 sar\u0131larak, aile ba\u011flar\u0131n\u0131n ve karde\u015fli\u011fin g\u00fcc\u00fcn\u00fc yeniden ke\u015ffediyor. <\/p>\n","protected":false},"excerpt":{"rendered":"<p>D\u00fcnya edebiyat\u0131n\u0131n sevilen klasiklerinden K\u00fc\u00e7\u00fck Kad\u0131nlar, reng\u00e2renk \u00e7izimler e\u015fli\u011finde \u00e7izgi roman sayfalar\u0131nda hayat buluyor. Nazik ve \u015fefkatli Meg, yazar olmay\u0131 hayal eden Jo, hassas ve sevimli<span class=\"excerpt-hellip\"> [\u2026]<\/span><\/p>\n","protected":false},"featured_media":0,"template":"","meta":{"_monsterinsights_skip_tracking":false,"_monsterinsights_sitenote_active":false,"_monsterinsights_sitenote_note":"","_monsterinsights_sitenote_category":0},"product_brand":[],"product_cat":[12689,12274],"product_tag":[],"class_list":{"0":"post-761821","1":"product","2":"type-product","3":"status-publish","5":"product_cat-cizgi-roman-cocuk-ve-genclik-kitaplari","6":"product_cat-cocuk-ve-genclik-kitaplari","7":"pa_cilt-ciltsiz","8":"pa_tur-kitap","9":"pa_yayinevi-dogan-cocuk","10":"pa_yazar-louisa-may-alcott","12":"first","13":"instock","14":"sale","15":"shipping-taxable","16":"purchasable","17":"product-type-simple"},"_links":{"self":[{"href":"https:\/\/roveyayinevi.com.tr\/index.php\/wp-json\/wp\/v2\/product\/761821","targetHints":{"allow":["GET"]}}],"collection":[{"href":"https:\/\/roveyayinevi.com.tr\/index.php\/wp-json\/wp\/v2\/product"}],"about":[{"href":"https:\/\/roveyayinevi.com.tr\/index.php\/wp-json\/wp\/v2\/types\/product"}],"wp:attachment":[{"href":"https:\/\/roveyayinevi.com.tr\/index.php\/wp-json\/wp\/v2\/media?parent=761821"}],"wp:term":[{"taxonomy":"product_brand","embeddable":true,"href":"https:\/\/roveyayinevi.com.tr\/index.php\/wp-json\/wp\/v2\/product_brand?post=761821"},{"taxonomy":"product_cat","embeddable":true,"href":"https:\/\/roveyayinevi.com.tr\/index.php\/wp-json\/wp\/v2\/product_cat?post=761821"},{"taxonomy":"product_tag","embeddable":true,"href":"https:\/\/roveyayinevi.com.tr\/index.php\/wp-json\/wp\/v2\/product_tag?post=761821"}],"curies":[{"name":"wp","href":"https:\/\/api.w.org\/{rel}","templated":true}]}}