{"id":761820,"date":"2025-08-28T09:48:53","date_gmt":"2025-08-28T06:48:53","guid":{"rendered":"https:\/\/roveyayinevi.com.tr\/index.php\/urun\/daglarin-kizi-heidi-cizgi-roman\/"},"modified":"2026-04-15T03:27:03","modified_gmt":"2026-04-15T00:27:03","slug":"daglarin-kizi-heidi-cizgi-roman","status":"publish","type":"product","link":"https:\/\/roveyayinevi.com.tr\/index.php\/urun\/daglarin-kizi-heidi-cizgi-roman\/","title":{"rendered":"Da\u011flar\u0131n K\u0131z\u0131 Heidi- \u00c7izgi Roman"},"content":{"rendered":"<p>D\u00fcnya edebiyat\u0131n\u0131n sevilen klasiklerinden Da\u011flar\u0131n K\u0131z\u0131 Heidi, reng\u00e2renk \u00e7izimler e\u015fli\u011finde \u00e7izgi roman sayfalar\u0131nda hayat buluyor. Heidi, dedesiyle birlikte Alpler\u2019de ya\u015far. Arkada\u015f\u0131 \u00c7oban Peter ve ke\u00e7ilerle, da\u011flar\u0131n e\u015fsiz do\u011fas\u0131nda mutlu bir hayat s\u00fcrer. K\u00fc\u00e7\u00fck k\u0131z\u0131n hayat\u0131, hasta bir k\u0131z olan Clara\u2019ya arkada\u015fl\u0131k etmek i\u00e7in tan\u0131mad\u0131\u011f\u0131 bir \u015fehre gitmesiyle de\u011fi\u015fir. Heidi, \u00e7ok sevdi\u011fi da\u011flar\u0131 ve arkada\u015flar\u0131n\u0131 geride b\u0131rakabilecek mi? <\/p>\n","protected":false},"excerpt":{"rendered":"<p>D\u00fcnya edebiyat\u0131n\u0131n sevilen klasiklerinden Da\u011flar\u0131n K\u0131z\u0131 Heidi, reng\u00e2renk \u00e7izimler e\u015fli\u011finde \u00e7izgi roman sayfalar\u0131nda hayat buluyor. Heidi, dedesiyle birlikte Alpler\u2019de ya\u015far. Arkada\u015f\u0131 \u00c7oban Peter ve ke\u00e7ilerle, da\u011flar\u0131n<span class=\"excerpt-hellip\"> [\u2026]<\/span><\/p>\n","protected":false},"featured_media":0,"template":"","meta":{"_monsterinsights_skip_tracking":false,"_monsterinsights_sitenote_active":false,"_monsterinsights_sitenote_note":"","_monsterinsights_sitenote_category":0},"product_brand":[],"product_cat":[12689,12274],"product_tag":[],"class_list":{"0":"post-761820","1":"product","2":"type-product","3":"status-publish","5":"product_cat-cizgi-roman-cocuk-ve-genclik-kitaplari","6":"product_cat-cocuk-ve-genclik-kitaplari","7":"pa_cilt-ciltsiz","8":"pa_tur-kitap","9":"pa_yayinevi-dogan-cocuk","10":"pa_yazar-johanna-spyri","12":"first","13":"instock","14":"sale","15":"shipping-taxable","16":"purchasable","17":"product-type-simple"},"_links":{"self":[{"href":"https:\/\/roveyayinevi.com.tr\/index.php\/wp-json\/wp\/v2\/product\/761820","targetHints":{"allow":["GET"]}}],"collection":[{"href":"https:\/\/roveyayinevi.com.tr\/index.php\/wp-json\/wp\/v2\/product"}],"about":[{"href":"https:\/\/roveyayinevi.com.tr\/index.php\/wp-json\/wp\/v2\/types\/product"}],"wp:attachment":[{"href":"https:\/\/roveyayinevi.com.tr\/index.php\/wp-json\/wp\/v2\/media?parent=761820"}],"wp:term":[{"taxonomy":"product_brand","embeddable":true,"href":"https:\/\/roveyayinevi.com.tr\/index.php\/wp-json\/wp\/v2\/product_brand?post=761820"},{"taxonomy":"product_cat","embeddable":true,"href":"https:\/\/roveyayinevi.com.tr\/index.php\/wp-json\/wp\/v2\/product_cat?post=761820"},{"taxonomy":"product_tag","embeddable":true,"href":"https:\/\/roveyayinevi.com.tr\/index.php\/wp-json\/wp\/v2\/product_tag?post=761820"}],"curies":[{"name":"wp","href":"https:\/\/api.w.org\/{rel}","templated":true}]}}