{"id":761819,"date":"2025-08-28T09:48:52","date_gmt":"2025-08-28T06:48:52","guid":{"rendered":"https:\/\/roveyayinevi.com.tr\/index.php\/urun\/evrende-yasam-arayisi\/"},"modified":"2026-04-15T03:27:03","modified_gmt":"2026-04-15T00:27:03","slug":"evrende-yasam-arayisi","status":"publish","type":"product","link":"https:\/\/roveyayinevi.com.tr\/index.php\/urun\/evrende-yasam-arayisi\/","title":{"rendered":"Evrende Ya\u015fam Aray\u0131\u015f\u0131"},"content":{"rendered":"<p>Yaln\u0131z de\u011filiz \u00e7u\u0308nku\u0308 bir galaksinin kollar\u0131n\u0131n girdab\u0131ndan ya da r\u00fczg\u00e2r\u0131n bir girdapta tozu yakalamas\u0131ndan farkl\u0131 de\u011filiz. Bir atom kadar kurald\u0131\u015f\u0131 de\u011filiz. Kendimizi nas\u0131l yaln\u0131z hissedebiliriz ki?   \u00dcnl\u00fc bilim yazar\u0131 Jaime Green, Evrende Ya\u015fam Aray\u0131\u015f\u0131\u2019nda Galileo ve Kopernik\u2019ten g\u00fcn\u00fcm\u00fcz\u00fcn \u00f6tegezegen aray\u0131\u015f\u0131na kadar uzanan bilgi birikimimizin tarihsel izini s\u00fcr\u00fcyor. Bilim insanlar\u0131n\u0131n ve kurduklar\u0131 d\u00fcnyalarla onlara ilham kayna\u011f\u0131 olan bilimkurgu yazarlar\u0131n\u0131n i\u00e7g\u00f6r\u00fclerini bir arada irdeliyor. Uzman s\u00f6yle\u015fileri, astronomi ara\u015ft\u0131rmalar\u0131, felsefi sorgulamalar ve Zamanda K\u0131vr\u0131lma, Uzay Yolu, Geli\u015f gibi pek \u00e7ok pop\u00fcler k\u00fclt\u00fcr referans\u0131n\u0131 i\u00e7eren bu kitap, evrene dair geli\u015fen alg\u0131m\u0131z hakk\u0131nda kapsaml\u0131 bir ke\u015fif sunarken daha derin bir soru ortaya \u00e7\u0131k\u0131yor: Peki, u\u00e7suz bucaks\u0131z bu evrende insan olmak ne anlama geliyor?   \u201cG\u00f6z kama\u015ft\u0131r\u0131c\u0131 bir hayal g\u00fcc\u00fc ve e\u015fsiz bir sentez.\u201d\u2014Ed Yong, Pulitzer \u00d6d\u00fcl\u00fc Sahibi<\/p>\n","protected":false},"excerpt":{"rendered":"<p>Yaln\u0131z de\u011filiz \u00e7u\u0308nku\u0308 bir galaksinin kollar\u0131n\u0131n girdab\u0131ndan ya da r\u00fczg\u00e2r\u0131n bir girdapta tozu yakalamas\u0131ndan farkl\u0131 de\u011filiz. Bir atom kadar kurald\u0131\u015f\u0131 de\u011filiz. Kendimizi nas\u0131l yaln\u0131z hissedebiliriz ki?<span class=\"excerpt-hellip\"> [\u2026]<\/span><\/p>\n","protected":false},"featured_media":0,"template":"","meta":{"_monsterinsights_skip_tracking":false,"_monsterinsights_sitenote_active":false,"_monsterinsights_sitenote_note":"","_monsterinsights_sitenote_category":0},"product_brand":[],"product_cat":[13005,13006],"product_tag":[],"class_list":{"0":"post-761819","1":"product","2":"type-product","3":"status-publish","5":"product_cat-bilim-muhendislik","6":"product_cat-populer-bilim","7":"pa_cilt-ciltsiz","8":"pa_tur-kitap","9":"pa_yayinevi-serenad-yayinevi","10":"pa_yazar-jaime-green","12":"first","13":"instock","14":"sale","15":"shipping-taxable","16":"purchasable","17":"product-type-simple"},"_links":{"self":[{"href":"https:\/\/roveyayinevi.com.tr\/index.php\/wp-json\/wp\/v2\/product\/761819","targetHints":{"allow":["GET"]}}],"collection":[{"href":"https:\/\/roveyayinevi.com.tr\/index.php\/wp-json\/wp\/v2\/product"}],"about":[{"href":"https:\/\/roveyayinevi.com.tr\/index.php\/wp-json\/wp\/v2\/types\/product"}],"wp:attachment":[{"href":"https:\/\/roveyayinevi.com.tr\/index.php\/wp-json\/wp\/v2\/media?parent=761819"}],"wp:term":[{"taxonomy":"product_brand","embeddable":true,"href":"https:\/\/roveyayinevi.com.tr\/index.php\/wp-json\/wp\/v2\/product_brand?post=761819"},{"taxonomy":"product_cat","embeddable":true,"href":"https:\/\/roveyayinevi.com.tr\/index.php\/wp-json\/wp\/v2\/product_cat?post=761819"},{"taxonomy":"product_tag","embeddable":true,"href":"https:\/\/roveyayinevi.com.tr\/index.php\/wp-json\/wp\/v2\/product_tag?post=761819"}],"curies":[{"name":"wp","href":"https:\/\/api.w.org\/{rel}","templated":true}]}}