{"id":761818,"date":"2025-08-28T09:48:51","date_gmt":"2025-08-28T06:48:51","guid":{"rendered":"https:\/\/roveyayinevi.com.tr\/index.php\/urun\/milli-meclis\/"},"modified":"2026-04-15T03:27:03","modified_gmt":"2026-04-15T00:27:03","slug":"milli-meclis","status":"publish","type":"product","link":"https:\/\/roveyayinevi.com.tr\/index.php\/urun\/milli-meclis\/","title":{"rendered":"Milli Meclis"},"content":{"rendered":"<p>Kurtulu\u015f Sava\u015f\u0131\u2019n\u0131 ba\u015far\u0131ya ula\u015fmas\u0131, ulusal meclisin zorlu m\u00fccadelesi ve cumhuriyete giden yolun hik\u00e2yesi&#8230;Mustafa Kemal Pa\u015fa, 27 Aral\u0131k 1919\u2019da Ankara\u2019ya vard\u0131\u011f\u0131nda hayat\u0131n\u0131n en zor d\u00f6rt ay\u0131 ba\u015flad\u0131. Milli M\u00fccadele\u2019nin, ancak Ankara\u2019da, d\u00fc\u015fman tehdidinden uzak bir temsilciler meclisi \u00f6nderli\u011finde ba\u015far\u0131l\u0131 olaca\u011f\u0131na inan\u0131yordu. Ama bu konudaki t\u00fcm uyar\u0131lar\u0131na kar\u015f\u0131n Mebusan Meclisi \u0130stanbul\u2019da topland\u0131. Onun \u00f6ng\u00f6r\u00fcleri, sonunda do\u011fru \u00e7\u0131kt\u0131 ve M\u00fcttefikler, Mebusan Meclisini da\u011f\u0131t\u0131p milletvekillerini tutuklad\u0131lar. \u0130stanbul\u2019daki Meclisin \u00e7al\u0131\u015fma olana\u011f\u0131 kalmad\u0131\u011f\u0131ndan art\u0131k g\u00f6zler Ankara\u2019dayd\u0131.23 Nisan 1920 tarihinde yurdun d\u00f6rt bir yan\u0131ndan gelen temsilciler Ankara\u2019da topland\u0131. Milli M\u00fccadele Hareketi\u2019nin arkas\u0131nda art\u0131k halk\u0131n ger\u00e7ek iradesini yans\u0131tan bir Meclis vard\u0131. \u00dclkeyi d\u00fc\u015fman i\u015fgalinden kurtaracak zorlu m\u00fccadele ba\u015fl\u0131yordu.Ara\u015ft\u0131rmac\u0131 Turan Ak\u0131nc\u0131, bu kitapta, \u0130stiklal Sava\u015f\u0131\u2019n\u0131 zafere ula\u015ft\u0131ran Milli Meclisin a\u00e7\u0131ld\u0131\u011f\u0131 23 Nisan 1920\u2019den Cumhuriyetin ilan edildi\u011fi 29 Ekim 1923\u2019e kadar ge\u00e7en 42 ay\u0131 ayr\u0131nt\u0131lar\u0131yla anlat\u0131yor.<\/p>\n","protected":false},"excerpt":{"rendered":"<p>Kurtulu\u015f Sava\u015f\u0131\u2019n\u0131 ba\u015far\u0131ya ula\u015fmas\u0131, ulusal meclisin zorlu m\u00fccadelesi ve cumhuriyete giden yolun hik\u00e2yesi&#8230;Mustafa Kemal Pa\u015fa, 27 Aral\u0131k 1919\u2019da Ankara\u2019ya vard\u0131\u011f\u0131nda hayat\u0131n\u0131n en zor d\u00f6rt ay\u0131 ba\u015flad\u0131.<span class=\"excerpt-hellip\"> [\u2026]<\/span><\/p>\n","protected":false},"featured_media":0,"template":"","meta":{"_monsterinsights_skip_tracking":false,"_monsterinsights_sitenote_active":false,"_monsterinsights_sitenote_note":"","_monsterinsights_sitenote_category":0},"product_brand":[],"product_cat":[12370,12304],"product_tag":[],"class_list":{"0":"post-761818","1":"product","2":"type-product","3":"status-publish","5":"product_cat-arastirma-inceleme","6":"product_cat-tarih","7":"pa_cilt-ciltsiz","8":"pa_tur-kitap","9":"pa_yayinevi-remzi-kitabevi","10":"pa_yazar-turan-akinci","12":"first","13":"instock","14":"sale","15":"shipping-taxable","16":"purchasable","17":"product-type-simple"},"_links":{"self":[{"href":"https:\/\/roveyayinevi.com.tr\/index.php\/wp-json\/wp\/v2\/product\/761818","targetHints":{"allow":["GET"]}}],"collection":[{"href":"https:\/\/roveyayinevi.com.tr\/index.php\/wp-json\/wp\/v2\/product"}],"about":[{"href":"https:\/\/roveyayinevi.com.tr\/index.php\/wp-json\/wp\/v2\/types\/product"}],"wp:attachment":[{"href":"https:\/\/roveyayinevi.com.tr\/index.php\/wp-json\/wp\/v2\/media?parent=761818"}],"wp:term":[{"taxonomy":"product_brand","embeddable":true,"href":"https:\/\/roveyayinevi.com.tr\/index.php\/wp-json\/wp\/v2\/product_brand?post=761818"},{"taxonomy":"product_cat","embeddable":true,"href":"https:\/\/roveyayinevi.com.tr\/index.php\/wp-json\/wp\/v2\/product_cat?post=761818"},{"taxonomy":"product_tag","embeddable":true,"href":"https:\/\/roveyayinevi.com.tr\/index.php\/wp-json\/wp\/v2\/product_tag?post=761818"}],"curies":[{"name":"wp","href":"https:\/\/api.w.org\/{rel}","templated":true}]}}