{"id":761817,"date":"2025-08-28T09:48:49","date_gmt":"2025-08-28T06:48:49","guid":{"rendered":"https:\/\/roveyayinevi.com.tr\/index.php\/urun\/gercek-bir-masal\/"},"modified":"2026-04-15T03:27:03","modified_gmt":"2026-04-15T00:27:03","slug":"gercek-bir-masal","status":"publish","type":"product","link":"https:\/\/roveyayinevi.com.tr\/index.php\/urun\/gercek-bir-masal\/","title":{"rendered":"Ger\u00e7ek Bir Masal"},"content":{"rendered":"<p>Ya\u015fad\u0131klar\u0131ndan dersler \u00e7\u0131karan ve art\u0131k s\u0131radan bir hayat ya\u015famaya kararl\u0131 olan Nefes, kendini yine karmakar\u0131\u015f\u0131k olaylar\u0131n i\u00e7inde buluyor! Neyse ki bu kez yaln\u0131z de\u011fil\u2026 \u00c7ok sevdi\u011fi arkada\u015flar\u0131 Deniz ve Arda da ona e\u015flik ediyor. Deniz ve Arda\u2019y\u0131 keyifli bir aile pikni\u011finde bir araya getiren Nefes, ba\u015f\u0131na yeni dertler a\u00e7mamak i\u00e7in elinden geleni yap\u0131yor. Ancak orman\u0131n derinliklerindeki gizemli bir k\u00f6\u015fk t\u00fcm planlar\u0131n\u0131 alt\u00fcst ediyor ve Nefes bir s\u00fcr\u00fc soruyla ba\u015f ba\u015fa kal\u0131yor: Yalanlar\u0131n renkleri olur mu? Ba\u015fkalar\u0131n\u0131 mutlu etmek i\u00e7in s\u00f6ylenen yalanlar ger\u00e7ekten masum mudur? Her yalan er ge\u00e7 ortaya \u00e7\u0131kar m\u0131?   Sosyal medyada \u201cAkademisyen Anne\u201d hesab\u0131 ile y\u00fczbinlerce anne babaya geli\u015fim destek \u00f6nerileri veren, \u00e7ocuk geli\u015fimi alan\u0131nda \u00fclkemizin en \u00fcretken ve de\u011ferli isimlerinden Do\u00e7. Dr. Saniye Bencik Kangal\u2019dan yepyeni bir seri:  Hayat Dedi\u011fin\u2026 Ne de olsa hayat dedi\u011fimiz, ger\u00e7ek bir masal!   ***   Bu seriyle hayat\u0131n ini\u015fli \u00e7\u0131k\u0131\u015fl\u0131 yollar\u0131nda birlikte ilerleyecek, nesiller aras\u0131 ileti\u015fimden arkada\u015fl\u0131\u011fa, okul hayat\u0131ndan maceraya, iyisiyle k\u00f6t\u00fcs\u00fcyle her t\u00fcrl\u00fc duyguya ve duruma \u015fahitlik edece\u011fiz. Do\u00e7. Dr. Saniye Bencik Kangal\u2019\u0131n e\u011flenceli ve i\u00e7ten kalemi bu kez okul \u00e7ocu\u011fu Nefes karakteriyle v\u00fccut buluyor; bir \u00e7ocu\u011fun g\u00f6z\u00fcnden hayat\u0131n kar\u015f\u0131m\u0131za neler \u00e7\u0131karabilece\u011fini her kitapta farkl\u0131 bir temayla irdeliyor.     M\u00fcfredat temalar\u0131:  NES\u0130LLER ARASI \u0130LET\u0130\u015e\u0130M, DUYGULAR, \u00c7OCUK D\u00dcNYASI, ZAMAN VE MEK\u00c2N, HAYAT BECER\u0130LER\u0130, ERDEMLER <\/p>\n","protected":false},"excerpt":{"rendered":"<p>Ya\u015fad\u0131klar\u0131ndan dersler \u00e7\u0131karan ve art\u0131k s\u0131radan bir hayat ya\u015famaya kararl\u0131 olan Nefes, kendini yine karmakar\u0131\u015f\u0131k olaylar\u0131n i\u00e7inde buluyor! Neyse ki bu kez yaln\u0131z de\u011fil\u2026 \u00c7ok sevdi\u011fi<span class=\"excerpt-hellip\"> [\u2026]<\/span><\/p>\n","protected":false},"featured_media":0,"template":"","meta":{"_monsterinsights_skip_tracking":false,"_monsterinsights_sitenote_active":false,"_monsterinsights_sitenote_note":"","_monsterinsights_sitenote_category":0},"product_brand":[],"product_cat":[12274,12523],"product_tag":[],"class_list":{"0":"post-761817","1":"product","2":"type-product","3":"status-publish","5":"product_cat-cocuk-ve-genclik-kitaplari","6":"product_cat-masallar","7":"pa_cilt-ciltsiz","8":"pa_tur-kitap","9":"pa_yayinevi-kronik-kitap","10":"pa_yazar-saniye-bencik-kangal","12":"first","13":"instock","14":"sale","15":"shipping-taxable","16":"purchasable","17":"product-type-simple"},"_links":{"self":[{"href":"https:\/\/roveyayinevi.com.tr\/index.php\/wp-json\/wp\/v2\/product\/761817","targetHints":{"allow":["GET"]}}],"collection":[{"href":"https:\/\/roveyayinevi.com.tr\/index.php\/wp-json\/wp\/v2\/product"}],"about":[{"href":"https:\/\/roveyayinevi.com.tr\/index.php\/wp-json\/wp\/v2\/types\/product"}],"wp:attachment":[{"href":"https:\/\/roveyayinevi.com.tr\/index.php\/wp-json\/wp\/v2\/media?parent=761817"}],"wp:term":[{"taxonomy":"product_brand","embeddable":true,"href":"https:\/\/roveyayinevi.com.tr\/index.php\/wp-json\/wp\/v2\/product_brand?post=761817"},{"taxonomy":"product_cat","embeddable":true,"href":"https:\/\/roveyayinevi.com.tr\/index.php\/wp-json\/wp\/v2\/product_cat?post=761817"},{"taxonomy":"product_tag","embeddable":true,"href":"https:\/\/roveyayinevi.com.tr\/index.php\/wp-json\/wp\/v2\/product_tag?post=761817"}],"curies":[{"name":"wp","href":"https:\/\/api.w.org\/{rel}","templated":true}]}}