{"id":761814,"date":"2025-08-28T09:48:45","date_gmt":"2025-08-28T06:48:45","guid":{"rendered":"https:\/\/roveyayinevi.com.tr\/index.php\/urun\/dijital-cagda-saglikli-cocuk-yetistirmek\/"},"modified":"2026-04-15T03:27:03","modified_gmt":"2026-04-15T00:27:03","slug":"dijital-cagda-saglikli-cocuk-yetistirmek","status":"publish","type":"product","link":"https:\/\/roveyayinevi.com.tr\/index.php\/urun\/dijital-cagda-saglikli-cocuk-yetistirmek\/","title":{"rendered":"Dijital \u00c7a\u011fda Sa\u011fl\u0131kl\u0131 \u00c7ocuk Yeti\u015ftirmek"},"content":{"rendered":"<p>Yak\u0131n gelecekte teknoloji al\u0131\u015fkanl\u0131klar\u0131m\u0131z\u0131 k\u00f6ku\u0308nden de\u011fi\u015ftirecek bir devrime tan\u0131kl\u0131k ediyoruz. Dijital du\u0308nyan\u0131n, t\u0131pk\u0131 evren gibi, s\u0131n\u0131rlar\u0131 belirsiz; belki de yok. Anne-babalar olarak, bugu\u0308n belki de ilk kez, \u00e7ocuklar\u0131m\u0131z\u0131n bizden be\u015f ad\u0131m ileriden gitti\u011fi bir du\u0308nyada -hem de sanal bir du\u0308nyada- onlara yakla\u015farak e\u015flik etme ve dahas\u0131, bir de u\u0308stu\u0308ne, rehberlik yapma durumunday\u0131z. Peki, bunu nas\u0131l yapaca\u011f\u0131z? \u00b7         Dijital teknolojiden uzak durmadan, kendimizi ve sa\u011fl\u0131\u011f\u0131m\u0131z\u0131 koruyarak bu \u00e7a\u011fda nas\u0131l yer alaca\u011f\u0131z? \u00b7         \u00c7ocu\u011fumuzun fiziksel d\u00fcnya ile sanal d\u00fcnya aras\u0131nda denge kurmas\u0131na nas\u0131l destek olaca\u011f\u0131z? \u00b7         Dijital \u00e7a\u011fda sa\u011fl\u0131kl\u0131 s\u0131n\u0131rlar\u0131 nas\u0131l koyaca\u011f\u0131z? \u00b7         Yapay zek\u00e2 uygulamalar\u0131nda, sanal ger\u00e7eklik ortamlar\u0131nda dikkat edilecek noktalar\u0131 \u00e7ocu\u011fumuza nas\u0131l anlataca\u011f\u0131z? \u00b7         \u00c7ocu\u011fumuzun geli\u015fimi i\u00e7in internetin getirdi\u011fi f\u0131rsatlardan nas\u0131l yararlanabiliriz? \u00b7         \u00c7ocu\u011fumuzun dijital zek\u00e2s\u0131n\u0131 nas\u0131l destekleyebiliriz? Ya\u015fam-boyu geli\u015fim, \u00e7ocuk psikolojisi ve ebeveynlik konular\u0131nda otuz y\u0131ll\u0131k bilgi birikimine sahip bir bilim insan\u0131, ebeveyn dan\u0131\u015fman\u0131 ve dijital \u00e7a\u011fda bir anne olarak Prof. Dr. Ay\u015fe Bilge Sel\u00e7uk\u2019un kaleminden ses getirecek bir \u00e7al\u0131\u015fma: Dijital \u00c7a\u011fda Sa\u011fl\u0131kl\u0131 \u00c7ocuk Yeti\u015ftirmek. Psikolojide uluslararas\u0131 d\u00fczeyde ara\u015ft\u0131rmalar\u0131yla tan\u0131nan Prof. Dr. Ay\u015fe Bilge Sel\u00e7uk dijital zek\u00e2, ekran s\u00fcresi, sa\u011fl\u0131kl\u0131 s\u0131n\u0131rlar, teknoloji ba\u011f\u0131ml\u0131l\u0131\u011f\u0131, siber zorbal\u0131k ve dijital \u00e7a\u011fda anne-babalar i\u00e7in kritik olan konular\u0131 basmakal\u0131p re\u00e7etelerle de\u011fil; \u00e7ok katmanl\u0131 ve ger\u00e7ek\u00e7i \u015fekilde ele al\u0131yor. Dijital \u00e7a\u011fda sa\u011fl\u0131kl\u0131 \u00e7ocuk yeti\u015ftirirken pek \u00e7ok kap\u0131y\u0131 a\u00e7acak 33 anahtar, 33 yol g\u00f6sterici prensip sunuyor. Dijital \u00c7a\u011fda Sa\u011fl\u0131kl\u0131 \u00c7ocuk Yeti\u015ftirmek; s\u0131rt\u0131n\u0131 bilime yaslayan, y\u00fcz\u00fcn\u00fc ger\u00e7ek ya\u015fama d\u00f6nen bir rehber\u2026 <\/p>\n","protected":false},"excerpt":{"rendered":"<p>Yak\u0131n gelecekte teknoloji al\u0131\u015fkanl\u0131klar\u0131m\u0131z\u0131 k\u00f6ku\u0308nden de\u011fi\u015ftirecek bir devrime tan\u0131kl\u0131k ediyoruz. Dijital du\u0308nyan\u0131n, t\u0131pk\u0131 evren gibi, s\u0131n\u0131rlar\u0131 belirsiz; belki de yok. Anne-babalar olarak, bugu\u0308n belki de ilk<span class=\"excerpt-hellip\"> [\u2026]<\/span><\/p>\n","protected":false},"featured_media":0,"template":"","meta":{"_monsterinsights_skip_tracking":false,"_monsterinsights_sitenote_active":false,"_monsterinsights_sitenote_note":"","_monsterinsights_sitenote_category":0},"product_brand":[],"product_cat":[12679,12357],"product_tag":[],"class_list":{"0":"post-761814","1":"product","2":"type-product","3":"status-publish","5":"product_cat-cocuk-psikolojisi","6":"product_cat-psikoloji","7":"pa_cilt-ciltsiz","8":"pa_tur-kitap","9":"pa_yayinevi-kronik-kitap","10":"pa_yazar-ayse-bilge-selcuk","12":"first","13":"instock","14":"sale","15":"shipping-taxable","16":"purchasable","17":"product-type-simple"},"_links":{"self":[{"href":"https:\/\/roveyayinevi.com.tr\/index.php\/wp-json\/wp\/v2\/product\/761814","targetHints":{"allow":["GET"]}}],"collection":[{"href":"https:\/\/roveyayinevi.com.tr\/index.php\/wp-json\/wp\/v2\/product"}],"about":[{"href":"https:\/\/roveyayinevi.com.tr\/index.php\/wp-json\/wp\/v2\/types\/product"}],"wp:attachment":[{"href":"https:\/\/roveyayinevi.com.tr\/index.php\/wp-json\/wp\/v2\/media?parent=761814"}],"wp:term":[{"taxonomy":"product_brand","embeddable":true,"href":"https:\/\/roveyayinevi.com.tr\/index.php\/wp-json\/wp\/v2\/product_brand?post=761814"},{"taxonomy":"product_cat","embeddable":true,"href":"https:\/\/roveyayinevi.com.tr\/index.php\/wp-json\/wp\/v2\/product_cat?post=761814"},{"taxonomy":"product_tag","embeddable":true,"href":"https:\/\/roveyayinevi.com.tr\/index.php\/wp-json\/wp\/v2\/product_tag?post=761814"}],"curies":[{"name":"wp","href":"https:\/\/api.w.org\/{rel}","templated":true}]}}