{"id":761812,"date":"2025-08-28T09:48:42","date_gmt":"2025-08-28T06:48:42","guid":{"rendered":"https:\/\/roveyayinevi.com.tr\/index.php\/urun\/finansal-ozgurluk\/"},"modified":"2026-04-15T03:27:03","modified_gmt":"2026-04-15T00:27:03","slug":"finansal-ozgurluk","status":"publish","type":"product","link":"https:\/\/roveyayinevi.com.tr\/index.php\/urun\/finansal-ozgurluk\/","title":{"rendered":"Finansal \u00d6zg\u00fcrl\u00fck"},"content":{"rendered":"<p>Pek \u00e7ok insan \u00f6mr\u00fcn\u00fcn b\u00fcy\u00fck b\u00f6l\u00fcm\u00fcn\u00fc ge\u00e7imini sa\u011flamak i\u00e7in harc\u0131yor. Ancak \u00e7ok az say\u0131da insan tasarruf ve yat\u0131r\u0131m konular\u0131nda kendisini geli\u015ftirip daha \u00f6zg\u00fcr ve mutlu bir hayat in\u015fa edebiliyor. Tasarruf ve yat\u0131r\u0131mlar\u0131m\u0131z\u0131 etkin \u015fekilde y\u00f6netmek g\u00fcnde yakla\u015f\u0131k 10 saatimizi harcad\u0131\u011f\u0131m\u0131z i\u015fimize k\u0131yasla bize \u00e7ok daha y\u00fcksek getiriler sa\u011flayabilir. Dahas\u0131, yat\u0131r\u0131mlar\u0131m\u0131z\u0131 y\u00f6netmek i\u00e7in harcayaca\u011f\u0131m\u0131z zaman, mesai s\u00fcremizle k\u0131yasla \u00e7ok daha az.   Finansal \u00d6zg\u00fcrl\u00fck, i\u015fini \u00f6zg\u00fcrce se\u00e7ebilmek, i\u015fsizlik gibi olumsuz senaryolara haz\u0131rl\u0131kl\u0131 olabilmek, hayal etti\u011fi evi alabilmek, \u00e7ocuklar\u0131na iyi e\u011fitim imk\u00e2nlar\u0131 sunabilmek ve emeklilikte kendini g\u00fcvende hissedebilmek isteyen, k\u0131sacas\u0131 maddi kayg\u0131lar\u0131ndan ar\u0131nmay\u0131 arzu edenler i\u00e7in yaz\u0131ld\u0131. Bu kitap okuyucusunu, tasarruf, yat\u0131r\u0131m ara\u00e7lar\u0131, portf\u00f6y y\u00f6netimi ve yat\u0131r\u0131mc\u0131 psikolojisi konular\u0131nda kendi ba\u015f\u0131na ayakta durabilece\u011fi bilgilerle donatmay\u0131 hedefliyor.   Finans ve yat\u0131r\u0131m alan\u0131ndaki 20 y\u0131l\u0131 a\u015fk\u0131n piyasa tecr\u00fcbelerini ve \u00e7ok say\u0131daki finansal ara\u015ft\u0131rmay\u0131 harmanlayan Serkan \u00dcnal ve \u015eebnem \u00d6zdemir a\u015fa\u011f\u0131dakiler gibi pek \u00e7ok soruyu Finansal \u00d6zg\u00fcrl\u00fck\u2019te yan\u0131tl\u0131yor.   \u00b7         Finansal \u00d6zg\u00fcrl\u00fc\u011fe Giden Yol: Neden finansal \u00f6zg\u00fcr olmal\u0131y\u0131z ve bu hedefe nas\u0131l ula\u015fabiliriz? \u00b7         Yat\u0131r\u0131m Ara\u00e7lar\u0131n\u0131 Tan\u0131mak: Hangi yat\u0131r\u0131m ara\u00e7lar\u0131 sizin i\u00e7in en uygun? \u00b7         Borsa ve Hisse Senetleri: Borsa nas\u0131l \u00e7al\u0131\u015f\u0131r ve hisse senetlerinde nas\u0131l yat\u0131r\u0131m yap\u0131l\u0131r? \u00b7         Portf\u00f6y Y\u00f6netimi ve Stratejiler: Ba\u015far\u0131l\u0131 bir portf\u00f6y y\u00f6netimi nas\u0131l yap\u0131l\u0131r ve hangi stratejiler uygulanmal\u0131d\u0131r? \u00b7         B\u00fct\u00e7e Y\u00f6netimi ve Tasarruf: Gelirlerinizi ve giderlerinizi nas\u0131l y\u00f6netmelisiniz? \u00b7         Yat\u0131r\u0131mc\u0131 Psikolojisi: Finansal kararlar\u0131n\u0131z\u0131 etkileyen psikolojik fakt\u00f6rler nelerdir ve bunlar\u0131 nas\u0131l y\u00f6netebilirsiniz? Yat\u0131r\u0131m d\u00fcnyas\u0131na ad\u0131m atmak isteyenler i\u00e7in bir ba\u015fvuru kitab\u0131 olan Finansal \u00d6zg\u00fcrl\u00fck, d\u0131\u015far\u0131dan \u00e7ok karma\u015f\u0131k g\u00f6z\u00fcken yat\u0131r\u0131m yollar\u0131n\u0131 a\u00e7\u0131k ve net bir \u00fcslupla anlat\u0131rken finansal okuryazarl\u0131\u011f\u0131m\u0131z\u0131 art\u0131r\u0131yor ve bir t\u00fcrl\u00fc cesaret edemedi\u011fimiz ilk ad\u0131m\u0131m\u0131z\u0131 atmam\u0131za yard\u0131mc\u0131 oluyor.   Bug\u00fcn de\u011filse ne zaman? \u015eimdi, hayat\u0131n\u0131z\u0131n kontrol\u00fcn\u00fc elinize alman\u0131n tam zaman\u0131! <\/p>\n","protected":false},"excerpt":{"rendered":"<p>Pek \u00e7ok insan \u00f6mr\u00fcn\u00fcn b\u00fcy\u00fck b\u00f6l\u00fcm\u00fcn\u00fc ge\u00e7imini sa\u011flamak i\u00e7in harc\u0131yor. Ancak \u00e7ok az say\u0131da insan tasarruf ve yat\u0131r\u0131m konular\u0131nda kendisini geli\u015ftirip daha \u00f6zg\u00fcr ve mutlu bir<span class=\"excerpt-hellip\"> [\u2026]<\/span><\/p>\n","protected":false},"featured_media":0,"template":"","meta":{"_monsterinsights_skip_tracking":false,"_monsterinsights_sitenote_active":false,"_monsterinsights_sitenote_note":"","_monsterinsights_sitenote_category":0},"product_brand":[],"product_cat":[13043,17647],"product_tag":[],"class_list":{"0":"post-761812","1":"product","2":"type-product","3":"status-publish","5":"product_cat-ekonomi","6":"product_cat-is-dunyasi","7":"pa_cilt-ciltsiz","8":"pa_tur-kitap","9":"pa_yayinevi-kronik-kitap","10":"pa_yazar-serkan-unal-sebnem-ozdemir","12":"first","13":"instock","14":"sale","15":"shipping-taxable","16":"purchasable","17":"product-type-simple"},"_links":{"self":[{"href":"https:\/\/roveyayinevi.com.tr\/index.php\/wp-json\/wp\/v2\/product\/761812","targetHints":{"allow":["GET"]}}],"collection":[{"href":"https:\/\/roveyayinevi.com.tr\/index.php\/wp-json\/wp\/v2\/product"}],"about":[{"href":"https:\/\/roveyayinevi.com.tr\/index.php\/wp-json\/wp\/v2\/types\/product"}],"wp:attachment":[{"href":"https:\/\/roveyayinevi.com.tr\/index.php\/wp-json\/wp\/v2\/media?parent=761812"}],"wp:term":[{"taxonomy":"product_brand","embeddable":true,"href":"https:\/\/roveyayinevi.com.tr\/index.php\/wp-json\/wp\/v2\/product_brand?post=761812"},{"taxonomy":"product_cat","embeddable":true,"href":"https:\/\/roveyayinevi.com.tr\/index.php\/wp-json\/wp\/v2\/product_cat?post=761812"},{"taxonomy":"product_tag","embeddable":true,"href":"https:\/\/roveyayinevi.com.tr\/index.php\/wp-json\/wp\/v2\/product_tag?post=761812"}],"curies":[{"name":"wp","href":"https:\/\/api.w.org\/{rel}","templated":true}]}}