{"id":761811,"date":"2025-08-28T09:48:40","date_gmt":"2025-08-28T06:48:40","guid":{"rendered":"https:\/\/roveyayinevi.com.tr\/index.php\/urun\/blend-s\/"},"modified":"2026-04-15T03:27:03","modified_gmt":"2026-04-15T00:27:03","slug":"blend-s","status":"publish","type":"product","link":"https:\/\/roveyayinevi.com.tr\/index.php\/urun\/blend-s\/","title":{"rendered":"Blend S"},"content":{"rendered":"<p>Maika, kafe m\u00fcd\u00fcr\u00fcn\u00fcn deste\u011fiyle garsonlar\u0131n Tsundere gibi de\u011fi\u015fik rollere girerek hizmet verdi\u011fi bir kafede i\u015fe ba\u015fl\u0131yor ve s\u0131ra d\u0131\u015f\u0131 bir role b\u00fcr\u00fcn\u00fcyor! Rol\u00fcnde beklenmedik derecede yetenekli oldu\u011fu ortaya \u00e7\u0131k\u0131yor.Muhte\u015fem bir ekibin i\u015f yerinde ya\u015fad\u0131\u011f\u0131 komik olaylar dizisi ba\u015fl\u0131yor!<\/p>\n","protected":false},"excerpt":{"rendered":"<p>Maika, kafe m\u00fcd\u00fcr\u00fcn\u00fcn deste\u011fiyle garsonlar\u0131n Tsundere gibi de\u011fi\u015fik rollere girerek hizmet verdi\u011fi bir kafede i\u015fe ba\u015fl\u0131yor ve s\u0131ra d\u0131\u015f\u0131 bir role b\u00fcr\u00fcn\u00fcyor! Rol\u00fcnde beklenmedik derecede yetenekli<span class=\"excerpt-hellip\"> [\u2026]<\/span><\/p>\n","protected":false},"featured_media":0,"template":"","meta":{"_monsterinsights_skip_tracking":false,"_monsterinsights_sitenote_active":false,"_monsterinsights_sitenote_note":"","_monsterinsights_sitenote_category":0},"product_brand":[],"product_cat":[12416,12291],"product_tag":[],"class_list":{"0":"post-761811","1":"product","2":"type-product","3":"status-publish","5":"product_cat-cizgi-roman","6":"product_cat-edebiyat","7":"pa_cilt-ciltsiz","8":"pa_tur-kitap","9":"pa_yayinevi-kayip-kita-yayinlari","10":"pa_yazar-nakayama-miyuki","12":"first","13":"instock","14":"sale","15":"shipping-taxable","16":"purchasable","17":"product-type-simple"},"_links":{"self":[{"href":"https:\/\/roveyayinevi.com.tr\/index.php\/wp-json\/wp\/v2\/product\/761811","targetHints":{"allow":["GET"]}}],"collection":[{"href":"https:\/\/roveyayinevi.com.tr\/index.php\/wp-json\/wp\/v2\/product"}],"about":[{"href":"https:\/\/roveyayinevi.com.tr\/index.php\/wp-json\/wp\/v2\/types\/product"}],"wp:attachment":[{"href":"https:\/\/roveyayinevi.com.tr\/index.php\/wp-json\/wp\/v2\/media?parent=761811"}],"wp:term":[{"taxonomy":"product_brand","embeddable":true,"href":"https:\/\/roveyayinevi.com.tr\/index.php\/wp-json\/wp\/v2\/product_brand?post=761811"},{"taxonomy":"product_cat","embeddable":true,"href":"https:\/\/roveyayinevi.com.tr\/index.php\/wp-json\/wp\/v2\/product_cat?post=761811"},{"taxonomy":"product_tag","embeddable":true,"href":"https:\/\/roveyayinevi.com.tr\/index.php\/wp-json\/wp\/v2\/product_tag?post=761811"}],"curies":[{"name":"wp","href":"https:\/\/api.w.org\/{rel}","templated":true}]}}