{"id":761810,"date":"2025-08-28T09:48:38","date_gmt":"2025-08-28T06:48:38","guid":{"rendered":"https:\/\/roveyayinevi.com.tr\/index.php\/urun\/sahirin-gelini-cilt-3\/"},"modified":"2026-04-15T03:27:03","modified_gmt":"2026-04-15T00:27:03","slug":"sahirin-gelini-cilt-3","status":"publish","type":"product","link":"https:\/\/roveyayinevi.com.tr\/index.php\/urun\/sahirin-gelini-cilt-3\/","title":{"rendered":"Sahirin Gelini Cilt-3"},"content":{"rendered":"<p>Gecenin \u00c7ocu\u011fu olarak bar\u0131nd\u0131rd\u0131\u011f\u0131 devasa g\u00fc\u00e7\u2026Bu devasa g\u00fcc\u00fcn bedeli olan zalim kaderi omuzlar\u0131nda ta\u015f\u0131yan Chise, UIthear\u2019daki tortuyu yaratan gen\u00e7 b\u00fcy\u00fcc\u00fcyle kar\u015f\u0131 kar\u015f\u0131ya geliyor. Chise\u2019nin bu esrarengiz b\u00fcy\u00fcc\u00fcn\u00fcn ani sald\u0131r\u0131s\u0131yla yere y\u0131k\u0131ld\u0131\u011f\u0131n\u0131 g\u00f6ren Elias, bir zamanlar kendisine Pilum Murialis yani \u201cM\u0131zrak Duvar\u0131\u201d ad\u0131n\u0131 kazand\u0131ran g\u00fcc\u00fcn\u00fc ortaya \u00e7\u0131kar\u0131yor.<\/p>\n","protected":false},"excerpt":{"rendered":"<p>Gecenin \u00c7ocu\u011fu olarak bar\u0131nd\u0131rd\u0131\u011f\u0131 devasa g\u00fc\u00e7\u2026Bu devasa g\u00fcc\u00fcn bedeli olan zalim kaderi omuzlar\u0131nda ta\u015f\u0131yan Chise, UIthear\u2019daki tortuyu yaratan gen\u00e7 b\u00fcy\u00fcc\u00fcyle kar\u015f\u0131 kar\u015f\u0131ya geliyor. Chise\u2019nin bu esrarengiz<span class=\"excerpt-hellip\"> [\u2026]<\/span><\/p>\n","protected":false},"featured_media":0,"template":"","meta":{"_monsterinsights_skip_tracking":false,"_monsterinsights_sitenote_active":false,"_monsterinsights_sitenote_note":"","_monsterinsights_sitenote_category":0},"product_brand":[],"product_cat":[12416,12291],"product_tag":[],"class_list":{"0":"post-761810","1":"product","2":"type-product","3":"status-publish","5":"product_cat-cizgi-roman","6":"product_cat-edebiyat","7":"pa_cilt-ciltsiz","8":"pa_tur-kitap","9":"pa_yayinevi-kayip-kita-yayinlari","10":"pa_yazar-kore-yamazaki","12":"first","13":"instock","14":"sale","15":"shipping-taxable","16":"purchasable","17":"product-type-simple"},"_links":{"self":[{"href":"https:\/\/roveyayinevi.com.tr\/index.php\/wp-json\/wp\/v2\/product\/761810","targetHints":{"allow":["GET"]}}],"collection":[{"href":"https:\/\/roveyayinevi.com.tr\/index.php\/wp-json\/wp\/v2\/product"}],"about":[{"href":"https:\/\/roveyayinevi.com.tr\/index.php\/wp-json\/wp\/v2\/types\/product"}],"wp:attachment":[{"href":"https:\/\/roveyayinevi.com.tr\/index.php\/wp-json\/wp\/v2\/media?parent=761810"}],"wp:term":[{"taxonomy":"product_brand","embeddable":true,"href":"https:\/\/roveyayinevi.com.tr\/index.php\/wp-json\/wp\/v2\/product_brand?post=761810"},{"taxonomy":"product_cat","embeddable":true,"href":"https:\/\/roveyayinevi.com.tr\/index.php\/wp-json\/wp\/v2\/product_cat?post=761810"},{"taxonomy":"product_tag","embeddable":true,"href":"https:\/\/roveyayinevi.com.tr\/index.php\/wp-json\/wp\/v2\/product_tag?post=761810"}],"curies":[{"name":"wp","href":"https:\/\/api.w.org\/{rel}","templated":true}]}}