{"id":761809,"date":"2025-08-28T09:48:37","date_gmt":"2025-08-28T06:48:37","guid":{"rendered":"https:\/\/roveyayinevi.com.tr\/index.php\/urun\/zihin-acan-eslestirme-seti\/"},"modified":"2026-04-15T03:27:03","modified_gmt":"2026-04-15T00:27:03","slug":"zihin-acan-eslestirme-seti","status":"publish","type":"product","link":"https:\/\/roveyayinevi.com.tr\/index.php\/urun\/zihin-acan-eslestirme-seti\/","title":{"rendered":"Zihin A\u00e7an E\u015fle\u015ftirme Seti"},"content":{"rendered":"<p>Z\u0130H\u0130N A\u00c7AN G\u00d6LGE E\u015eLE\u015eT\u0130RME G\u00f6lge e\u015fle\u015ftirme, \u00e7ocu\u011funuzun bir nesnenin g\u00f6lgesini, nesnenin ger\u00e7ek g\u00f6lgesiyle e\u015fle\u015ftirmesini gerektiren bir g\u00f6rsel alg\u0131 etkinli\u011fidir. Bu t\u00fcr etkinlikler \u00e7ocu\u011funuzun mant\u0131ksal d\u00fc\u015f\u00fcnme yetene\u011fini ve el-g\u00f6z koordinasyonunu geli\u015ftirirken, ayn\u0131 zamanda dikkat ve odaklanma becerisini de art\u0131r\u0131r. Ayr\u0131ca \u00e7ocu\u011funuz do\u011fru e\u015fle\u015ftirmeyi buldu\u011funda ba\u015far\u0131 duygusu beslenir ve \u00f6z g\u00fcveni artar.   Renkli ve ilgi \u00e7ekici g\u00f6rsellerle haz\u0131rlanm\u0131\u015f egzersizlerden olu\u015fan Zihin A\u00e7an G\u00f6lge E\u015fle\u015ftirme kitab\u0131, \u00e7ocu\u011funuzun dikkatini \u00e7ekerken, ayn\u0131 zamanda \u00f6\u011frenmeyi de keyifli h\u00e2le getirecek.   Z\u0130H\u0130N A\u00c7AN YARIM E\u015eLE\u015eT\u0130RME Yar\u0131m e\u015fle\u015ftirme, \u00e7ocu\u011funuzun bir nesnenin iki yar\u0131s\u0131n\u0131 e\u015fle\u015ftirmelerini gerektiren bir g\u00f6rsel alg\u0131 etkinli\u011fidir. Bu t\u00fcr etkinlikler problem \u00e7\u00f6zme becerilerini ve el-g\u00f6z koordinasyonunu geli\u015ftirirken, ayn\u0131 zamanda dikkat ve odaklanma becerisini de art\u0131r\u0131r. Ayr\u0131ca \u00e7ocu\u011funuz do\u011fru e\u015fle\u015ftirmeyi buldu\u011funda ba\u015far\u0131 duygusu beslenir ve \u00f6z g\u00fcveni artar.   Renkli ve ilgi \u00e7ekici g\u00f6rsellerle haz\u0131rlanm\u0131\u015f egzersizlerden olu\u015fan Zihin A\u00e7an Yar\u0131m E\u015fle\u015ftirme kitab\u0131, \u00e7ocu\u011funuzun dikkatini \u00e7ekerken, ayn\u0131 zamanda \u00f6\u011frenmeyi de keyifli h\u00e2le getirecek.   Z\u0130H\u0130N A\u00c7AN SAYI-NESNE E\u015eLE\u015eT\u0130RME Say\u0131-nesne e\u015fle\u015ftirme, say\u0131lar\u0131 somut nesnelerle ili\u015fkilendirme becerilerini geli\u015ftirmeye y\u00f6nelik bir matematiksel etkinliktir. Bu t\u00fcr etkinlikler, \u00e7ocu\u011funuzun matematiksel d\u00fc\u015f\u00fcnme becerilerini g\u00fc\u00e7lendirirken, ayn\u0131 zamanda odaklanma, problem \u00e7\u00f6zme ve g\u00f6rsel alg\u0131 yeteneklerini geli\u015ftirir. Ayr\u0131ca \u00e7ocu\u011funuz do\u011fru e\u015fle\u015ftirmeyi buldu\u011funda ba\u015far\u0131 duygusu beslenir ve \u00f6z g\u00fcveni artar.   Renkli ve ilgi \u00e7ekici g\u00f6rsellerle haz\u0131rlanm\u0131\u015f egzersizlerden olu\u015fan Zihin A\u00e7an Say\u0131-Nesne E\u015fle\u015ftirme kitab\u0131, \u00e7ocu\u011funuzun dikkatini \u00e7ekerken, ayn\u0131 zamanda \u00f6\u011frenmeyi de keyifli h\u00e2le getirecek.<\/p>\n","protected":false},"excerpt":{"rendered":"<p>Z\u0130H\u0130N A\u00c7AN G\u00d6LGE E\u015eLE\u015eT\u0130RME G\u00f6lge e\u015fle\u015ftirme, \u00e7ocu\u011funuzun bir nesnenin g\u00f6lgesini, nesnenin ger\u00e7ek g\u00f6lgesiyle e\u015fle\u015ftirmesini gerektiren bir g\u00f6rsel alg\u0131 etkinli\u011fidir. Bu t\u00fcr etkinlikler \u00e7ocu\u011funuzun mant\u0131ksal d\u00fc\u015f\u00fcnme yetene\u011fini<span class=\"excerpt-hellip\"> [\u2026]<\/span><\/p>\n","protected":false},"featured_media":0,"template":"","meta":{"_monsterinsights_skip_tracking":false,"_monsterinsights_sitenote_active":false,"_monsterinsights_sitenote_note":"","_monsterinsights_sitenote_category":0},"product_brand":[],"product_cat":[12274,15842],"product_tag":[],"class_list":{"0":"post-761809","1":"product","2":"type-product","3":"status-publish","5":"product_cat-cocuk-ve-genclik-kitaplari","6":"product_cat-egitici-kitaplar","7":"pa_cilt-ciltsiz","8":"pa_tur-kitap","9":"pa_yayinevi-cocuk-gelisimi-yayinlari","10":"pa_yazar-tugce-turguner","12":"first","13":"instock","14":"sale","15":"shipping-taxable","16":"purchasable","17":"product-type-simple"},"_links":{"self":[{"href":"https:\/\/roveyayinevi.com.tr\/index.php\/wp-json\/wp\/v2\/product\/761809","targetHints":{"allow":["GET"]}}],"collection":[{"href":"https:\/\/roveyayinevi.com.tr\/index.php\/wp-json\/wp\/v2\/product"}],"about":[{"href":"https:\/\/roveyayinevi.com.tr\/index.php\/wp-json\/wp\/v2\/types\/product"}],"wp:attachment":[{"href":"https:\/\/roveyayinevi.com.tr\/index.php\/wp-json\/wp\/v2\/media?parent=761809"}],"wp:term":[{"taxonomy":"product_brand","embeddable":true,"href":"https:\/\/roveyayinevi.com.tr\/index.php\/wp-json\/wp\/v2\/product_brand?post=761809"},{"taxonomy":"product_cat","embeddable":true,"href":"https:\/\/roveyayinevi.com.tr\/index.php\/wp-json\/wp\/v2\/product_cat?post=761809"},{"taxonomy":"product_tag","embeddable":true,"href":"https:\/\/roveyayinevi.com.tr\/index.php\/wp-json\/wp\/v2\/product_tag?post=761809"}],"curies":[{"name":"wp","href":"https:\/\/api.w.org\/{rel}","templated":true}]}}