{"id":761808,"date":"2025-08-28T09:48:35","date_gmt":"2025-08-28T06:48:35","guid":{"rendered":"https:\/\/roveyayinevi.com.tr\/index.php\/urun\/brzrkr-cilt-1\/"},"modified":"2026-04-15T03:27:03","modified_gmt":"2026-04-15T00:27:03","slug":"brzrkr-cilt-1","status":"publish","type":"product","link":"https:\/\/roveyayinevi.com.tr\/index.php\/urun\/brzrkr-cilt-1\/","title":{"rendered":"BRZRKR Cilt 1"},"content":{"rendered":"<p>SONU OLMAYAN B\u0130R SAVA\u015e. SINIRLARI OLMAYAN B\u0130R ADAM. Sadece B. ad\u0131yla bilinen adam, ak\u0131l sa\u011fl\u0131\u011f\u0131n\u0131 yitirmek pahas\u0131na kendini \u015fiddet uygulamaya mecbur hisseden lanetli bir yar\u0131 \u00f6l\u00fcml\u00fc ve yar\u0131 tanr\u0131d\u0131r. B., as\u0131rlar boyunca d\u00fcnyay\u0131 dola\u015ft\u0131ktan sonra en nihayet kendine s\u0131\u011f\u0131nabilece\u011fi bir yuva bulmu\u015ftur &#8211;ba\u015fkalar\u0131 i\u00e7in fazla vah\u015fi ve fazla tehlikeli olan sava\u015flarda ABD h\u00fck\u00fbmeti i\u00e7in m\u00fccadele etmek; bunun kar\u015f\u0131l\u0131\u011f\u0131nda ise arzulad\u0131\u011f\u0131 \u015feye ula\u015facakt\u0131r&#8211; bitmek bilmeyen, kan dolu varolu\u015funun ard\u0131ndaki ger\u00e7ek&#8230; ve bu varolu\u015fa nihai bir son verme y\u00f6ntemi. Keanu Reeves, New York Times \u00e7ok satanlar listesine girmi\u015f e\u015f yazar\u0131 Matt Kindt (Folklords, Grass Kings) ve \u00f6vg\u00fc toplayan \u00e7izer Ron Garney (Wolverine, Captain America) ile birlikte, \u00f6l\u00fcms\u00fcz bir sava\u015f\u00e7\u0131n\u0131n \u00e7a\u011flar i\u00e7erisindeki m\u00fccadelesini anlatan \u015fiddet dolu yeni bir seri ile ilk \u00e7izgi roman\u0131n\u0131 yaz\u0131yor. BRZRKR\u2019nin ilk say\u0131s\u0131 2021\u2019de piyasaya s\u00fcr\u00fclm\u00fc\u015f ve 21. Y\u00fczy\u0131l\u0131n en \u00e7ok satan orijinal \u00e7izgi roman\u0131 olmu\u015ftur<\/p>\n","protected":false},"excerpt":{"rendered":"<p>SONU OLMAYAN B\u0130R SAVA\u015e. SINIRLARI OLMAYAN B\u0130R ADAM. Sadece B. ad\u0131yla bilinen adam, ak\u0131l sa\u011fl\u0131\u011f\u0131n\u0131 yitirmek pahas\u0131na kendini \u015fiddet uygulamaya mecbur hisseden lanetli bir yar\u0131 \u00f6l\u00fcml\u00fc<span class=\"excerpt-hellip\"> [\u2026]<\/span><\/p>\n","protected":false},"featured_media":0,"template":"","meta":{"_monsterinsights_skip_tracking":false,"_monsterinsights_sitenote_active":false,"_monsterinsights_sitenote_note":"","_monsterinsights_sitenote_category":0},"product_brand":[],"product_cat":[12416,12291],"product_tag":[],"class_list":{"0":"post-761808","1":"product","2":"type-product","3":"status-publish","5":"product_cat-cizgi-roman","6":"product_cat-edebiyat","7":"pa_cilt-ciltsiz","8":"pa_tur-kitap","9":"pa_yayinevi-jbc-yayincilik","10":"pa_yazar-keanu-reeves-matt-kindt","12":"first","13":"instock","14":"sale","15":"shipping-taxable","16":"purchasable","17":"product-type-simple"},"_links":{"self":[{"href":"https:\/\/roveyayinevi.com.tr\/index.php\/wp-json\/wp\/v2\/product\/761808","targetHints":{"allow":["GET"]}}],"collection":[{"href":"https:\/\/roveyayinevi.com.tr\/index.php\/wp-json\/wp\/v2\/product"}],"about":[{"href":"https:\/\/roveyayinevi.com.tr\/index.php\/wp-json\/wp\/v2\/types\/product"}],"wp:attachment":[{"href":"https:\/\/roveyayinevi.com.tr\/index.php\/wp-json\/wp\/v2\/media?parent=761808"}],"wp:term":[{"taxonomy":"product_brand","embeddable":true,"href":"https:\/\/roveyayinevi.com.tr\/index.php\/wp-json\/wp\/v2\/product_brand?post=761808"},{"taxonomy":"product_cat","embeddable":true,"href":"https:\/\/roveyayinevi.com.tr\/index.php\/wp-json\/wp\/v2\/product_cat?post=761808"},{"taxonomy":"product_tag","embeddable":true,"href":"https:\/\/roveyayinevi.com.tr\/index.php\/wp-json\/wp\/v2\/product_tag?post=761808"}],"curies":[{"name":"wp","href":"https:\/\/api.w.org\/{rel}","templated":true}]}}