{"id":761806,"date":"2025-08-28T09:48:31","date_gmt":"2025-08-28T06:48:31","guid":{"rendered":"https:\/\/roveyayinevi.com.tr\/index.php\/urun\/ten-ve-ates-2-alevdeki-isik\/"},"modified":"2026-04-15T03:27:03","modified_gmt":"2026-04-15T00:27:03","slug":"ten-ve-ates-2-alevdeki-isik","status":"publish","type":"product","link":"https:\/\/roveyayinevi.com.tr\/index.php\/urun\/ten-ve-ates-2-alevdeki-isik\/","title":{"rendered":"Ten ve Ate\u015f 2: Alevdeki I\u015f\u0131k"},"content":{"rendered":"<p>Onun zaaf\u0131 ol. Onu kendine \u00e2\u015f\u0131k et. \u0130\u015fini bitir. Nyktos de\u011fil&#8230;   The New York Times en \u00e7ok satanlar listesinde altm\u0131\u015f\u0131n \u00fczerinde roman\u0131n\u0131n yer almas\u0131yla k\u0131r\u0131lmas\u0131 g\u00fc\u00e7 bir rekorun sahibi olan Jennifer L. Armentrout, \u00e7ok sevilen Kan ve K\u00fcl d\u00fcnyas\u0131nda ge\u00e7en Ten ve Ate\u015f serisinin ikinci kitab\u0131yla okurlar\u0131n\u0131 ate\u015fliyor.   Sera\u2019y\u0131 art\u0131k tek bir ki\u015fi kurtarabilir, o da hayat\u0131 boyunca \u00f6ld\u00fcrmeyi planlad\u0131\u011f\u0131 ki\u015fidir. Sera\u2019n\u0131n plan\u0131 ortaya \u00e7\u0131kt\u0131, Nyktos\u2019la aralar\u0131ndaki g\u00fcven sars\u0131ld\u0131.  Art\u0131k kimse ona g\u00fcvenmiyor, Sera\u2019n\u0131n sahip oldu\u011fu tek \u015fey vazifesi. Ancak Nyktos\u2019un bir plan\u0131 var ve birlikte \u00e7al\u0131\u015f\u0131rlarken aralar\u0131ndaki ate\u015fli tutku i\u015fleri zorla\u015ft\u0131r\u0131yor. Tatt\u0131klar\u0131 zevkin ve benzersiz \u015fehvetin an\u0131lar\u0131 sirenlerin kar\u015f\u0131 konulamaz \u00e7a\u011fr\u0131s\u0131 gibi. Sera formalite gere\u011fi konsort olmaktan daha fazlas\u0131n\u0131 istedi\u011fini fark etti\u011fi zaman, tehlike daha da b\u00fcy\u00fcyecek. Nyktos\u2019un sevgisi olmadan Y\u00fckseli\u015ften sa\u011f \u00e7\u0131kmas\u0131 m\u00fcmk\u00fcn de\u011fil, ne var ki Nyktos sevmekten aciz. Zaman t\u00fckeniyor. Hem Sera hem de diyarlar i\u00e7in. <\/p>\n","protected":false},"excerpt":{"rendered":"<p>Onun zaaf\u0131 ol. Onu kendine \u00e2\u015f\u0131k et. \u0130\u015fini bitir. Nyktos de\u011fil&#8230; The New York Times en \u00e7ok satanlar listesinde altm\u0131\u015f\u0131n \u00fczerinde roman\u0131n\u0131n yer almas\u0131yla k\u0131r\u0131lmas\u0131 g\u00fc\u00e7<span class=\"excerpt-hellip\"> [\u2026]<\/span><\/p>\n","protected":false},"featured_media":0,"template":"","meta":{"_monsterinsights_skip_tracking":false,"_monsterinsights_sitenote_active":false,"_monsterinsights_sitenote_note":"","_monsterinsights_sitenote_category":0},"product_brand":[],"product_cat":[12291,14777],"product_tag":[],"class_list":{"0":"post-761806","1":"product","2":"type-product","3":"status-publish","5":"product_cat-edebiyat","6":"product_cat-fantastik","7":"pa_cilt-ciltsiz","8":"pa_tur-kitap","9":"pa_yayinevi-dex-yayinevi","10":"pa_yazar-jennifer-l-armentrout","12":"first","13":"instock","14":"sale","15":"shipping-taxable","16":"purchasable","17":"product-type-simple"},"_links":{"self":[{"href":"https:\/\/roveyayinevi.com.tr\/index.php\/wp-json\/wp\/v2\/product\/761806","targetHints":{"allow":["GET"]}}],"collection":[{"href":"https:\/\/roveyayinevi.com.tr\/index.php\/wp-json\/wp\/v2\/product"}],"about":[{"href":"https:\/\/roveyayinevi.com.tr\/index.php\/wp-json\/wp\/v2\/types\/product"}],"wp:attachment":[{"href":"https:\/\/roveyayinevi.com.tr\/index.php\/wp-json\/wp\/v2\/media?parent=761806"}],"wp:term":[{"taxonomy":"product_brand","embeddable":true,"href":"https:\/\/roveyayinevi.com.tr\/index.php\/wp-json\/wp\/v2\/product_brand?post=761806"},{"taxonomy":"product_cat","embeddable":true,"href":"https:\/\/roveyayinevi.com.tr\/index.php\/wp-json\/wp\/v2\/product_cat?post=761806"},{"taxonomy":"product_tag","embeddable":true,"href":"https:\/\/roveyayinevi.com.tr\/index.php\/wp-json\/wp\/v2\/product_tag?post=761806"}],"curies":[{"name":"wp","href":"https:\/\/api.w.org\/{rel}","templated":true}]}}