{"id":761801,"date":"2025-08-28T09:48:21","date_gmt":"2025-08-28T06:48:21","guid":{"rendered":"https:\/\/roveyayinevi.com.tr\/index.php\/urun\/dolandiricilar-cetesi\/"},"modified":"2026-04-11T14:30:18","modified_gmt":"2026-04-11T11:30:18","slug":"dolandiricilar-cetesi","status":"publish","type":"product","link":"https:\/\/roveyayinevi.com.tr\/index.php\/urun\/dolandiricilar-cetesi\/","title":{"rendered":"Doland\u0131r\u0131c\u0131lar \u00c7etesi"},"content":{"rendered":"<p>Kyla Zhao&#8217;nun bu s\u00fcr\u00fckleyici roman\u0131nda, hayallerini ger\u00e7ekle\u015ftirmek i\u00e7in Singapur&#8217;un sosyete hayat\u0131na s\u0131zan i\u015f\u00e7i s\u0131n\u0131f\u0131ndan bir kad\u0131n, bu s\u00fcre\u00e7te kendi benli\u011fi de d\u00e2hil olmak \u00fczere her \u015feyi kaybetme riskiyled\u00e2hil riskiyle kar\u015f\u0131 kar\u015f\u0131ya kal\u0131r. Samantha Song, kendini bildi bileli bir sosyete dergisinde yazman\u0131n hayalini kurmu\u015ftur ve bunun i\u00e7in her \u015feyi yapmaya haz\u0131rd\u0131r. Ancak i\u00e7inde bulundu\u011fu sosyal ve ekonomik \u015fartlar, hayalinin imk\u00e2ns\u0131zm\u0131\u015f gibi gelmesine neden olur. \u0130\u015f yerindeki varl\u0131kl\u0131 i\u015f arkada\u015f\u0131 ve dostu Anya Chen&#8217;inanlatt\u0131\u011f\u0131 hik\u00e2yeler, Samantha\u2019n\u0131n hayalindeki hayata en \u00e7ok yakla\u015ft\u0131\u011f\u0131 and\u0131r. Ta ki ait olmak istedi\u011fi sosyete d\u00fcnyas\u0131na s\u0131zmak i\u00e7in tek \u015fans\u0131 olan Singapur&#8217;un se\u00e7kin ailelerinden birinin hayal k\u0131r\u0131kl\u0131\u011f\u0131na u\u011fram\u0131\u015f o\u011flu Timothy Kingston ile tan\u0131\u015fana kadar. Timothy ve Anya, Samantha\u2019n\u0131n Singapur sosyetesinde isim yapmas\u0131na yard\u0131m ederler. Samantha, Singapur&#8217;un en haval\u0131 dergisinin genel yay\u0131n y\u00f6netmenini etkilemeye kararl\u0131d\u0131r. Fakat gizemli bir k\u00f6\u015fe yazar\u0131n\u0131n, Samantha\u2019n\u0131n t\u00fcm kirli \u00e7ama\u015f\u0131rlar\u0131n\u0131 d\u00f6kme ihtimali, gen\u00e7 kad\u0131n\u0131n ger\u00e7ek kimli\u011fi ve b\u00fcr\u00fcnd\u00fc\u011f\u00fc kimli\u011fi aras\u0131nda s\u0131k\u0131\u015f\u0131p kalmas\u0131na sebep olur.<\/p>\n","protected":false},"excerpt":{"rendered":"<p>Kyla Zhao&#8217;nun bu s\u00fcr\u00fckleyici roman\u0131nda, hayallerini ger\u00e7ekle\u015ftirmek i\u00e7in Singapur&#8217;un sosyete hayat\u0131na s\u0131zan i\u015f\u00e7i s\u0131n\u0131f\u0131ndan bir kad\u0131n, bu s\u00fcre\u00e7te kendi benli\u011fi de d\u00e2hil olmak \u00fczere her \u015feyi<span class=\"excerpt-hellip\"> [\u2026]<\/span><\/p>\n","protected":false},"featured_media":0,"template":"","meta":{"_monsterinsights_skip_tracking":false,"_monsterinsights_sitenote_active":false,"_monsterinsights_sitenote_note":"","_monsterinsights_sitenote_category":0},"product_brand":[],"product_cat":[12291,12711],"product_tag":[],"class_list":{"0":"post-761801","1":"product","2":"type-product","3":"status-publish","5":"product_cat-edebiyat","6":"product_cat-roman-oyku","7":"pa_cilt-ciltsiz","8":"pa_tur-kitap","9":"pa_yayinevi-artemis-yayinlari","10":"pa_yazar-kyla-zhao","12":"first","13":"instock","14":"sale","15":"shipping-taxable","16":"purchasable","17":"product-type-simple"},"_links":{"self":[{"href":"https:\/\/roveyayinevi.com.tr\/index.php\/wp-json\/wp\/v2\/product\/761801","targetHints":{"allow":["GET"]}}],"collection":[{"href":"https:\/\/roveyayinevi.com.tr\/index.php\/wp-json\/wp\/v2\/product"}],"about":[{"href":"https:\/\/roveyayinevi.com.tr\/index.php\/wp-json\/wp\/v2\/types\/product"}],"wp:attachment":[{"href":"https:\/\/roveyayinevi.com.tr\/index.php\/wp-json\/wp\/v2\/media?parent=761801"}],"wp:term":[{"taxonomy":"product_brand","embeddable":true,"href":"https:\/\/roveyayinevi.com.tr\/index.php\/wp-json\/wp\/v2\/product_brand?post=761801"},{"taxonomy":"product_cat","embeddable":true,"href":"https:\/\/roveyayinevi.com.tr\/index.php\/wp-json\/wp\/v2\/product_cat?post=761801"},{"taxonomy":"product_tag","embeddable":true,"href":"https:\/\/roveyayinevi.com.tr\/index.php\/wp-json\/wp\/v2\/product_tag?post=761801"}],"curies":[{"name":"wp","href":"https:\/\/api.w.org\/{rel}","templated":true}]}}