{"id":761799,"date":"2025-08-28T09:48:16","date_gmt":"2025-08-28T06:48:16","guid":{"rendered":"https:\/\/roveyayinevi.com.tr\/index.php\/urun\/tum-isiklari-yak\/"},"modified":"2026-04-15T03:27:02","modified_gmt":"2026-04-15T00:27:02","slug":"tum-isiklari-yak","status":"publish","type":"product","link":"https:\/\/roveyayinevi.com.tr\/index.php\/urun\/tum-isiklari-yak\/","title":{"rendered":"T\u00fcm I\u015f\u0131klar\u0131 Yak!"},"content":{"rendered":"<p>B\u00fcy\u00fckada&#8217;y\u0131 \u0130stanbul&#8217;daki di\u011fer il\u00e7elerden ay\u0131ran ilk \u015fey B\u00fcy\u00fckada&#8217;da bulunan Rum Yetimhanesi&#8217;nin varl\u0131\u011f\u0131yd\u0131. Di\u011fer ve en \u00f6nemli \u015fey ise \u00e2deta nefes alan bu ah\u015fap yap\u0131n\u0131n hemen alt\u0131ndaki t\u00fcnellerde ya\u015fayan, g\u00fcc\u00fcn\u00fc karanl\u0131ktan ve korkudan alan k\u00f6t\u00fcl\u00fckt\u00fc. Ad\u0131 nesiller boyunca yetimhanede ya\u015fam\u0131\u015f \u00e7ocuklar\u0131n oyun \u015fark\u0131lar\u0131nda bile vard\u0131.   &#8216;Ak\u015fam oldu bak!   T\u00fcm \u0131\u015f\u0131klar\u0131 yak!   Rua Temte geliyor!   Hemen arakana bak!&#8217;   Bu k\u00f6t\u00fcl\u00fckle y\u00fczle\u015fmi\u015f ve uzun zaman \u00f6nce B\u00fcy\u00fckada Rum Yetimhanesi&#8217;nden ayr\u0131larak kendilerini yeni hayatlar\u0131na adapte etmeye \u00e7al\u0131\u015fan be\u015f yetim \u00e7ocuk, o korkun\u00e7 an\u0131lar\u0131n\u0131 \u00e7oktan unutmu\u015flard\u0131. Fakat ge\u00e7mi\u015fte b\u0131rakt\u0131klar\u0131 korku ve karanl\u0131k, on dokuz y\u0131l sonra t\u00fcm azametiyle geri d\u00f6nm\u00fc\u015ft\u00fc. Rua Temte&#8217;yi yok etmeleri i\u00e7in korkular\u0131n\u0131 yenmeleri ve birbirlerine inanmalar\u0131 gerekiyordu. Ama bu hi\u00e7 de kolay olmayacakt\u0131. \u00c7\u00fcnk\u00fc Rua Temte onlar\u0131 kaotik yeralt\u0131 d\u00fcnyas\u0131nda bekliyordu.<\/p>\n","protected":false},"excerpt":{"rendered":"<p>B\u00fcy\u00fckada&#8217;y\u0131 \u0130stanbul&#8217;daki di\u011fer il\u00e7elerden ay\u0131ran ilk \u015fey B\u00fcy\u00fckada&#8217;da bulunan Rum Yetimhanesi&#8217;nin varl\u0131\u011f\u0131yd\u0131. Di\u011fer ve en \u00f6nemli \u015fey ise \u00e2deta nefes alan bu ah\u015fap yap\u0131n\u0131n hemen alt\u0131ndaki<span class=\"excerpt-hellip\"> [\u2026]<\/span><\/p>\n","protected":false},"featured_media":0,"template":"","meta":{"_monsterinsights_skip_tracking":false,"_monsterinsights_sitenote_active":false,"_monsterinsights_sitenote_note":"","_monsterinsights_sitenote_category":0},"product_brand":[],"product_cat":[12291,14777],"product_tag":[],"class_list":{"0":"post-761799","1":"product","2":"type-product","3":"status-publish","5":"product_cat-edebiyat","6":"product_cat-fantastik","7":"pa_cilt-ciltsiz","8":"pa_tur-kitap","9":"pa_yayinevi-elpis-yayinlari","10":"pa_yazar-timur-kohen","12":"first","13":"instock","14":"sale","15":"shipping-taxable","16":"purchasable","17":"product-type-simple"},"_links":{"self":[{"href":"https:\/\/roveyayinevi.com.tr\/index.php\/wp-json\/wp\/v2\/product\/761799","targetHints":{"allow":["GET"]}}],"collection":[{"href":"https:\/\/roveyayinevi.com.tr\/index.php\/wp-json\/wp\/v2\/product"}],"about":[{"href":"https:\/\/roveyayinevi.com.tr\/index.php\/wp-json\/wp\/v2\/types\/product"}],"wp:attachment":[{"href":"https:\/\/roveyayinevi.com.tr\/index.php\/wp-json\/wp\/v2\/media?parent=761799"}],"wp:term":[{"taxonomy":"product_brand","embeddable":true,"href":"https:\/\/roveyayinevi.com.tr\/index.php\/wp-json\/wp\/v2\/product_brand?post=761799"},{"taxonomy":"product_cat","embeddable":true,"href":"https:\/\/roveyayinevi.com.tr\/index.php\/wp-json\/wp\/v2\/product_cat?post=761799"},{"taxonomy":"product_tag","embeddable":true,"href":"https:\/\/roveyayinevi.com.tr\/index.php\/wp-json\/wp\/v2\/product_tag?post=761799"}],"curies":[{"name":"wp","href":"https:\/\/api.w.org\/{rel}","templated":true}]}}