{"id":761798,"date":"2025-08-28T09:48:14","date_gmt":"2025-08-28T06:48:14","guid":{"rendered":"https:\/\/roveyayinevi.com.tr\/index.php\/urun\/diyarbekir-diyarim-yitirmisem-yanarim\/"},"modified":"2026-04-15T03:27:02","modified_gmt":"2026-04-15T00:27:02","slug":"diyarbekir-diyarim-yitirmisem-yanarim","status":"publish","type":"product","link":"https:\/\/roveyayinevi.com.tr\/index.php\/urun\/diyarbekir-diyarim-yitirmisem-yanarim\/","title":{"rendered":"Diyarbekir Diyar\u0131m, Yitirmi\u015fem Yanar\u0131m"},"content":{"rendered":"<p>Diyarbekir\u2019in karpuzlar\u0131n\u0131n b\u00fcy\u00fckl\u00fc\u011f\u00fc medeniyetinin de b\u00fcy\u00fckl\u00fc\u011f\u00fcndendir, demi\u015f Nazif. \u00dczerindeki her siyah \u00e7izgi bir kavmi ifade eder. O siyah \u00e7izgiler birbirinden uzakla\u015f\u0131r gibi g\u00f6r\u00fcnse de tepede birle\u015firler. Ye\u015fil rengi bar\u0131\u015f\u0131 ve ho\u015fg\u00f6r\u00fcy\u00fc, k\u0131rm\u0131z\u0131l\u0131k da s\u0131cakkanl\u0131 olu\u015flar\u0131n\u0131 simgeler. \u00c7ekirdeklerinin her biri ayr\u0131 tat verse de lezzetleri birdir. \u015eeyhmus Diken\u2019in, tarihi \u00fc\u00e7 bin y\u0131la yay\u0131lan kadim \u015fehrin suskun hik\u00e2yesinin ve kentin kay\u0131p tarihinin pe\u015fine d\u00fc\u015ft\u00fc\u011f\u00fc, Sakl\u0131 Kent Tan\u0131kl\u0131\u011f\u0131\u2019n\u0131n ilk kitab\u0131 Diyarbekir Diyar\u0131m, Yitirmi\u015fem Yanar\u0131m. Diken, Diyarbak\u0131r\u2019\u0131 Diyarbekir olarak bilen ve ya\u015fayan, \u015fehrin son seksen y\u0131l\u0131nda ge\u00e7irdi\u011fi de\u011fi\u015fikliklere tan\u0131kl\u0131k eden on \u00fc\u00e7 ki\u015fiyle s\u00f6yle\u015fiyor. Hepsi birbirinden farkl\u0131 olan bu hik\u00e2yeleri asl\u0131nda hep ayn\u0131 surlar ve kente duyduklar\u0131 yo\u011fun sevgi \u00e7evreliyor. Efsanelere konu olan surlar\u0131, ta\u015fla kapl\u0131 sokaklar\u0131, \u00e7e\u015fit \u00e7e\u015fit g\u00fclleri, hafta sonlar\u0131 hep beraber gidilen piknikleri, vefal\u0131 dostluklar\u0131, tad\u0131 hi\u00e7bir yerdekine benzemeyen domates ve biberleri, unutulmaya y\u00fcz tutmu\u015f k\u0131ymetli zanaatleriyle\u2026 Mitelo\u011flu anahtar\u0131yla kentin kap\u0131lar\u0131n\u0131 aralayan \u015eeyhmus Diken, sizleri kentin tarihinde bir yolculu\u011fa davet ediyor.<\/p>\n","protected":false},"excerpt":{"rendered":"<p>Diyarbekir\u2019in karpuzlar\u0131n\u0131n b\u00fcy\u00fckl\u00fc\u011f\u00fc medeniyetinin de b\u00fcy\u00fckl\u00fc\u011f\u00fcndendir, demi\u015f Nazif. \u00dczerindeki her siyah \u00e7izgi bir kavmi ifade eder. O siyah \u00e7izgiler birbirinden uzakla\u015f\u0131r gibi g\u00f6r\u00fcnse de tepede birle\u015firler.<span class=\"excerpt-hellip\"> [\u2026]<\/span><\/p>\n","protected":false},"featured_media":0,"template":"","meta":{"_monsterinsights_skip_tracking":false,"_monsterinsights_sitenote_active":false,"_monsterinsights_sitenote_note":"","_monsterinsights_sitenote_category":0},"product_brand":[],"product_cat":[12291,30969],"product_tag":[],"class_list":{"0":"post-761798","1":"product","2":"type-product","3":"status-publish","5":"product_cat-edebiyat","6":"product_cat-soylesi-edebiyat","7":"pa_cilt-ciltsiz","8":"pa_tur-kitap","9":"pa_yayinevi-alfa-yayinlari","10":"pa_yazar-seyhmus-diken","12":"first","13":"instock","14":"sale","15":"shipping-taxable","16":"purchasable","17":"product-type-simple"},"_links":{"self":[{"href":"https:\/\/roveyayinevi.com.tr\/index.php\/wp-json\/wp\/v2\/product\/761798","targetHints":{"allow":["GET"]}}],"collection":[{"href":"https:\/\/roveyayinevi.com.tr\/index.php\/wp-json\/wp\/v2\/product"}],"about":[{"href":"https:\/\/roveyayinevi.com.tr\/index.php\/wp-json\/wp\/v2\/types\/product"}],"wp:attachment":[{"href":"https:\/\/roveyayinevi.com.tr\/index.php\/wp-json\/wp\/v2\/media?parent=761798"}],"wp:term":[{"taxonomy":"product_brand","embeddable":true,"href":"https:\/\/roveyayinevi.com.tr\/index.php\/wp-json\/wp\/v2\/product_brand?post=761798"},{"taxonomy":"product_cat","embeddable":true,"href":"https:\/\/roveyayinevi.com.tr\/index.php\/wp-json\/wp\/v2\/product_cat?post=761798"},{"taxonomy":"product_tag","embeddable":true,"href":"https:\/\/roveyayinevi.com.tr\/index.php\/wp-json\/wp\/v2\/product_tag?post=761798"}],"curies":[{"name":"wp","href":"https:\/\/api.w.org\/{rel}","templated":true}]}}