{"id":761797,"date":"2025-08-28T09:48:12","date_gmt":"2025-08-28T06:48:12","guid":{"rendered":"https:\/\/roveyayinevi.com.tr\/index.php\/urun\/sihirli-agac-evi-cizgi-roman-4-korsanlarin-hazinesi\/"},"modified":"2026-04-15T03:27:02","modified_gmt":"2026-04-15T00:27:02","slug":"sihirli-agac-evi-cizgi-roman-4-korsanlarin-hazinesi","status":"publish","type":"product","link":"https:\/\/roveyayinevi.com.tr\/index.php\/urun\/sihirli-agac-evi-cizgi-roman-4-korsanlarin-hazinesi\/","title":{"rendered":"Sihirli A\u011fa\u00e7 Evi -\u00c7izgi Roman- 4: Korsanlar\u0131n Hazinesi"},"content":{"rendered":"<p>D\u00fcnya \u00e7ocuklar\u0131n\u0131n sevgilisi Sihirli A\u011fa\u00e7 Evi \u015fimdi \u00e7izgi roman!ADADA HAZ\u0130NE ARAYAN B\u0130R KORSAN VAR!Yeni Sihirli A\u011fa\u00e7 Evi maceras\u0131nda Tim ve Lea kendilerini r\u00fcya gibi bir sahilde buluyorlar. Her \u015fey muhte\u015fem ba\u015fl\u0131yor&#8230; ta ki korsanlar gelene kadar. Korkun\u00e7 Kaptan \u0130ri Kemik g\u00f6m\u00fcl\u00fc bir hazinenin pe\u015finde. Dahas\u0131 Tim ve Lea&#8217;n\u0131n hazinenin yerini bildiklerine emin ve g\u00f6z\u00fcn\u00fcn \u00f6n\u00fcnden ayr\u0131lmalar\u0131na izin vermiyor! Bakal\u0131m iki karde\u015f, Kaptan \u0130ri Kemik&#8217;in elinden kurtulmay\u0131 ba\u015farabilecek mi?Tim ve Lea ile zamanda yolculu\u011fa haz\u0131r m\u0131s\u0131n?Sihirli A\u011fa\u00e7 Evi serisi hakk\u0131nda:K\u00fc\u00e7\u00fck okurlar\u0131 hem okuma keyfi hem de tarihteki farkl\u0131 k\u00fclt\u00fcrlerle tan\u0131\u015ft\u0131ran Sihirli A\u011fa\u00e7 Evi serisi bu y\u00f6n\u00fcyle sadece d\u00fcnyan\u0131n d\u00f6rt bir yan\u0131ndaki \u00e7ocuklar\u0131n de\u011fil, anne babalar ve e\u011fitimcilerin de g\u00f6zdesi oldu.New York Times \u00e7oksatanlar listesinde bir numaraya kadar \u00e7\u0131k\u0131p be\u015f y\u0131ldan uzun bir s\u00fcre bu listede kalmay\u0131 ba\u015faran, 33 dilde 130 milyondan fazla satan bu \u00f6d\u00fcll\u00fc seri, \u015fimdi rengarenk ve soluksuz okutan \u00e7izimleriyle \u00e7izgi roman format\u0131nda okurunun kar\u015f\u0131s\u0131nda.  <\/p>\n","protected":false},"excerpt":{"rendered":"<p>D\u00fcnya \u00e7ocuklar\u0131n\u0131n sevgilisi Sihirli A\u011fa\u00e7 Evi \u015fimdi \u00e7izgi roman!ADADA HAZ\u0130NE ARAYAN B\u0130R KORSAN VAR!Yeni Sihirli A\u011fa\u00e7 Evi maceras\u0131nda Tim ve Lea kendilerini r\u00fcya gibi bir sahilde<span class=\"excerpt-hellip\"> [\u2026]<\/span><\/p>\n","protected":false},"featured_media":0,"template":"","meta":{"_monsterinsights_skip_tracking":false,"_monsterinsights_sitenote_active":false,"_monsterinsights_sitenote_note":"","_monsterinsights_sitenote_category":0},"product_brand":[],"product_cat":[12689,12274],"product_tag":[],"class_list":{"0":"post-761797","1":"product","2":"type-product","3":"status-publish","5":"product_cat-cizgi-roman-cocuk-ve-genclik-kitaplari","6":"product_cat-cocuk-ve-genclik-kitaplari","7":"pa_cilt-ciltsiz","8":"pa_tur-kitap","9":"pa_yayinevi-domingo-yayinevi","10":"pa_yazar-mary-pope-osborne","12":"first","13":"instock","14":"sale","15":"shipping-taxable","16":"purchasable","17":"product-type-simple"},"_links":{"self":[{"href":"https:\/\/roveyayinevi.com.tr\/index.php\/wp-json\/wp\/v2\/product\/761797","targetHints":{"allow":["GET"]}}],"collection":[{"href":"https:\/\/roveyayinevi.com.tr\/index.php\/wp-json\/wp\/v2\/product"}],"about":[{"href":"https:\/\/roveyayinevi.com.tr\/index.php\/wp-json\/wp\/v2\/types\/product"}],"wp:attachment":[{"href":"https:\/\/roveyayinevi.com.tr\/index.php\/wp-json\/wp\/v2\/media?parent=761797"}],"wp:term":[{"taxonomy":"product_brand","embeddable":true,"href":"https:\/\/roveyayinevi.com.tr\/index.php\/wp-json\/wp\/v2\/product_brand?post=761797"},{"taxonomy":"product_cat","embeddable":true,"href":"https:\/\/roveyayinevi.com.tr\/index.php\/wp-json\/wp\/v2\/product_cat?post=761797"},{"taxonomy":"product_tag","embeddable":true,"href":"https:\/\/roveyayinevi.com.tr\/index.php\/wp-json\/wp\/v2\/product_tag?post=761797"}],"curies":[{"name":"wp","href":"https:\/\/api.w.org\/{rel}","templated":true}]}}