{"id":761795,"date":"2025-08-28T09:48:08","date_gmt":"2025-08-28T06:48:08","guid":{"rendered":"https:\/\/roveyayinevi.com.tr\/index.php\/urun\/cocuklar-treni\/"},"modified":"2026-04-15T03:27:02","modified_gmt":"2026-04-15T00:27:02","slug":"cocuklar-treni","status":"publish","type":"product","link":"https:\/\/roveyayinevi.com.tr\/index.php\/urun\/cocuklar-treni\/","title":{"rendered":"\u00c7ocuklar Treni"},"content":{"rendered":"<p>Mussolini yenilgi bayra\u011f\u0131n\u0131 \u00e7ekti, keza fa\u015fistler de. Ne var ki \u0130talya\u2019dan geriye kalanlar, art\u0131k \u0130talya\u2019ya yetmiyor. K\u0131tl\u0131k, yoksulluk ve so\u011fuk. Bir de yedi ya\u015f\u0131n\u0131n sonlar\u0131nda, k\u0131z\u0131l sa\u00e7l\u0131 bir \u00e7ocuk: Amerigo. Annesi \u00f6nde, o arkada. S\u00fcr\u00fcklenerek ar\u015f\u0131nl\u0131yor sokaklar\u0131. So\u011fu\u011fun, a\u00e7l\u0131\u011f\u0131n ve yoksullu\u011fun kalbinden ge\u00e7iyor \u00f6rselenmi\u015f ayakkab\u0131lar\u0131yla.Ba\u015fka ayakkab\u0131lar\u0131 say\u0131yor; y\u0131rt\u0131lm\u0131\u015flar\u0131, parmaklar\u0131 g\u00f6sterenleri, daha yeni olanlar\u0131. Hepsinin puan\u0131 arkl\u0131. Bu, onun oyunu. Annesinin pe\u015finden s\u00fcr\u00fcklenirken uydurdu\u011fu bir oyun. Karn\u0131 \u00e7ok a\u00e7 ama bir \u015fey demiyor. Ayakkab\u0131lar\u0131 saymaya devam ediyor. Nas\u0131lsa tam puan al\u0131nca, ne dilerse o olacak. Bir tren gelecek, diyorlar. Kom\u00fcnistlerin treni. \u00c7ocuklar\u0131 al\u0131p g\u00f6t\u00fcrecek,Rusya\u2019ya verecek. Onlar\u0131 yakacak, bo\u011facak ya da ellerini kesecekler. Asla vermeyin diyorlar \u00e7ocuklar\u0131n\u0131z\u0131. Peki, annesi Amerigo\u2019yu neden veriyor? Neden gitmesine izin veriyor? \u00c7ocuklar Treni, II. D\u00fcnya Sava\u015f\u0131 sonras\u0131nda ya\u015fanan zorluklar\u0131 bir \u00e7ocu\u011fun kalbinden nazar\u0131m\u0131za sunuyor. Yukar\u0131 ve A\u015fa\u011f\u0131\u0130talya aras\u0131nda b\u00f6l\u00fcnen ya\u015famlarda hayallerle ger\u00e7ekler birbirine kar\u0131\u015f\u0131rken \u00e7ocuklar bir trene binip gidiyorlar ve hayatlar\u0131 onulmaz \u015fekilde de\u011fi\u015fiyor.  <\/p>\n","protected":false},"excerpt":{"rendered":"<p>Mussolini yenilgi bayra\u011f\u0131n\u0131 \u00e7ekti, keza fa\u015fistler de. Ne var ki \u0130talya\u2019dan geriye kalanlar, art\u0131k \u0130talya\u2019ya yetmiyor. K\u0131tl\u0131k, yoksulluk ve so\u011fuk. Bir de yedi ya\u015f\u0131n\u0131n sonlar\u0131nda, k\u0131z\u0131l<span class=\"excerpt-hellip\"> [\u2026]<\/span><\/p>\n","protected":false},"featured_media":0,"template":"","meta":{"_monsterinsights_skip_tracking":false,"_monsterinsights_sitenote_active":false,"_monsterinsights_sitenote_note":"","_monsterinsights_sitenote_category":0},"product_brand":[],"product_cat":[12291,14218],"product_tag":[],"class_list":{"0":"post-761795","1":"product","2":"type-product","3":"status-publish","5":"product_cat-edebiyat","6":"product_cat-italyan-edebiyati","7":"pa_cilt-ciltsiz","8":"pa_tur-kitap","9":"pa_yayinevi-kafka-yayinevi","10":"pa_yazar-viola-ardone","12":"first","13":"instock","14":"sale","15":"shipping-taxable","16":"purchasable","17":"product-type-simple"},"_links":{"self":[{"href":"https:\/\/roveyayinevi.com.tr\/index.php\/wp-json\/wp\/v2\/product\/761795","targetHints":{"allow":["GET"]}}],"collection":[{"href":"https:\/\/roveyayinevi.com.tr\/index.php\/wp-json\/wp\/v2\/product"}],"about":[{"href":"https:\/\/roveyayinevi.com.tr\/index.php\/wp-json\/wp\/v2\/types\/product"}],"wp:attachment":[{"href":"https:\/\/roveyayinevi.com.tr\/index.php\/wp-json\/wp\/v2\/media?parent=761795"}],"wp:term":[{"taxonomy":"product_brand","embeddable":true,"href":"https:\/\/roveyayinevi.com.tr\/index.php\/wp-json\/wp\/v2\/product_brand?post=761795"},{"taxonomy":"product_cat","embeddable":true,"href":"https:\/\/roveyayinevi.com.tr\/index.php\/wp-json\/wp\/v2\/product_cat?post=761795"},{"taxonomy":"product_tag","embeddable":true,"href":"https:\/\/roveyayinevi.com.tr\/index.php\/wp-json\/wp\/v2\/product_tag?post=761795"}],"curies":[{"name":"wp","href":"https:\/\/api.w.org\/{rel}","templated":true}]}}