{"id":761788,"date":"2025-08-28T09:47:55","date_gmt":"2025-08-28T06:47:55","guid":{"rendered":"https:\/\/roveyayinevi.com.tr\/index.php\/urun\/hazar-donemi-sanati\/"},"modified":"2026-04-15T03:27:02","modified_gmt":"2026-04-15T00:27:02","slug":"hazar-donemi-sanati","status":"publish","type":"product","link":"https:\/\/roveyayinevi.com.tr\/index.php\/urun\/hazar-donemi-sanati\/","title":{"rendered":"Hazar D\u00f6nemi Sanat\u0131"},"content":{"rendered":"<p>Hazar D\u00f6nemi; t\u00fcm k\u00fclt\u00fcrel etkile\u015fimlerine, sava\u015flar\u0131na, pek \u00e7ok i\u00e7 ve d\u0131\u015f etkene ra\u011fmen y\u00fczy\u0131llar boyu \u00f6zellikle kendi k\u00fclt\u00fcrel izlerini ve sembolizmini korumu\u015f bir sanat devresine sahiptir. Hazar D\u00f6nemi, genellikle tarihsel, arkeolojik buluntular ve maddi k\u00fclt\u00fcr bak\u0131m\u0131ndan ele al\u0131nm\u0131\u015f olsa da sanat tarihi bak\u0131m\u0131ndan detayl\u0131 olarak incelenmemi\u015f; Erken Devir Orta ve \u0130\u00e7 Asya T\u00fcrk sanat\u0131, \u00f6zellikle de G\u00f6kt\u00fcrk D\u00f6nemi sanat\u0131yla ba\u011flant\u0131lar\u0131 bak\u0131m\u0131ndan yeterince de\u011ferlendirilmemi\u015ftir. Elinizdeki bu kitap, Hazar D\u00f6nemi\u2019nin G\u00f6kt\u00fcrk D\u00f6nemi\u2019yle ilgili bilinen ba\u011flant\u0131lar\u0131n\u0131n yan\u0131 s\u0131ra ilk kez bu ba\u011flant\u0131y\u0131 sanat tarihi a\u00e7\u0131s\u0131ndan g\u00f6zler \u00f6n\u00fcne sermektedir. Bu noktada Hazar D\u00f6nemi eserleri, G\u00f6kt\u00fcrk D\u00f6nemi sanat\u0131 ba\u011flant\u0131lar\u0131yla birlikte detayl\u0131 olarak de\u011ferlendirilmi\u015ftir. \u201cHazar D\u00f6nemi Sanat\u0131\u201d ba\u015fl\u0131\u011f\u0131 alt\u0131nda \u201cKale duvarlar\u0131 \u00fczerindeki tasvirler\u201d, \u201cMaden i\u015f\u00e7ili\u011fi ve sanat\u0131\u201d, \u201cKemik i\u015f\u00e7ili\u011fi ve sanat\u0131\u201d, \u201cKeramik sanat\u0131\u201d, \u201cBoncuklar\u201d ve \u201cMalaya Pere\u015fepina Hazinesi\u201dne yer verilmi\u015ftir. Bu ba\u015fl\u0131klar alt\u0131nda yer alan eserler, tasvirler G\u00f6kt\u00fcrk D\u00f6nemi ba\u015fta olmak \u00fczere Erken Devir Orta ve \u0130\u00e7 Asya T\u00fcrk sanat\u0131 bak\u0131m\u0131ndan benzerlikleri, g\u00f6rsellerle ele al\u0131nm\u0131\u015ft\u0131r. <\/p>\n","protected":false},"excerpt":{"rendered":"<p>Hazar D\u00f6nemi; t\u00fcm k\u00fclt\u00fcrel etkile\u015fimlerine, sava\u015flar\u0131na, pek \u00e7ok i\u00e7 ve d\u0131\u015f etkene ra\u011fmen y\u00fczy\u0131llar boyu \u00f6zellikle kendi k\u00fclt\u00fcrel izlerini ve sembolizmini korumu\u015f bir sanat devresine sahiptir.<span class=\"excerpt-hellip\"> [\u2026]<\/span><\/p>\n","protected":false},"featured_media":0,"template":"","meta":{"_monsterinsights_skip_tracking":false,"_monsterinsights_sitenote_active":false,"_monsterinsights_sitenote_note":"","_monsterinsights_sitenote_category":0},"product_brand":[],"product_cat":[12304],"product_tag":[],"class_list":{"0":"post-761788","1":"product","2":"type-product","3":"status-publish","5":"product_cat-tarih","6":"pa_cilt-ciltsiz","7":"pa_tur-kitap","8":"pa_yayinevi-yeditepe-yayinevi","9":"pa_yazar-jale-ozlem-oktay-cerezci","11":"first","12":"instock","13":"sale","14":"shipping-taxable","15":"purchasable","16":"product-type-simple"},"_links":{"self":[{"href":"https:\/\/roveyayinevi.com.tr\/index.php\/wp-json\/wp\/v2\/product\/761788","targetHints":{"allow":["GET"]}}],"collection":[{"href":"https:\/\/roveyayinevi.com.tr\/index.php\/wp-json\/wp\/v2\/product"}],"about":[{"href":"https:\/\/roveyayinevi.com.tr\/index.php\/wp-json\/wp\/v2\/types\/product"}],"wp:attachment":[{"href":"https:\/\/roveyayinevi.com.tr\/index.php\/wp-json\/wp\/v2\/media?parent=761788"}],"wp:term":[{"taxonomy":"product_brand","embeddable":true,"href":"https:\/\/roveyayinevi.com.tr\/index.php\/wp-json\/wp\/v2\/product_brand?post=761788"},{"taxonomy":"product_cat","embeddable":true,"href":"https:\/\/roveyayinevi.com.tr\/index.php\/wp-json\/wp\/v2\/product_cat?post=761788"},{"taxonomy":"product_tag","embeddable":true,"href":"https:\/\/roveyayinevi.com.tr\/index.php\/wp-json\/wp\/v2\/product_tag?post=761788"}],"curies":[{"name":"wp","href":"https:\/\/api.w.org\/{rel}","templated":true}]}}