{"id":761787,"date":"2025-08-28T09:47:53","date_gmt":"2025-08-28T06:47:53","guid":{"rendered":"https:\/\/roveyayinevi.com.tr\/index.php\/urun\/yikim-kralligi\/"},"modified":"2026-04-15T03:27:02","modified_gmt":"2026-04-15T00:27:02","slug":"yikim-kralligi","status":"publish","type":"product","link":"https:\/\/roveyayinevi.com.tr\/index.php\/urun\/yikim-kralligi\/","title":{"rendered":"Y\u0131k\u0131m Krall\u0131\u011f\u0131"},"content":{"rendered":"<p>SAKIN RUHUNU \u0130BL\u0130S KRAL\u2019A SATMA Art\u0131k \u00e7ok ge\u00e7ti. Krall\u0131\u011f\u0131m\u0131 ve sevdi\u011fim insanlar\u0131 kurtarmak i\u00e7in Nyfain\u2019in ba\u015flatt\u0131\u011f\u0131 i\u015fi bitirmek zorundayd\u0131m\u2026 Ama bu i\u015fin sonunda kendi y\u0131k\u0131m\u0131ma neden olacakt\u0131m. Ya\u015fayan en kurnaz yarat\u0131kla bir pazarl\u0131k yapm\u0131\u015ft\u0131m. Krall\u0131\u011f\u0131ma kar\u015f\u0131l\u0131k ben. Zindanlar art\u0131k yeni evimdi. Dolion\u2019un y\u0131k\u0131m\u0131ysa s\u0131radaki hedefim olacakt\u0131. Bir an \u00f6nce bu i\u015fi bitirip Alt\u0131n Ejderham\u0131n yan\u0131na d\u00f6nmek istiyordum. Mu\u0308mku\u0308nse sa\u011f salim. <\/p>\n","protected":false},"excerpt":{"rendered":"<p>SAKIN RUHUNU \u0130BL\u0130S KRAL\u2019A SATMA Art\u0131k \u00e7ok ge\u00e7ti. Krall\u0131\u011f\u0131m\u0131 ve sevdi\u011fim insanlar\u0131 kurtarmak i\u00e7in Nyfain\u2019in ba\u015flatt\u0131\u011f\u0131 i\u015fi bitirmek zorundayd\u0131m\u2026 Ama bu i\u015fin sonunda kendi y\u0131k\u0131m\u0131ma neden<span class=\"excerpt-hellip\"> [\u2026]<\/span><\/p>\n","protected":false},"featured_media":0,"template":"","meta":{"_monsterinsights_skip_tracking":false,"_monsterinsights_sitenote_active":false,"_monsterinsights_sitenote_note":"","_monsterinsights_sitenote_category":0},"product_brand":[],"product_cat":[12291,14777],"product_tag":[],"class_list":{"0":"post-761787","1":"product","2":"type-product","3":"status-publish","5":"product_cat-edebiyat","6":"product_cat-fantastik","7":"pa_cilt-ciltsiz","8":"pa_tur-kitap","9":"pa_yayinevi-olimpos-yayinlari","10":"pa_yazar-k-f-breene","12":"first","13":"instock","14":"sale","15":"shipping-taxable","16":"purchasable","17":"product-type-simple"},"_links":{"self":[{"href":"https:\/\/roveyayinevi.com.tr\/index.php\/wp-json\/wp\/v2\/product\/761787","targetHints":{"allow":["GET"]}}],"collection":[{"href":"https:\/\/roveyayinevi.com.tr\/index.php\/wp-json\/wp\/v2\/product"}],"about":[{"href":"https:\/\/roveyayinevi.com.tr\/index.php\/wp-json\/wp\/v2\/types\/product"}],"wp:attachment":[{"href":"https:\/\/roveyayinevi.com.tr\/index.php\/wp-json\/wp\/v2\/media?parent=761787"}],"wp:term":[{"taxonomy":"product_brand","embeddable":true,"href":"https:\/\/roveyayinevi.com.tr\/index.php\/wp-json\/wp\/v2\/product_brand?post=761787"},{"taxonomy":"product_cat","embeddable":true,"href":"https:\/\/roveyayinevi.com.tr\/index.php\/wp-json\/wp\/v2\/product_cat?post=761787"},{"taxonomy":"product_tag","embeddable":true,"href":"https:\/\/roveyayinevi.com.tr\/index.php\/wp-json\/wp\/v2\/product_tag?post=761787"}],"curies":[{"name":"wp","href":"https:\/\/api.w.org\/{rel}","templated":true}]}}