{"id":761786,"date":"2025-08-28T09:47:51","date_gmt":"2025-08-28T06:47:51","guid":{"rendered":"https:\/\/roveyayinevi.com.tr\/index.php\/urun\/turkiye-tartismalari\/"},"modified":"2026-04-15T03:27:02","modified_gmt":"2026-04-15T00:27:02","slug":"turkiye-tartismalari","status":"publish","type":"product","link":"https:\/\/roveyayinevi.com.tr\/index.php\/urun\/turkiye-tartismalari\/","title":{"rendered":"T\u00fcrkiye Tart\u0131\u015fmalar\u0131"},"content":{"rendered":"<p>T\u00fcrkiye\u2019nin de\u011fi\u015fim a\u00e7\u0131s\u0131ndan \u00f6nemli bir tarihsel kav\u015fa\u011fa vard\u0131\u011f\u0131 bug\u00fcn, \u00fclkenin siyaseten izleyece\u011fi rotan\u0131n ge\u00e7mi\u015fin ele\u015ftirel muhasebesinden hareketle belirlenece\u011fini iddia eden Prof. Vedat Bilgin T\u00fcrkiye Tart\u0131\u015fmalar\u0131\u2019nda, bu muhasebesini belirli hipotezler alt\u0131nda tart\u0131\u015fma a\u00e7\u0131yor. Bat\u0131l\u0131\u015fmadan moderniteye uzanan tarihsel s\u00fcreci devlet ve toplum aras\u0131ndaki ili\u015fkilerden ayd\u0131nlar\u0131n konumlan\u0131\u015flar\u0131na, partilerin olu\u015fum s\u00fcre\u00e7lerinden T\u00fcrkiye\u2019nin de\u011fi\u015fim hatt\u0131n\u0131n \u00e7eli\u015fkili dinamiklerine kadar uzanan etrafl\u0131 bir \u00e7er\u00e7evede irdeliyor ve bug\u00fcn ya\u015fanan zihniyet d\u00f6n\u00fc\u015f\u00fcm\u00fcn\u00fc kendi bak\u0131\u015f a\u00e7\u0131s\u0131yla gerek\u00e7elendiriyor. \u201cHer olaya benzeri yorumlar yapan, farkl\u0131 d\u00fc\u015f\u00fcnmeyi ve yeni sorular sormay\u0131 bir tarafa b\u0131rakanlar\u0131n bu \u00e7al\u0131\u015fmadan ho\u015flanmayacaklar\u0131 a\u00e7\u0131kt\u0131r fakat bildiklerimizin sorgulanmas\u0131, ba\u015fka bir y\u00f6ntemle yorumsanmas\u0131na g\u00f6sterece\u011fimiz tahamm\u00fcl yeni sorulara oldu\u011fu kadar yeni cevaplara ula\u015fmam\u0131za da katk\u0131 yapabilir,\u201d diyor yazar.\u201cBu \u00e7al\u0131\u015fma, T\u00fcrk toplumunun ya\u015fad\u0131\u011f\u0131 toplumsal yap\u0131 de\u011fi\u015fmeleri ba\u011flam\u0131nda ya\u015fanan siyasal olaylar\u0131, ekonomi-politik boyutlar\u0131 itibariyle analiz etmek, sorunlar\u0131n anla\u015f\u0131lmas\u0131 ve muhtelif \u00e7\u0131k\u0131\u015f yollar\u0131n\u0131n tart\u0131\u015f\u0131lmas\u0131 maksad\u0131yla yap\u0131lm\u0131\u015ft\u0131r. Bu bak\u0131mdan bu kitap bir tarih ya da bir ekonomi \u00e7al\u0131\u015fmas\u0131 de\u011fil, i\u00e7inde ya\u015fad\u0131\u011f\u0131m\u0131z olaylar\u0131n, yap\u0131lan tart\u0131\u015fmalar\u0131n tarihsel zeminini ve yap\u0131sal de\u011fi\u015fmeler i\u00e7indeki analizinin ekonomi politi\u011fe uzanan boyutlar\u0131n\u0131n ara\u015ft\u0131rmas\u0131n\u0131 i\u00e7ermektedir.\u015eimdiye kadar adeta tart\u0131\u015f\u0131lmadan, ezberlenmi\u015f do\u011frular olarak kabul edilen hususlar\u0131 sorgulayan, \u00e7o\u011fu kere ge\u00e7ersizli\u011fini veya tam aksi y\u00f6ndeki olgular\u0131n ortaya \u00e7\u0131kmas\u0131n\u0131 sa\u011flayan yeni hipotezler ortaya at\u0131lm\u0131\u015f, bunlar s\u0131ras\u0131yla ele al\u0131n\u0131p incelenip, tart\u0131\u015f\u0131larak belli neticelere ula\u015f\u0131lm\u0131\u015ft\u0131r.\u201d<\/p>\n","protected":false},"excerpt":{"rendered":"<p>T\u00fcrkiye\u2019nin de\u011fi\u015fim a\u00e7\u0131s\u0131ndan \u00f6nemli bir tarihsel kav\u015fa\u011fa vard\u0131\u011f\u0131 bug\u00fcn, \u00fclkenin siyaseten izleyece\u011fi rotan\u0131n ge\u00e7mi\u015fin ele\u015ftirel muhasebesinden hareketle belirlenece\u011fini iddia eden Prof. Vedat Bilgin T\u00fcrkiye Tart\u0131\u015fmalar\u0131\u2019nda, bu<span class=\"excerpt-hellip\"> [\u2026]<\/span><\/p>\n","protected":false},"featured_media":0,"template":"","meta":{"_monsterinsights_skip_tracking":false,"_monsterinsights_sitenote_active":false,"_monsterinsights_sitenote_note":"","_monsterinsights_sitenote_category":0},"product_brand":[],"product_cat":[13590,12337],"product_tag":[],"class_list":{"0":"post-761786","1":"product","2":"type-product","3":"status-publish","5":"product_cat-arastirma-inceleme-politika-siyaset","6":"product_cat-politika-siyaset","7":"pa_cilt-ciltsiz","8":"pa_tur-kitap","9":"pa_yayinevi-alfa-yayinlari","10":"pa_yazar-vedat-bilgin","12":"first","13":"instock","14":"sale","15":"shipping-taxable","16":"purchasable","17":"product-type-simple"},"_links":{"self":[{"href":"https:\/\/roveyayinevi.com.tr\/index.php\/wp-json\/wp\/v2\/product\/761786","targetHints":{"allow":["GET"]}}],"collection":[{"href":"https:\/\/roveyayinevi.com.tr\/index.php\/wp-json\/wp\/v2\/product"}],"about":[{"href":"https:\/\/roveyayinevi.com.tr\/index.php\/wp-json\/wp\/v2\/types\/product"}],"wp:attachment":[{"href":"https:\/\/roveyayinevi.com.tr\/index.php\/wp-json\/wp\/v2\/media?parent=761786"}],"wp:term":[{"taxonomy":"product_brand","embeddable":true,"href":"https:\/\/roveyayinevi.com.tr\/index.php\/wp-json\/wp\/v2\/product_brand?post=761786"},{"taxonomy":"product_cat","embeddable":true,"href":"https:\/\/roveyayinevi.com.tr\/index.php\/wp-json\/wp\/v2\/product_cat?post=761786"},{"taxonomy":"product_tag","embeddable":true,"href":"https:\/\/roveyayinevi.com.tr\/index.php\/wp-json\/wp\/v2\/product_tag?post=761786"}],"curies":[{"name":"wp","href":"https:\/\/api.w.org\/{rel}","templated":true}]}}