{"id":761781,"date":"2025-08-28T09:47:42","date_gmt":"2025-08-28T06:47:42","guid":{"rendered":"https:\/\/roveyayinevi.com.tr\/index.php\/urun\/adim-adim-resim-yapiyorum-yesil-kapak-silinebilir-etkinlik-kitabim\/"},"modified":"2026-04-15T03:27:02","modified_gmt":"2026-04-15T00:27:02","slug":"adim-adim-resim-yapiyorum-yesil-kapak-silinebilir-etkinlik-kitabim","status":"publish","type":"product","link":"https:\/\/roveyayinevi.com.tr\/index.php\/urun\/adim-adim-resim-yapiyorum-yesil-kapak-silinebilir-etkinlik-kitabim\/","title":{"rendered":"Ad\u0131m Ad\u0131m Resim Yap\u0131yorum &#8211; Ye\u015fil Kapak &#8211; Silinebilir Etkinlik Kitab\u0131m"},"content":{"rendered":"<p>Bu kitap e\u011flenceli \u00e7izim etkinlikleri ile dolu.Resmi olu\u015fturmak i\u00e7in ad\u0131mlar\u0131 izle.Be\u011fenmedin mi ?Sil tekrar yap e\u011flenceyi katla.Sonunda harika bir resim yapm\u0131\u015f olacaks\u0131n<\/p>\n","protected":false},"excerpt":{"rendered":"<p>Bu kitap e\u011flenceli \u00e7izim etkinlikleri ile dolu.Resmi olu\u015fturmak i\u00e7in ad\u0131mlar\u0131 izle.Be\u011fenmedin mi ?Sil tekrar yap e\u011flenceyi katla.Sonunda harika bir resim yapm\u0131\u015f olacaks\u0131n<\/p>\n","protected":false},"featured_media":0,"template":"","meta":{"_monsterinsights_skip_tracking":false,"_monsterinsights_sitenote_active":false,"_monsterinsights_sitenote_note":"","_monsterinsights_sitenote_category":0},"product_brand":[],"product_cat":[12274,15842],"product_tag":[],"class_list":{"0":"post-761781","1":"product","2":"type-product","3":"status-publish","5":"product_cat-cocuk-ve-genclik-kitaplari","6":"product_cat-egitici-kitaplar","7":"pa_cilt-ciltsiz","8":"pa_tur-kitap","9":"pa_yayinevi-net-cocuk-yayinlari","10":"pa_yazar-kolektif","12":"first","13":"instock","14":"sale","15":"shipping-taxable","16":"purchasable","17":"product-type-simple"},"_links":{"self":[{"href":"https:\/\/roveyayinevi.com.tr\/index.php\/wp-json\/wp\/v2\/product\/761781","targetHints":{"allow":["GET"]}}],"collection":[{"href":"https:\/\/roveyayinevi.com.tr\/index.php\/wp-json\/wp\/v2\/product"}],"about":[{"href":"https:\/\/roveyayinevi.com.tr\/index.php\/wp-json\/wp\/v2\/types\/product"}],"wp:attachment":[{"href":"https:\/\/roveyayinevi.com.tr\/index.php\/wp-json\/wp\/v2\/media?parent=761781"}],"wp:term":[{"taxonomy":"product_brand","embeddable":true,"href":"https:\/\/roveyayinevi.com.tr\/index.php\/wp-json\/wp\/v2\/product_brand?post=761781"},{"taxonomy":"product_cat","embeddable":true,"href":"https:\/\/roveyayinevi.com.tr\/index.php\/wp-json\/wp\/v2\/product_cat?post=761781"},{"taxonomy":"product_tag","embeddable":true,"href":"https:\/\/roveyayinevi.com.tr\/index.php\/wp-json\/wp\/v2\/product_tag?post=761781"}],"curies":[{"name":"wp","href":"https:\/\/api.w.org\/{rel}","templated":true}]}}