{"id":761775,"date":"2025-08-28T09:47:31","date_gmt":"2025-08-28T06:47:31","guid":{"rendered":"https:\/\/roveyayinevi.com.tr\/index.php\/urun\/caliskan-dodo-caliskan-tasitlar\/"},"modified":"2026-04-12T03:19:17","modified_gmt":"2026-04-12T00:19:17","slug":"caliskan-dodo-caliskan-tasitlar","status":"publish","type":"product","link":"https:\/\/roveyayinevi.com.tr\/index.php\/urun\/caliskan-dodo-caliskan-tasitlar\/","title":{"rendered":"\u00c7al\u0131\u015fkan Dodo &#8211; \u00c7al\u0131\u015fkan Ta\u015f\u0131tlar"},"content":{"rendered":"<p>\u00c7ALI\u015eKAN DODO&#8217;NUN MACERALARINI \u00c7OK SEVECEK,EL\u0130N\u0130ZDEN BIRAKAMAYACAKSINIZ.<\/p>\n","protected":false},"excerpt":{"rendered":"<p>\u00c7ALI\u015eKAN DODO&#8217;NUN MACERALARINI \u00c7OK SEVECEK,EL\u0130N\u0130ZDEN BIRAKAMAYACAKSINIZ.<\/p>\n","protected":false},"featured_media":0,"template":"","meta":{"_monsterinsights_skip_tracking":false,"_monsterinsights_sitenote_active":false,"_monsterinsights_sitenote_note":"","_monsterinsights_sitenote_category":0},"product_brand":[],"product_cat":[12274,12284],"product_tag":[],"class_list":{"0":"post-761775","1":"product","2":"type-product","3":"status-publish","5":"product_cat-cocuk-ve-genclik-kitaplari","6":"product_cat-hikayeler","7":"pa_cilt-ciltsiz","8":"pa_tur-kitap","9":"pa_yayinevi-net-cocuk-yayinlari","10":"pa_yazar-kolektif","12":"first","13":"instock","14":"sale","15":"shipping-taxable","16":"purchasable","17":"product-type-simple"},"_links":{"self":[{"href":"https:\/\/roveyayinevi.com.tr\/index.php\/wp-json\/wp\/v2\/product\/761775","targetHints":{"allow":["GET"]}}],"collection":[{"href":"https:\/\/roveyayinevi.com.tr\/index.php\/wp-json\/wp\/v2\/product"}],"about":[{"href":"https:\/\/roveyayinevi.com.tr\/index.php\/wp-json\/wp\/v2\/types\/product"}],"wp:attachment":[{"href":"https:\/\/roveyayinevi.com.tr\/index.php\/wp-json\/wp\/v2\/media?parent=761775"}],"wp:term":[{"taxonomy":"product_brand","embeddable":true,"href":"https:\/\/roveyayinevi.com.tr\/index.php\/wp-json\/wp\/v2\/product_brand?post=761775"},{"taxonomy":"product_cat","embeddable":true,"href":"https:\/\/roveyayinevi.com.tr\/index.php\/wp-json\/wp\/v2\/product_cat?post=761775"},{"taxonomy":"product_tag","embeddable":true,"href":"https:\/\/roveyayinevi.com.tr\/index.php\/wp-json\/wp\/v2\/product_tag?post=761775"}],"curies":[{"name":"wp","href":"https:\/\/api.w.org\/{rel}","templated":true}]}}