{"id":761773,"date":"2025-08-28T09:47:27","date_gmt":"2025-08-28T06:47:27","guid":{"rendered":"https:\/\/roveyayinevi.com.tr\/index.php\/urun\/benim-ilk-sozlugum\/"},"modified":"2026-04-15T03:27:02","modified_gmt":"2026-04-15T00:27:02","slug":"benim-ilk-sozlugum","status":"publish","type":"product","link":"https:\/\/roveyayinevi.com.tr\/index.php\/urun\/benim-ilk-sozlugum\/","title":{"rendered":"Benim \u0130lk S\u00f6zl\u00fc\u011f\u00fcm"},"content":{"rendered":"<p>E\u011flenceye hangi sayfadan ba\u015flamak istersin ?Bu kitap hayvanlardan say\u0131lara,renklerden ta\u015f\u0131tlara pek \u00e7ok farkl\u0131 konuda tam bir s\u00f6zc\u00fck hazinesi.Renkli ve canl\u0131 resimleri \u00e7ocuklar i\u00e7in dikkat \u00e7ekici\u2026Konu\u015fma,d\u00fc\u015f\u00fcnme ve ili\u015fki kurma geli\u015fimine yard\u0131mc\u0131\u2026<\/p>\n","protected":false},"excerpt":{"rendered":"<p>E\u011flenceye hangi sayfadan ba\u015flamak istersin ?Bu kitap hayvanlardan say\u0131lara,renklerden ta\u015f\u0131tlara pek \u00e7ok farkl\u0131 konuda tam bir s\u00f6zc\u00fck hazinesi.Renkli ve canl\u0131 resimleri \u00e7ocuklar i\u00e7in dikkat \u00e7ekici\u2026Konu\u015fma,d\u00fc\u015f\u00fcnme ve<span class=\"excerpt-hellip\"> [\u2026]<\/span><\/p>\n","protected":false},"featured_media":0,"template":"","meta":{"_monsterinsights_skip_tracking":false,"_monsterinsights_sitenote_active":false,"_monsterinsights_sitenote_note":"","_monsterinsights_sitenote_category":0},"product_brand":[],"product_cat":[12274,12518],"product_tag":[],"class_list":{"0":"post-761773","1":"product","2":"type-product","3":"status-publish","5":"product_cat-cocuk-ve-genclik-kitaplari","6":"product_cat-okul-oncesi-kitaplar","7":"pa_cilt-ciltli","8":"pa_tur-kitap","9":"pa_yayinevi-net-cocuk-yayinlari","10":"pa_yazar-omer-canbir","12":"first","13":"instock","14":"sale","15":"shipping-taxable","16":"purchasable","17":"product-type-simple"},"_links":{"self":[{"href":"https:\/\/roveyayinevi.com.tr\/index.php\/wp-json\/wp\/v2\/product\/761773","targetHints":{"allow":["GET"]}}],"collection":[{"href":"https:\/\/roveyayinevi.com.tr\/index.php\/wp-json\/wp\/v2\/product"}],"about":[{"href":"https:\/\/roveyayinevi.com.tr\/index.php\/wp-json\/wp\/v2\/types\/product"}],"wp:attachment":[{"href":"https:\/\/roveyayinevi.com.tr\/index.php\/wp-json\/wp\/v2\/media?parent=761773"}],"wp:term":[{"taxonomy":"product_brand","embeddable":true,"href":"https:\/\/roveyayinevi.com.tr\/index.php\/wp-json\/wp\/v2\/product_brand?post=761773"},{"taxonomy":"product_cat","embeddable":true,"href":"https:\/\/roveyayinevi.com.tr\/index.php\/wp-json\/wp\/v2\/product_cat?post=761773"},{"taxonomy":"product_tag","embeddable":true,"href":"https:\/\/roveyayinevi.com.tr\/index.php\/wp-json\/wp\/v2\/product_tag?post=761773"}],"curies":[{"name":"wp","href":"https:\/\/api.w.org\/{rel}","templated":true}]}}