{"id":761763,"date":"2025-08-28T09:47:10","date_gmt":"2025-08-28T06:47:10","guid":{"rendered":"https:\/\/roveyayinevi.com.tr\/index.php\/urun\/1-yas-hikayeleri\/"},"modified":"2026-04-15T03:27:01","modified_gmt":"2026-04-15T00:27:01","slug":"1-yas-hikayeleri","status":"publish","type":"product","link":"https:\/\/roveyayinevi.com.tr\/index.php\/urun\/1-yas-hikayeleri\/","title":{"rendered":"1 Ya\u015f Hikayeleri"},"content":{"rendered":"<p>Birbirinden e\u011flenceli hik\u00e2yeler burada, sizleri bekliyor. Z\u0131playan Kanguru, G\u0131d\u0131klanan Bulut, Neredeymi\u015f, Neredeymi\u015f ve Emekleyen Asl\u0131 seninle bulu\u015fmak i\u00e7in sab\u0131rs\u0131zlan\u0131yor! Ya\u015f gruplar\u0131na \u00f6zel olarak haz\u0131rlanm\u0131\u015f bu seri ile hem \u00e7ocu\u011funuzun ya\u015f\u0131na uygun hik\u00e2yeler okuyacak hem de beraber harika zaman ge\u00e7ireceksiniz.<\/p>\n","protected":false},"excerpt":{"rendered":"<p>Birbirinden e\u011flenceli hik\u00e2yeler burada, sizleri bekliyor. Z\u0131playan Kanguru, G\u0131d\u0131klanan Bulut, Neredeymi\u015f, Neredeymi\u015f ve Emekleyen Asl\u0131 seninle bulu\u015fmak i\u00e7in sab\u0131rs\u0131zlan\u0131yor! Ya\u015f gruplar\u0131na \u00f6zel olarak haz\u0131rlanm\u0131\u015f bu seri<span class=\"excerpt-hellip\"> [\u2026]<\/span><\/p>\n","protected":false},"featured_media":0,"template":"","meta":{"_monsterinsights_skip_tracking":false,"_monsterinsights_sitenote_active":false,"_monsterinsights_sitenote_note":"","_monsterinsights_sitenote_category":0},"product_brand":[],"product_cat":[12274,12284],"product_tag":[],"class_list":{"0":"post-761763","1":"product","2":"type-product","3":"status-publish","5":"product_cat-cocuk-ve-genclik-kitaplari","6":"product_cat-hikayeler","7":"pa_cilt-ciltsiz","8":"pa_tur-kitap","9":"pa_yayinevi-net-cocuk-yayinlari","10":"pa_yazar-ayca-atci","12":"first","13":"instock","14":"sale","15":"shipping-taxable","16":"purchasable","17":"product-type-simple"},"_links":{"self":[{"href":"https:\/\/roveyayinevi.com.tr\/index.php\/wp-json\/wp\/v2\/product\/761763","targetHints":{"allow":["GET"]}}],"collection":[{"href":"https:\/\/roveyayinevi.com.tr\/index.php\/wp-json\/wp\/v2\/product"}],"about":[{"href":"https:\/\/roveyayinevi.com.tr\/index.php\/wp-json\/wp\/v2\/types\/product"}],"wp:attachment":[{"href":"https:\/\/roveyayinevi.com.tr\/index.php\/wp-json\/wp\/v2\/media?parent=761763"}],"wp:term":[{"taxonomy":"product_brand","embeddable":true,"href":"https:\/\/roveyayinevi.com.tr\/index.php\/wp-json\/wp\/v2\/product_brand?post=761763"},{"taxonomy":"product_cat","embeddable":true,"href":"https:\/\/roveyayinevi.com.tr\/index.php\/wp-json\/wp\/v2\/product_cat?post=761763"},{"taxonomy":"product_tag","embeddable":true,"href":"https:\/\/roveyayinevi.com.tr\/index.php\/wp-json\/wp\/v2\/product_tag?post=761763"}],"curies":[{"name":"wp","href":"https:\/\/api.w.org\/{rel}","templated":true}]}}