{"id":761760,"date":"2025-08-28T09:47:05","date_gmt":"2025-08-28T06:47:05","guid":{"rendered":"https:\/\/roveyayinevi.com.tr\/index.php\/urun\/boyama-kitabi-boya-kopart-tasitlar\/"},"modified":"2026-04-15T03:26:40","modified_gmt":"2026-04-15T00:26:40","slug":"boyama-kitabi-boya-kopart-tasitlar","status":"publish","type":"product","link":"https:\/\/roveyayinevi.com.tr\/index.php\/urun\/boyama-kitabi-boya-kopart-tasitlar\/","title":{"rendered":"Boyama Kitab\u0131 Boya &#8211; Kopart &#8211; Ta\u015f\u0131tlar"},"content":{"rendered":"<p>Bu boyama kitaplar\u0131 \u00e7ok e\u011flenceli !Hemen c\u0131v\u0131l c\u0131v\u0131l renklerle boyamaya ba\u015fla !Boyad\u0131\u011f\u0131n sayfalar\u0131 kolayca kopar,\u0130ster duvar\u0131na as,ister hediye et !<\/p>\n","protected":false},"excerpt":{"rendered":"<p>Bu boyama kitaplar\u0131 \u00e7ok e\u011flenceli !Hemen c\u0131v\u0131l c\u0131v\u0131l renklerle boyamaya ba\u015fla !Boyad\u0131\u011f\u0131n sayfalar\u0131 kolayca kopar,\u0130ster duvar\u0131na as,ister hediye et !<\/p>\n","protected":false},"featured_media":0,"template":"","meta":{"_monsterinsights_skip_tracking":false,"_monsterinsights_sitenote_active":false,"_monsterinsights_sitenote_note":"","_monsterinsights_sitenote_category":0},"product_brand":[],"product_cat":[12644,12274],"product_tag":[],"class_list":{"0":"post-761760","1":"product","2":"type-product","3":"status-publish","5":"product_cat-boyama-kitaplari","6":"product_cat-cocuk-ve-genclik-kitaplari","7":"pa_cilt-ciltsiz","8":"pa_tur-kitap","9":"pa_yayinevi-net-cocuk-yayinlari","10":"pa_yazar-kolektif","12":"first","13":"instock","14":"sale","15":"shipping-taxable","16":"purchasable","17":"product-type-simple"},"_links":{"self":[{"href":"https:\/\/roveyayinevi.com.tr\/index.php\/wp-json\/wp\/v2\/product\/761760","targetHints":{"allow":["GET"]}}],"collection":[{"href":"https:\/\/roveyayinevi.com.tr\/index.php\/wp-json\/wp\/v2\/product"}],"about":[{"href":"https:\/\/roveyayinevi.com.tr\/index.php\/wp-json\/wp\/v2\/types\/product"}],"wp:attachment":[{"href":"https:\/\/roveyayinevi.com.tr\/index.php\/wp-json\/wp\/v2\/media?parent=761760"}],"wp:term":[{"taxonomy":"product_brand","embeddable":true,"href":"https:\/\/roveyayinevi.com.tr\/index.php\/wp-json\/wp\/v2\/product_brand?post=761760"},{"taxonomy":"product_cat","embeddable":true,"href":"https:\/\/roveyayinevi.com.tr\/index.php\/wp-json\/wp\/v2\/product_cat?post=761760"},{"taxonomy":"product_tag","embeddable":true,"href":"https:\/\/roveyayinevi.com.tr\/index.php\/wp-json\/wp\/v2\/product_tag?post=761760"}],"curies":[{"name":"wp","href":"https:\/\/api.w.org\/{rel}","templated":true}]}}