{"id":761757,"date":"2025-08-28T09:46:59","date_gmt":"2025-08-28T06:46:59","guid":{"rendered":"https:\/\/roveyayinevi.com.tr\/index.php\/urun\/parmak-boyama-kirmizi\/"},"modified":"2026-04-15T03:26:40","modified_gmt":"2026-04-15T00:26:40","slug":"parmak-boyama-kirmizi","status":"publish","type":"product","link":"https:\/\/roveyayinevi.com.tr\/index.php\/urun\/parmak-boyama-kirmizi\/","title":{"rendered":"Parmak Boyama &#8211; K\u0131rm\u0131z\u0131"},"content":{"rendered":"<p>Minik ressamlar,Parmak Boyama ile ad\u0131m ad\u0131m talimatlar\u0131 izleyerek korsanlar,b\u00f6cekler,dinozorlar,hayvanlar ve daha nicelerini \u00e7izip boyayarak renkleri tan\u0131yacak,ince motor becerilerini geli\u015ftirecekler\u2026<\/p>\n","protected":false},"excerpt":{"rendered":"<p>Minik ressamlar,Parmak Boyama ile ad\u0131m ad\u0131m talimatlar\u0131 izleyerek korsanlar,b\u00f6cekler,dinozorlar,hayvanlar ve daha nicelerini \u00e7izip boyayarak renkleri tan\u0131yacak,ince motor becerilerini geli\u015ftirecekler\u2026<\/p>\n","protected":false},"featured_media":0,"template":"","meta":{"_monsterinsights_skip_tracking":false,"_monsterinsights_sitenote_active":false,"_monsterinsights_sitenote_note":"","_monsterinsights_sitenote_category":0},"product_brand":[],"product_cat":[12644,12274],"product_tag":[],"class_list":{"0":"post-761757","1":"product","2":"type-product","3":"status-publish","5":"product_cat-boyama-kitaplari","6":"product_cat-cocuk-ve-genclik-kitaplari","7":"pa_cilt-ciltsiz","8":"pa_tur-kitap","9":"pa_yayinevi-net-cocuk-yayinlari","10":"pa_yazar-kolektif","12":"first","13":"instock","14":"sale","15":"shipping-taxable","16":"purchasable","17":"product-type-simple"},"_links":{"self":[{"href":"https:\/\/roveyayinevi.com.tr\/index.php\/wp-json\/wp\/v2\/product\/761757","targetHints":{"allow":["GET"]}}],"collection":[{"href":"https:\/\/roveyayinevi.com.tr\/index.php\/wp-json\/wp\/v2\/product"}],"about":[{"href":"https:\/\/roveyayinevi.com.tr\/index.php\/wp-json\/wp\/v2\/types\/product"}],"wp:attachment":[{"href":"https:\/\/roveyayinevi.com.tr\/index.php\/wp-json\/wp\/v2\/media?parent=761757"}],"wp:term":[{"taxonomy":"product_brand","embeddable":true,"href":"https:\/\/roveyayinevi.com.tr\/index.php\/wp-json\/wp\/v2\/product_brand?post=761757"},{"taxonomy":"product_cat","embeddable":true,"href":"https:\/\/roveyayinevi.com.tr\/index.php\/wp-json\/wp\/v2\/product_cat?post=761757"},{"taxonomy":"product_tag","embeddable":true,"href":"https:\/\/roveyayinevi.com.tr\/index.php\/wp-json\/wp\/v2\/product_tag?post=761757"}],"curies":[{"name":"wp","href":"https:\/\/api.w.org\/{rel}","templated":true}]}}