{"id":761740,"date":"2025-08-28T09:46:30","date_gmt":"2025-08-28T06:46:30","guid":{"rendered":"https:\/\/roveyayinevi.com.tr\/index.php\/urun\/akilli-minik-surucu-sehirde-sok-tak\/"},"modified":"2026-04-15T03:26:40","modified_gmt":"2026-04-15T00:26:40","slug":"akilli-minik-surucu-sehirde-sok-tak","status":"publish","type":"product","link":"https:\/\/roveyayinevi.com.tr\/index.php\/urun\/akilli-minik-surucu-sehirde-sok-tak\/","title":{"rendered":"Ak\u0131ll\u0131 Minik S\u00fcr\u00fcc\u00fc \u015eehirde! S\u00f6k Tak"},"content":{"rendered":"<p>Her sayfada farkl\u0131 bir ara\u00e7 seni bekliyor,onlar\u0131 s\u00fcr\u00fcc\u00fcleri ile bulu\u015ftur !\u0130stersen par\u00e7alar\u0131n arkas\u0131na kendi resmini yap\u0131\u015ft\u0131r\u0131p sen de s\u00fcr\u00fcc\u00fc olabilirsin !*Ta\u015f\u0131tlar\u0131 tan\u0131ma*S\u00f6k-tak*\u0130nce motor kaslar\u0131 geli\u015ftirme.<\/p>\n","protected":false},"excerpt":{"rendered":"<p>Her sayfada farkl\u0131 bir ara\u00e7 seni bekliyor,onlar\u0131 s\u00fcr\u00fcc\u00fcleri ile bulu\u015ftur !\u0130stersen par\u00e7alar\u0131n arkas\u0131na kendi resmini yap\u0131\u015ft\u0131r\u0131p sen de s\u00fcr\u00fcc\u00fc olabilirsin !*Ta\u015f\u0131tlar\u0131 tan\u0131ma*S\u00f6k-tak*\u0130nce motor kaslar\u0131 geli\u015ftirme.<\/p>\n","protected":false},"featured_media":0,"template":"","meta":{"_monsterinsights_skip_tracking":false,"_monsterinsights_sitenote_active":false,"_monsterinsights_sitenote_note":"","_monsterinsights_sitenote_category":0},"product_brand":[],"product_cat":[12274,15842],"product_tag":[],"class_list":{"0":"post-761740","1":"product","2":"type-product","3":"status-publish","5":"product_cat-cocuk-ve-genclik-kitaplari","6":"product_cat-egitici-kitaplar","7":"pa_cilt-ciltsiz","8":"pa_tur-kitap","9":"pa_yayinevi-net-cocuk-yayinlari","10":"pa_yazar-kolektif","12":"first","13":"instock","14":"sale","15":"shipping-taxable","16":"purchasable","17":"product-type-simple"},"_links":{"self":[{"href":"https:\/\/roveyayinevi.com.tr\/index.php\/wp-json\/wp\/v2\/product\/761740","targetHints":{"allow":["GET"]}}],"collection":[{"href":"https:\/\/roveyayinevi.com.tr\/index.php\/wp-json\/wp\/v2\/product"}],"about":[{"href":"https:\/\/roveyayinevi.com.tr\/index.php\/wp-json\/wp\/v2\/types\/product"}],"wp:attachment":[{"href":"https:\/\/roveyayinevi.com.tr\/index.php\/wp-json\/wp\/v2\/media?parent=761740"}],"wp:term":[{"taxonomy":"product_brand","embeddable":true,"href":"https:\/\/roveyayinevi.com.tr\/index.php\/wp-json\/wp\/v2\/product_brand?post=761740"},{"taxonomy":"product_cat","embeddable":true,"href":"https:\/\/roveyayinevi.com.tr\/index.php\/wp-json\/wp\/v2\/product_cat?post=761740"},{"taxonomy":"product_tag","embeddable":true,"href":"https:\/\/roveyayinevi.com.tr\/index.php\/wp-json\/wp\/v2\/product_tag?post=761740"}],"curies":[{"name":"wp","href":"https:\/\/api.w.org\/{rel}","templated":true}]}}