{"id":761727,"date":"2025-08-28T09:46:08","date_gmt":"2025-08-28T06:46:08","guid":{"rendered":"https:\/\/roveyayinevi.com.tr\/index.php\/urun\/mevsimlere-dokun-dokun-hisset\/"},"modified":"2026-04-15T03:26:39","modified_gmt":"2026-04-15T00:26:39","slug":"mevsimlere-dokun-dokun-hisset","status":"publish","type":"product","link":"https:\/\/roveyayinevi.com.tr\/index.php\/urun\/mevsimlere-dokun-dokun-hisset\/","title":{"rendered":"Mevsimlere Dokun &#8211; Dokun Hisset"},"content":{"rendered":"<p>\u00c7ocuklar bu kitaplarla ;Hem dokunacakHem hissedecekHem de harika vakit ge\u00e7irirken mevsimleri ve g\u00f6ky\u00fcz\u00fcn\u00fc \u00f6\u011frenecekler\u2026<\/p>\n","protected":false},"excerpt":{"rendered":"<p>\u00c7ocuklar bu kitaplarla ;Hem dokunacakHem hissedecekHem de harika vakit ge\u00e7irirken mevsimleri ve g\u00f6ky\u00fcz\u00fcn\u00fc \u00f6\u011frenecekler\u2026<\/p>\n","protected":false},"featured_media":0,"template":"","meta":{"_monsterinsights_skip_tracking":false,"_monsterinsights_sitenote_active":false,"_monsterinsights_sitenote_note":"","_monsterinsights_sitenote_category":0},"product_brand":[],"product_cat":[15192,12274],"product_tag":[],"class_list":{"0":"post-761727","1":"product","2":"type-product","3":"status-publish","5":"product_cat-1-3-yas-kitaplari","6":"product_cat-cocuk-ve-genclik-kitaplari","7":"pa_cilt-ciltsiz","8":"pa_tur-kitap","9":"pa_yayinevi-net-cocuk-yayinlari","10":"pa_yazar-ayca-atci","12":"first","13":"instock","14":"sale","15":"shipping-taxable","16":"purchasable","17":"product-type-simple"},"_links":{"self":[{"href":"https:\/\/roveyayinevi.com.tr\/index.php\/wp-json\/wp\/v2\/product\/761727","targetHints":{"allow":["GET"]}}],"collection":[{"href":"https:\/\/roveyayinevi.com.tr\/index.php\/wp-json\/wp\/v2\/product"}],"about":[{"href":"https:\/\/roveyayinevi.com.tr\/index.php\/wp-json\/wp\/v2\/types\/product"}],"wp:attachment":[{"href":"https:\/\/roveyayinevi.com.tr\/index.php\/wp-json\/wp\/v2\/media?parent=761727"}],"wp:term":[{"taxonomy":"product_brand","embeddable":true,"href":"https:\/\/roveyayinevi.com.tr\/index.php\/wp-json\/wp\/v2\/product_brand?post=761727"},{"taxonomy":"product_cat","embeddable":true,"href":"https:\/\/roveyayinevi.com.tr\/index.php\/wp-json\/wp\/v2\/product_cat?post=761727"},{"taxonomy":"product_tag","embeddable":true,"href":"https:\/\/roveyayinevi.com.tr\/index.php\/wp-json\/wp\/v2\/product_tag?post=761727"}],"curies":[{"name":"wp","href":"https:\/\/api.w.org\/{rel}","templated":true}]}}