{"id":761717,"date":"2025-08-28T09:45:48","date_gmt":"2025-08-28T06:45:48","guid":{"rendered":"https:\/\/roveyayinevi.com.tr\/index.php\/urun\/konusan-kartlar-24-kart-24-yiyecek\/"},"modified":"2026-04-15T03:26:39","modified_gmt":"2026-04-15T00:26:39","slug":"konusan-kartlar-24-kart-24-yiyecek","status":"publish","type":"product","link":"https:\/\/roveyayinevi.com.tr\/index.php\/urun\/konusan-kartlar-24-kart-24-yiyecek\/","title":{"rendered":"Konu\u015fan Kartlar &#8211; 24 Kart 24 Yiyecek"},"content":{"rendered":"<p>Haydibeni bulrengimi s\u00f6yle.Sana kendimi anlatay\u0131m.Ne kadar faydal\u0131 ve e\u011flenceli oldu\u011fumu\u00d6\u011frendi\u011finde beni daha \u00e7ok seveceksin.<\/p>\n","protected":false},"excerpt":{"rendered":"<p>Haydibeni bulrengimi s\u00f6yle.Sana kendimi anlatay\u0131m.Ne kadar faydal\u0131 ve e\u011flenceli oldu\u011fumu\u00d6\u011frendi\u011finde beni daha \u00e7ok seveceksin.<\/p>\n","protected":false},"featured_media":0,"template":"","meta":{"_monsterinsights_skip_tracking":false,"_monsterinsights_sitenote_active":false,"_monsterinsights_sitenote_note":"","_monsterinsights_sitenote_category":0},"product_brand":[],"product_cat":[12274,15842],"product_tag":[],"class_list":{"0":"post-761717","1":"product","2":"type-product","3":"status-publish","5":"product_cat-cocuk-ve-genclik-kitaplari","6":"product_cat-egitici-kitaplar","7":"pa_cilt-ciltsiz","8":"pa_tur-kitap10","9":"pa_yayinevi-net-cocuk-yayinlari","10":"pa_yazar-kolektif","12":"first","13":"instock","14":"sale","15":"shipping-taxable","16":"purchasable","17":"product-type-simple"},"_links":{"self":[{"href":"https:\/\/roveyayinevi.com.tr\/index.php\/wp-json\/wp\/v2\/product\/761717","targetHints":{"allow":["GET"]}}],"collection":[{"href":"https:\/\/roveyayinevi.com.tr\/index.php\/wp-json\/wp\/v2\/product"}],"about":[{"href":"https:\/\/roveyayinevi.com.tr\/index.php\/wp-json\/wp\/v2\/types\/product"}],"wp:attachment":[{"href":"https:\/\/roveyayinevi.com.tr\/index.php\/wp-json\/wp\/v2\/media?parent=761717"}],"wp:term":[{"taxonomy":"product_brand","embeddable":true,"href":"https:\/\/roveyayinevi.com.tr\/index.php\/wp-json\/wp\/v2\/product_brand?post=761717"},{"taxonomy":"product_cat","embeddable":true,"href":"https:\/\/roveyayinevi.com.tr\/index.php\/wp-json\/wp\/v2\/product_cat?post=761717"},{"taxonomy":"product_tag","embeddable":true,"href":"https:\/\/roveyayinevi.com.tr\/index.php\/wp-json\/wp\/v2\/product_tag?post=761717"}],"curies":[{"name":"wp","href":"https:\/\/api.w.org\/{rel}","templated":true}]}}