{"id":761715,"date":"2025-08-28T09:45:45","date_gmt":"2025-08-28T06:45:45","guid":{"rendered":"https:\/\/roveyayinevi.com.tr\/index.php\/urun\/zitliklar-surprizli-kitaplar\/"},"modified":"2026-04-15T03:26:39","modified_gmt":"2026-04-15T00:26:39","slug":"zitliklar-surprizli-kitaplar","status":"publish","type":"product","link":"https:\/\/roveyayinevi.com.tr\/index.php\/urun\/zitliklar-surprizli-kitaplar\/","title":{"rendered":"Z\u0131tl\u0131klar &#8211; S\u00fcrprizli Kitaplar"},"content":{"rendered":"<p>S\u00fcrprizli kitaplar tam sana g\u00f6re,kapaklar\u0131 kald\u0131r cevaplar\u0131 bul.Bu kitapla z\u0131tl\u0131klar\u0131 tan\u0131mak \u00e7ok e\u011flenceli\u2026<\/p>\n","protected":false},"excerpt":{"rendered":"<p>S\u00fcrprizli kitaplar tam sana g\u00f6re,kapaklar\u0131 kald\u0131r cevaplar\u0131 bul.Bu kitapla z\u0131tl\u0131klar\u0131 tan\u0131mak \u00e7ok e\u011flenceli\u2026<\/p>\n","protected":false},"featured_media":0,"template":"","meta":{"_monsterinsights_skip_tracking":false,"_monsterinsights_sitenote_active":false,"_monsterinsights_sitenote_note":"","_monsterinsights_sitenote_category":0},"product_brand":[],"product_cat":[12274,15842],"product_tag":[],"class_list":{"0":"post-761715","1":"product","2":"type-product","3":"status-publish","5":"product_cat-cocuk-ve-genclik-kitaplari","6":"product_cat-egitici-kitaplar","7":"pa_cilt-ciltsiz","8":"pa_tur-kitap","9":"pa_yayinevi-net-cocuk-yayinlari","10":"pa_yazar-kolektif","12":"first","13":"instock","14":"sale","15":"shipping-taxable","16":"purchasable","17":"product-type-simple"},"_links":{"self":[{"href":"https:\/\/roveyayinevi.com.tr\/index.php\/wp-json\/wp\/v2\/product\/761715","targetHints":{"allow":["GET"]}}],"collection":[{"href":"https:\/\/roveyayinevi.com.tr\/index.php\/wp-json\/wp\/v2\/product"}],"about":[{"href":"https:\/\/roveyayinevi.com.tr\/index.php\/wp-json\/wp\/v2\/types\/product"}],"wp:attachment":[{"href":"https:\/\/roveyayinevi.com.tr\/index.php\/wp-json\/wp\/v2\/media?parent=761715"}],"wp:term":[{"taxonomy":"product_brand","embeddable":true,"href":"https:\/\/roveyayinevi.com.tr\/index.php\/wp-json\/wp\/v2\/product_brand?post=761715"},{"taxonomy":"product_cat","embeddable":true,"href":"https:\/\/roveyayinevi.com.tr\/index.php\/wp-json\/wp\/v2\/product_cat?post=761715"},{"taxonomy":"product_tag","embeddable":true,"href":"https:\/\/roveyayinevi.com.tr\/index.php\/wp-json\/wp\/v2\/product_tag?post=761715"}],"curies":[{"name":"wp","href":"https:\/\/api.w.org\/{rel}","templated":true}]}}