{"id":761714,"date":"2025-08-28T09:45:43","date_gmt":"2025-08-28T06:45:43","guid":{"rendered":"https:\/\/roveyayinevi.com.tr\/index.php\/urun\/surprizli-kitaplar-renkler\/"},"modified":"2026-04-01T03:18:57","modified_gmt":"2026-04-01T00:18:57","slug":"surprizli-kitaplar-renkler","status":"publish","type":"product","link":"https:\/\/roveyayinevi.com.tr\/index.php\/urun\/surprizli-kitaplar-renkler\/","title":{"rendered":"S\u00fcrprizli Kitaplar-Renkler"},"content":{"rendered":"<p>S\u00fcrprizli kitaplar tam sana g\u00f6re!Kapaklar\u0131 kald\u0131r cevaplar\u0131 bul.Bu kitapla renkleri tan\u0131mak \u00e7ok e\u011flenceli<\/p>\n","protected":false},"excerpt":{"rendered":"<p>S\u00fcrprizli kitaplar tam sana g\u00f6re!Kapaklar\u0131 kald\u0131r cevaplar\u0131 bul.Bu kitapla renkleri tan\u0131mak \u00e7ok e\u011flenceli<\/p>\n","protected":false},"featured_media":0,"template":"","meta":{"_monsterinsights_skip_tracking":false,"_monsterinsights_sitenote_active":false,"_monsterinsights_sitenote_note":"","_monsterinsights_sitenote_category":0},"product_brand":[],"product_cat":[12274,15842],"product_tag":[],"class_list":{"0":"post-761714","1":"product","2":"type-product","3":"status-publish","5":"product_cat-cocuk-ve-genclik-kitaplari","6":"product_cat-egitici-kitaplar","7":"pa_cilt-ciltsiz","8":"pa_tur-kitap","9":"pa_yayinevi-net-cocuk-yayinlari","10":"pa_yazar-kolektif","12":"first","13":"instock","14":"sale","15":"shipping-taxable","16":"purchasable","17":"product-type-simple"},"_links":{"self":[{"href":"https:\/\/roveyayinevi.com.tr\/index.php\/wp-json\/wp\/v2\/product\/761714","targetHints":{"allow":["GET"]}}],"collection":[{"href":"https:\/\/roveyayinevi.com.tr\/index.php\/wp-json\/wp\/v2\/product"}],"about":[{"href":"https:\/\/roveyayinevi.com.tr\/index.php\/wp-json\/wp\/v2\/types\/product"}],"wp:attachment":[{"href":"https:\/\/roveyayinevi.com.tr\/index.php\/wp-json\/wp\/v2\/media?parent=761714"}],"wp:term":[{"taxonomy":"product_brand","embeddable":true,"href":"https:\/\/roveyayinevi.com.tr\/index.php\/wp-json\/wp\/v2\/product_brand?post=761714"},{"taxonomy":"product_cat","embeddable":true,"href":"https:\/\/roveyayinevi.com.tr\/index.php\/wp-json\/wp\/v2\/product_cat?post=761714"},{"taxonomy":"product_tag","embeddable":true,"href":"https:\/\/roveyayinevi.com.tr\/index.php\/wp-json\/wp\/v2\/product_tag?post=761714"}],"curies":[{"name":"wp","href":"https:\/\/api.w.org\/{rel}","templated":true}]}}