{"id":761710,"date":"2025-08-28T09:45:37","date_gmt":"2025-08-28T06:45:37","guid":{"rendered":"https:\/\/roveyayinevi.com.tr\/index.php\/urun\/hayvanlar-12-18-ay-ilk-adimlar\/"},"modified":"2026-04-15T03:26:39","modified_gmt":"2026-04-15T00:26:39","slug":"hayvanlar-12-18-ay-ilk-adimlar","status":"publish","type":"product","link":"https:\/\/roveyayinevi.com.tr\/index.php\/urun\/hayvanlar-12-18-ay-ilk-adimlar\/","title":{"rendered":"Hayvanlar (12-18 Ay) \u0130lk Ad\u0131mlar"},"content":{"rendered":"<p>\u0130lk Ad\u0131mlar Dizisi&#8217;nin her kitab\u0131 \u00e7ocuklar\u0131n geli\u015fim evreleri dikkate al\u0131narak tasarlanm\u0131\u015ft\u0131r.\u0130lk Ad\u0131mlar dizisi \u00e7ocu\u011funuzun s\u00f6zc\u00fck da\u011farc\u0131\u011f\u0131n\u0131 zenginle\u015ftirir, yak\u0131n \u00e7evresini tan\u0131mas\u0131n\u0131 sa\u011flar.Kitab\u0131 onunla birlikte a\u00e7arak resimlerde ne g\u00f6rd\u00fc\u011f\u00fcn\u00fc sorabilirsiniz. Her sayfan\u0131n alt\u0131ndaki sorular\u0131 yan\u0131tlamaya\u00e7al\u0131\u015f\u0131rken hem \u00e7ok e\u011flenecek hem de yak\u0131n \u00e7evresiyle ilgili bilgileri zenginle\u015fecektir.<\/p>\n","protected":false},"excerpt":{"rendered":"<p>\u0130lk Ad\u0131mlar Dizisi&#8217;nin her kitab\u0131 \u00e7ocuklar\u0131n geli\u015fim evreleri dikkate al\u0131narak tasarlanm\u0131\u015ft\u0131r.\u0130lk Ad\u0131mlar dizisi \u00e7ocu\u011funuzun s\u00f6zc\u00fck da\u011farc\u0131\u011f\u0131n\u0131 zenginle\u015ftirir, yak\u0131n \u00e7evresini tan\u0131mas\u0131n\u0131 sa\u011flar.Kitab\u0131 onunla birlikte a\u00e7arak resimlerde ne<span class=\"excerpt-hellip\"> [\u2026]<\/span><\/p>\n","protected":false},"featured_media":0,"template":"","meta":{"_monsterinsights_skip_tracking":false,"_monsterinsights_sitenote_active":false,"_monsterinsights_sitenote_note":"","_monsterinsights_sitenote_category":0},"product_brand":[],"product_cat":[12274,15842],"product_tag":[],"class_list":{"0":"post-761710","1":"product","2":"type-product","3":"status-publish","5":"product_cat-cocuk-ve-genclik-kitaplari","6":"product_cat-egitici-kitaplar","7":"pa_cilt-ciltsiz","8":"pa_tur-kitap","9":"pa_yayinevi-net-cocuk-yayinlari","10":"pa_yazar-kolektif","12":"first","13":"instock","14":"sale","15":"shipping-taxable","16":"purchasable","17":"product-type-simple"},"_links":{"self":[{"href":"https:\/\/roveyayinevi.com.tr\/index.php\/wp-json\/wp\/v2\/product\/761710","targetHints":{"allow":["GET"]}}],"collection":[{"href":"https:\/\/roveyayinevi.com.tr\/index.php\/wp-json\/wp\/v2\/product"}],"about":[{"href":"https:\/\/roveyayinevi.com.tr\/index.php\/wp-json\/wp\/v2\/types\/product"}],"wp:attachment":[{"href":"https:\/\/roveyayinevi.com.tr\/index.php\/wp-json\/wp\/v2\/media?parent=761710"}],"wp:term":[{"taxonomy":"product_brand","embeddable":true,"href":"https:\/\/roveyayinevi.com.tr\/index.php\/wp-json\/wp\/v2\/product_brand?post=761710"},{"taxonomy":"product_cat","embeddable":true,"href":"https:\/\/roveyayinevi.com.tr\/index.php\/wp-json\/wp\/v2\/product_cat?post=761710"},{"taxonomy":"product_tag","embeddable":true,"href":"https:\/\/roveyayinevi.com.tr\/index.php\/wp-json\/wp\/v2\/product_tag?post=761710"}],"curies":[{"name":"wp","href":"https:\/\/api.w.org\/{rel}","templated":true}]}}