{"id":761692,"date":"2025-08-28T09:45:03","date_gmt":"2025-08-28T06:45:03","guid":{"rendered":"https:\/\/roveyayinevi.com.tr\/index.php\/urun\/dans-eden-agac-oyunlu-masal-kitabim\/"},"modified":"2026-04-15T03:26:39","modified_gmt":"2026-04-15T00:26:39","slug":"dans-eden-agac-oyunlu-masal-kitabim","status":"publish","type":"product","link":"https:\/\/roveyayinevi.com.tr\/index.php\/urun\/dans-eden-agac-oyunlu-masal-kitabim\/","title":{"rendered":"Dans Eden A\u011fa\u00e7-Oyunlu Masal Kitab\u0131m"},"content":{"rendered":"<p>S\u0131caktan bunalan koyunlar\u0131n istedi\u011fi tek \u015fey biraz a\u011fa\u00e7 g\u00f6lgesiydi\u2026.Oysa bizim a\u011fac\u0131m\u0131z kendini r\u00fczgara kapt\u0131rm\u0131\u015f dans ediyordu.\u00c7ocuklara g\u00f6lgeyi ve y\u00f6nleri anlatman\u0131n en kolay yolu\u2026\u201cSa\u011f tarafa hop,Sol tarafa hop\u201d\u0130\u00e7indeki etkinliklerle ailece,dramalarda s\u0131n\u0131f\u00e7a e\u011flenebilece\u011finizDans eden bir a\u011fac\u0131n masal\u0131\u2026\u0130lk sayfadaki a\u011fac\u0131n g\u00f6zlerini ve a\u011fz\u0131n\u0131 yap\u0131\u015ft\u0131r,masal\u0131na ba\u015fla!\u201c\u015eimdi ayaklar,sallans\u0131n dallar!\u201d<\/p>\n","protected":false},"excerpt":{"rendered":"<p>S\u0131caktan bunalan koyunlar\u0131n istedi\u011fi tek \u015fey biraz a\u011fa\u00e7 g\u00f6lgesiydi\u2026.Oysa bizim a\u011fac\u0131m\u0131z kendini r\u00fczgara kapt\u0131rm\u0131\u015f dans ediyordu.\u00c7ocuklara g\u00f6lgeyi ve y\u00f6nleri anlatman\u0131n en kolay yolu\u2026\u201cSa\u011f tarafa hop,Sol tarafa<span class=\"excerpt-hellip\"> [\u2026]<\/span><\/p>\n","protected":false},"featured_media":0,"template":"","meta":{"_monsterinsights_skip_tracking":false,"_monsterinsights_sitenote_active":false,"_monsterinsights_sitenote_note":"","_monsterinsights_sitenote_category":0},"product_brand":[],"product_cat":[12274,12523],"product_tag":[],"class_list":{"0":"post-761692","1":"product","2":"type-product","3":"status-publish","5":"product_cat-cocuk-ve-genclik-kitaplari","6":"product_cat-masallar","7":"pa_cilt-ciltsiz","8":"pa_tur-kitap","9":"pa_yayinevi-net-cocuk-yayinlari","10":"pa_yazar-ozge-selcuk-bozkurt","12":"first","13":"instock","14":"sale","15":"shipping-taxable","16":"purchasable","17":"product-type-simple"},"_links":{"self":[{"href":"https:\/\/roveyayinevi.com.tr\/index.php\/wp-json\/wp\/v2\/product\/761692","targetHints":{"allow":["GET"]}}],"collection":[{"href":"https:\/\/roveyayinevi.com.tr\/index.php\/wp-json\/wp\/v2\/product"}],"about":[{"href":"https:\/\/roveyayinevi.com.tr\/index.php\/wp-json\/wp\/v2\/types\/product"}],"wp:attachment":[{"href":"https:\/\/roveyayinevi.com.tr\/index.php\/wp-json\/wp\/v2\/media?parent=761692"}],"wp:term":[{"taxonomy":"product_brand","embeddable":true,"href":"https:\/\/roveyayinevi.com.tr\/index.php\/wp-json\/wp\/v2\/product_brand?post=761692"},{"taxonomy":"product_cat","embeddable":true,"href":"https:\/\/roveyayinevi.com.tr\/index.php\/wp-json\/wp\/v2\/product_cat?post=761692"},{"taxonomy":"product_tag","embeddable":true,"href":"https:\/\/roveyayinevi.com.tr\/index.php\/wp-json\/wp\/v2\/product_tag?post=761692"}],"curies":[{"name":"wp","href":"https:\/\/api.w.org\/{rel}","templated":true}]}}