{"id":761681,"date":"2025-08-28T09:44:42","date_gmt":"2025-08-28T06:44:42","guid":{"rendered":"https:\/\/roveyayinevi.com.tr\/index.php\/urun\/cocugumla-evdeyim-0-12-ay-gelisim-takipli-oyunlar\/"},"modified":"2026-04-15T03:26:38","modified_gmt":"2026-04-15T00:26:38","slug":"cocugumla-evdeyim-0-12-ay-gelisim-takipli-oyunlar","status":"publish","type":"product","link":"https:\/\/roveyayinevi.com.tr\/index.php\/urun\/cocugumla-evdeyim-0-12-ay-gelisim-takipli-oyunlar\/","title":{"rendered":"\u00c7ocu\u011fumla Evdeyim 0-12 Ay Geli\u015fim Takipli Oyunlar"},"content":{"rendered":"<p>K\u00fc\u00e7\u00fck bir bebek d\u00fcnyan\u0131n en b\u00fcy\u00fck mucizesidir! Ve o b\u00fcy\u00fck mucize d\u00fcnyaya geldi\u011finde daha da b\u00fcy\u00fck bir mucizeye ihtiya\u00e7 duyar;Geli\u015fimine destek olacak,ya\u015fam yolunda iyi bir rehber rol\u00fc oynayacak \u201canne ve baba\u2019ya\u201d. Elinizde tuttu\u011funuz kitap,ya\u015fam\u0131n\u0131n en kritik d\u00f6neminde bebe\u011finizle tan\u0131\u015fmak,onun ihtiya\u00e7lar\u0131n\u0131n fark\u0131na varmak,geli\u015fimini desteklemek,geli\u015fiminde bir gecikme varsa h\u0131zla fark etmek,onunla ilk ileti\u015fimi sa\u011fl\u0131kl\u0131 kurmak,beraber nitelikli zaman ge\u00e7irmeyi \u00f6\u011frenmek i\u00e7in size yol g\u00f6sterecek.Sevgili \u00d6zge SEL\u00c7UK BOZKURT uzun y\u0131llard\u0131r biriktirdi\u011fi deneyimlerini,c\u0131v\u0131l c\u0131v\u0131l,p\u0131r\u0131l p\u0131r\u0131l,keyifli bir kaynak haline getirmi\u015f.Y\u00fcre\u011fine eme\u011fine sa\u011fl\u0131k.-Prof.Dr. \u0130smihan ARTAN-Bir kad\u0131n d\u00fc\u015f\u00fcn\u00fcn daha yeni anne olmu\u015f.Bebe\u011fini kollar\u0131na alm\u0131\u015f,kokusunu i\u00e7ine \u00e7ekmi\u015f ve tam o anda i\u00e7ini huzurla kar\u0131\u015f\u0131k bir endi\u015fe kaplam\u0131\u015f.\u201dBu bebek nas\u0131l b\u00fcy\u00fcyecek?\u201d, \u201cGeli\u015fimini desteklemek i\u00e7in ben ne yapaca\u011f\u0131m?\u201dHangimiz ya\u015famad\u0131k ki bu kayg\u0131lar\u0131? \u0130\u015fte elinizde tuttu\u011funuz bu kitap i\u00e7imize su serpiyor.Bebeklerin ay ay geli\u015fim \u00f6zelliklerini g\u00f6zler \u00f6n\u00fcne seriyor.Hangi ayda bebe\u011fimizin neleri yapabilece\u011fini a\u00e7\u0131k ve net olarak g\u00f6r\u00fcyoruz.Bunun yan\u0131nda evde bebe\u011fimizin geli\u015fimini destekleyebilece\u011fimiz,basit ve uygulanabilir etkinlik \u00f6nerileriyle \u201c0-12 ay aral\u0131\u011f\u0131ndaki bebe\u011fimle ne oynayabilirim\u201d sorusunun cevab\u0131 da sayfalar aras\u0131na saklanm\u0131\u015f sizleri bekliyor.Bebeklik d\u00f6nemi ile ilgili \u00f6nemli \u00e7al\u0131\u015fmalara imza atm\u0131\u015f olan yazar\u0131n bu eseri alan\u0131nda ilklerden birisi olma \u00f6zelli\u011fi ta\u015f\u0131maktad\u0131r.Yazar\u0131 tebrik ediyor,ba\u015far\u0131lar\u0131n\u0131n katlanarak artmas\u0131n\u0131 diliyorum.-Do\u00e7.Dr. Saniye BENC\u0130K KANGAL (Akademisyen Anne)-<\/p>\n","protected":false},"excerpt":{"rendered":"<p>K\u00fc\u00e7\u00fck bir bebek d\u00fcnyan\u0131n en b\u00fcy\u00fck mucizesidir! Ve o b\u00fcy\u00fck mucize d\u00fcnyaya geldi\u011finde daha da b\u00fcy\u00fck bir mucizeye ihtiya\u00e7 duyar;Geli\u015fimine destek olacak,ya\u015fam yolunda iyi bir rehber<span class=\"excerpt-hellip\"> [\u2026]<\/span><\/p>\n","protected":false},"featured_media":0,"template":"","meta":{"_monsterinsights_skip_tracking":false,"_monsterinsights_sitenote_active":false,"_monsterinsights_sitenote_note":"","_monsterinsights_sitenote_category":0},"product_brand":[],"product_cat":[12274,15842],"product_tag":[],"class_list":{"0":"post-761681","1":"product","2":"type-product","3":"status-publish","5":"product_cat-cocuk-ve-genclik-kitaplari","6":"product_cat-egitici-kitaplar","7":"pa_cilt-ciltsiz","8":"pa_tur-kitap","9":"pa_yayinevi-net-cocuk-yayinlari","10":"pa_yazar-ozge-selcuk-bozkurt","12":"first","13":"instock","14":"sale","15":"shipping-taxable","16":"purchasable","17":"product-type-simple"},"_links":{"self":[{"href":"https:\/\/roveyayinevi.com.tr\/index.php\/wp-json\/wp\/v2\/product\/761681","targetHints":{"allow":["GET"]}}],"collection":[{"href":"https:\/\/roveyayinevi.com.tr\/index.php\/wp-json\/wp\/v2\/product"}],"about":[{"href":"https:\/\/roveyayinevi.com.tr\/index.php\/wp-json\/wp\/v2\/types\/product"}],"wp:attachment":[{"href":"https:\/\/roveyayinevi.com.tr\/index.php\/wp-json\/wp\/v2\/media?parent=761681"}],"wp:term":[{"taxonomy":"product_brand","embeddable":true,"href":"https:\/\/roveyayinevi.com.tr\/index.php\/wp-json\/wp\/v2\/product_brand?post=761681"},{"taxonomy":"product_cat","embeddable":true,"href":"https:\/\/roveyayinevi.com.tr\/index.php\/wp-json\/wp\/v2\/product_cat?post=761681"},{"taxonomy":"product_tag","embeddable":true,"href":"https:\/\/roveyayinevi.com.tr\/index.php\/wp-json\/wp\/v2\/product_tag?post=761681"}],"curies":[{"name":"wp","href":"https:\/\/api.w.org\/{rel}","templated":true}]}}