{"id":761680,"date":"2025-08-28T09:44:40","date_gmt":"2025-08-28T06:44:40","guid":{"rendered":"https:\/\/roveyayinevi.com.tr\/index.php\/urun\/12-klasik-masal\/"},"modified":"2026-04-15T03:26:38","modified_gmt":"2026-04-15T00:26:38","slug":"12-klasik-masal","status":"publish","type":"product","link":"https:\/\/roveyayinevi.com.tr\/index.php\/urun\/12-klasik-masal\/","title":{"rendered":"12 Klasik Masal"},"content":{"rendered":"<p>\u0130\u00e7indekiler:1- \u00c7irkin \u00d6rdek Yavrusu2- K\u0131rm\u0131z\u0131 Ba\u015fl\u0131kl\u0131 K\u0131z3- Pamuk Prenses4- Pinokyo5- \u00c7izmeli Kedi6- \u00dc\u00e7 K\u00fc\u00e7\u00fck Domu7- K\u00fclkedisi8- Bambi9- Devin Sihirli \u00c7izmeleri10- Ta\u015fa Sapl\u0131 K\u0131l\u0131\u00e711- Orman \u00c7ocu\u011fu12- Peter Pan<\/p>\n","protected":false},"excerpt":{"rendered":"<p>\u0130\u00e7indekiler:1- \u00c7irkin \u00d6rdek Yavrusu2- K\u0131rm\u0131z\u0131 Ba\u015fl\u0131kl\u0131 K\u0131z3- Pamuk Prenses4- Pinokyo5- \u00c7izmeli Kedi6- \u00dc\u00e7 K\u00fc\u00e7\u00fck Domu7- K\u00fclkedisi8- Bambi9- Devin Sihirli \u00c7izmeleri10- Ta\u015fa Sapl\u0131 K\u0131l\u0131\u00e711- Orman \u00c7ocu\u011fu12- Peter<span class=\"excerpt-hellip\"> [\u2026]<\/span><\/p>\n","protected":false},"featured_media":0,"template":"","meta":{"_monsterinsights_skip_tracking":false,"_monsterinsights_sitenote_active":false,"_monsterinsights_sitenote_note":"","_monsterinsights_sitenote_category":0},"product_brand":[],"product_cat":[12274,12523],"product_tag":[],"class_list":{"0":"post-761680","1":"product","2":"type-product","3":"status-publish","5":"product_cat-cocuk-ve-genclik-kitaplari","6":"product_cat-masallar","7":"pa_cilt-ciltli","8":"pa_tur-kitap","9":"pa_yayinevi-net-cocuk-yayinlari","10":"pa_yazar-kolektif","12":"first","13":"instock","14":"sale","15":"shipping-taxable","16":"purchasable","17":"product-type-simple"},"_links":{"self":[{"href":"https:\/\/roveyayinevi.com.tr\/index.php\/wp-json\/wp\/v2\/product\/761680","targetHints":{"allow":["GET"]}}],"collection":[{"href":"https:\/\/roveyayinevi.com.tr\/index.php\/wp-json\/wp\/v2\/product"}],"about":[{"href":"https:\/\/roveyayinevi.com.tr\/index.php\/wp-json\/wp\/v2\/types\/product"}],"wp:attachment":[{"href":"https:\/\/roveyayinevi.com.tr\/index.php\/wp-json\/wp\/v2\/media?parent=761680"}],"wp:term":[{"taxonomy":"product_brand","embeddable":true,"href":"https:\/\/roveyayinevi.com.tr\/index.php\/wp-json\/wp\/v2\/product_brand?post=761680"},{"taxonomy":"product_cat","embeddable":true,"href":"https:\/\/roveyayinevi.com.tr\/index.php\/wp-json\/wp\/v2\/product_cat?post=761680"},{"taxonomy":"product_tag","embeddable":true,"href":"https:\/\/roveyayinevi.com.tr\/index.php\/wp-json\/wp\/v2\/product_tag?post=761680"}],"curies":[{"name":"wp","href":"https:\/\/api.w.org\/{rel}","templated":true}]}}